{"id":21880,"date":"2025-07-15T19:53:47","date_gmt":"2025-07-15T11:53:47","guid":{"rendered":"https:\/\/i6w5ng617y.onrocket.site\/?page_id=21880"},"modified":"2026-04-28T09:36:38","modified_gmt":"2026-04-28T01:36:38","slug":"home","status":"publish","type":"page","link":"https:\/\/soeteck.com\/es\/","title":{"rendered":"Inicio"},"content":{"rendered":"<h1 class=\"wp-block-heading\">Dominamos la potencia y la refrigeraci\u00f3n<\/h1>\n\n<div class=\"wp-block-buttons is-layout-flex wp-block-buttons-is-layout-flex\"><div class=\"wp-block-button\"><a class=\"wp-block-button__link\">M\u00e1s informaci\u00f3n<\/a><\/div><\/div>\n\n<figure class=\"wp-block-image size-medium_large\"><img decoding=\"async\" width=\"768\" height=\"768\" src=\"https:\/\/soeteck.com\/resources\/UPS-homepage-1-768x768.webp\" class=\"wp-image-27725\" alt=\"\" srcset=\"https:\/\/soeteck.com\/resources\/UPS-homepage-1-768x768.webp 768w, https:\/\/soeteck.com\/resources\/UPS-homepage-1-300x300.webp 300w, https:\/\/soeteck.com\/resources\/UPS-homepage-1-100x100.webp 100w, https:\/\/soeteck.com\/resources\/UPS-homepage-1-600x600.webp 600w, https:\/\/soeteck.com\/resources\/UPS-homepage-1-1024x1024.webp 1024w, https:\/\/soeteck.com\/resources\/UPS-homepage-1-150x150.webp 150w, https:\/\/soeteck.com\/resources\/UPS-homepage-1-1536x1536.webp 1536w, https:\/\/soeteck.com\/resources\/UPS-homepage-1-12x12.webp 12w, https:\/\/soeteck.com\/resources\/UPS-homepage-1.webp 1859w\" sizes=\"(max-width: 768px) 100vw, 768px\" \/><\/figure>\n\n<figure class=\"wp-block-image size-medium_large\"><img decoding=\"async\" width=\"768\" height=\"768\" src=\"https:\/\/soeteck.com\/resources\/UPS-homepage-2-768x768.webp\" class=\"wp-image-27726\" alt=\"\" srcset=\"https:\/\/soeteck.com\/resources\/UPS-homepage-2-768x768.webp 768w, https:\/\/soeteck.com\/resources\/UPS-homepage-2-300x300.webp 300w, https:\/\/soeteck.com\/resources\/UPS-homepage-2-100x100.webp 100w, https:\/\/soeteck.com\/resources\/UPS-homepage-2-600x600.webp 600w, https:\/\/soeteck.com\/resources\/UPS-homepage-2-1024x1024.webp 1024w, https:\/\/soeteck.com\/resources\/UPS-homepage-2-150x150.webp 150w, https:\/\/soeteck.com\/resources\/UPS-homepage-2-1536x1536.webp 1536w, https:\/\/soeteck.com\/resources\/UPS-homepage-2-12x12.webp 12w, https:\/\/soeteck.com\/resources\/UPS-homepage-2.webp 1859w\" sizes=\"(max-width: 768px) 100vw, 768px\" \/><\/figure>\n\n<figure class=\"wp-block-image size-medium_large\"><img decoding=\"async\" width=\"768\" height=\"768\" src=\"https:\/\/soeteck.com\/resources\/dc-power-system-1-768x768.webp\" class=\"wp-image-27730\" alt=\"\" srcset=\"https:\/\/soeteck.com\/resources\/dc-power-system-1-768x768.webp 768w, https:\/\/soeteck.com\/resources\/dc-power-system-1-300x300.webp 300w, https:\/\/soeteck.com\/resources\/dc-power-system-1-100x100.webp 100w, https:\/\/soeteck.com\/resources\/dc-power-system-1-600x600.webp 600w, https:\/\/soeteck.com\/resources\/dc-power-system-1-1024x1024.webp 1024w, https:\/\/soeteck.com\/resources\/dc-power-system-1-150x150.webp 150w, https:\/\/soeteck.com\/resources\/dc-power-system-1-1536x1536.webp 1536w, https:\/\/soeteck.com\/resources\/dc-power-system-1-12x12.webp 12w, https:\/\/soeteck.com\/resources\/dc-power-system-1.webp 1859w\" sizes=\"(max-width: 768px) 100vw, 768px\" \/><\/figure>\n\n<figure class=\"wp-block-image size-medium_large\"><img decoding=\"async\" width=\"768\" height=\"768\" src=\"https:\/\/soeteck.com\/resources\/dc-power-system-2-768x768.webp\" class=\"wp-image-27731\" alt=\"\" srcset=\"https:\/\/soeteck.com\/resources\/dc-power-system-2-768x768.webp 768w, https:\/\/soeteck.com\/resources\/dc-power-system-2-300x300.webp 300w, https:\/\/soeteck.com\/resources\/dc-power-system-2-100x100.webp 100w, https:\/\/soeteck.com\/resources\/dc-power-system-2-600x600.webp 600w, https:\/\/soeteck.com\/resources\/dc-power-system-2-1024x1024.webp 1024w, https:\/\/soeteck.com\/resources\/dc-power-system-2-150x150.webp 150w, https:\/\/soeteck.com\/resources\/dc-power-system-2-1536x1536.webp 1536w, https:\/\/soeteck.com\/resources\/dc-power-system-2-12x12.webp 12w, https:\/\/soeteck.com\/resources\/dc-power-system-2.webp 1859w\" sizes=\"(max-width: 768px) 100vw, 768px\" \/><\/figure>\n\n<figure class=\"wp-block-image size-medium_large\"><img decoding=\"async\" width=\"768\" height=\"768\" src=\"https:\/\/soeteck.com\/resources\/PDU-home-1-768x768.webp\" class=\"wp-image-27733\" alt=\"\" srcset=\"https:\/\/soeteck.com\/resources\/PDU-home-1-768x768.webp 768w, https:\/\/soeteck.com\/resources\/PDU-home-1-300x300.webp 300w, https:\/\/soeteck.com\/resources\/PDU-home-1-100x100.webp 100w, https:\/\/soeteck.com\/resources\/PDU-home-1-600x600.webp 600w, https:\/\/soeteck.com\/resources\/PDU-home-1-1024x1024.webp 1024w, https:\/\/soeteck.com\/resources\/PDU-home-1-150x150.webp 150w, https:\/\/soeteck.com\/resources\/PDU-home-1-1536x1536.webp 1536w, https:\/\/soeteck.com\/resources\/PDU-home-1-12x12.webp 12w, https:\/\/soeteck.com\/resources\/PDU-home-1.webp 1859w\" sizes=\"(max-width: 768px) 100vw, 768px\" \/><\/figure>\n\n<figure class=\"wp-block-image size-medium_large\"><img decoding=\"async\" width=\"768\" height=\"768\" src=\"https:\/\/soeteck.com\/resources\/PDU-home-2-768x768.webp\" class=\"wp-image-27732\" alt=\"\" srcset=\"https:\/\/soeteck.com\/resources\/PDU-home-2-768x768.webp 768w, https:\/\/soeteck.com\/resources\/PDU-home-2-300x300.webp 300w, https:\/\/soeteck.com\/resources\/PDU-home-2-100x100.webp 100w, https:\/\/soeteck.com\/resources\/PDU-home-2-600x600.webp 600w, https:\/\/soeteck.com\/resources\/PDU-home-2-1024x1024.webp 1024w, https:\/\/soeteck.com\/resources\/PDU-home-2-150x150.webp 150w, https:\/\/soeteck.com\/resources\/PDU-home-2-1536x1536.webp 1536w, https:\/\/soeteck.com\/resources\/PDU-home-2-12x12.webp 12w, https:\/\/soeteck.com\/resources\/PDU-home-2.webp 1859w\" sizes=\"(max-width: 768px) 100vw, 768px\" \/><\/figure>\n\n<figure class=\"wp-block-image size-medium_large\"><img decoding=\"async\" width=\"768\" height=\"768\" src=\"https:\/\/soeteck.com\/resources\/SOETECK-Gel-Battery-home-1-768x768.png\" class=\"wp-image-27734\" alt=\"\" srcset=\"https:\/\/soeteck.com\/resources\/SOETECK-Gel-Battery-home-1-768x768.png 768w, https:\/\/soeteck.com\/resources\/SOETECK-Gel-Battery-home-1-300x300.png 300w, https:\/\/soeteck.com\/resources\/SOETECK-Gel-Battery-home-1-100x100.png 100w, https:\/\/soeteck.com\/resources\/SOETECK-Gel-Battery-home-1-600x600.png 600w, https:\/\/soeteck.com\/resources\/SOETECK-Gel-Battery-home-1-1024x1024.png 1024w, https:\/\/soeteck.com\/resources\/SOETECK-Gel-Battery-home-1-150x150.png 150w, https:\/\/soeteck.com\/resources\/SOETECK-Gel-Battery-home-1-1536x1536.png 1536w, https:\/\/soeteck.com\/resources\/SOETECK-Gel-Battery-home-1-12x12.png 12w, https:\/\/soeteck.com\/resources\/SOETECK-Gel-Battery-home-1.png 1859w\" sizes=\"(max-width: 768px) 100vw, 768px\" \/><\/figure>\n\n<figure class=\"wp-block-image size-medium_large\"><img decoding=\"async\" width=\"768\" height=\"768\" src=\"https:\/\/soeteck.com\/resources\/SOETECK-Gel-Battery-home-2-768x768.webp\" class=\"wp-image-27735\" alt=\"\" srcset=\"https:\/\/soeteck.com\/resources\/SOETECK-Gel-Battery-home-2-768x768.webp 768w, https:\/\/soeteck.com\/resources\/SOETECK-Gel-Battery-home-2-300x300.webp 300w, https:\/\/soeteck.com\/resources\/SOETECK-Gel-Battery-home-2-100x100.webp 100w, https:\/\/soeteck.com\/resources\/SOETECK-Gel-Battery-home-2-600x600.webp 600w, https:\/\/soeteck.com\/resources\/SOETECK-Gel-Battery-home-2-1024x1024.webp 1024w, https:\/\/soeteck.com\/resources\/SOETECK-Gel-Battery-home-2-150x150.webp 150w, https:\/\/soeteck.com\/resources\/SOETECK-Gel-Battery-home-2-1536x1536.webp 1536w, https:\/\/soeteck.com\/resources\/SOETECK-Gel-Battery-home-2-12x12.webp 12w, https:\/\/soeteck.com\/resources\/SOETECK-Gel-Battery-home-2.webp 1859w\" sizes=\"(max-width: 768px) 100vw, 768px\" \/><\/figure>\n\n<figure class=\"wp-block-image size-medium_large\"><img decoding=\"async\" width=\"768\" height=\"768\" src=\"https:\/\/soeteck.com\/resources\/room-chilled-water-cooling-home-11-768x768.webp\" class=\"wp-image-27706\" alt=\"\" srcset=\"https:\/\/soeteck.com\/resources\/room-chilled-water-cooling-home-11-768x768.webp 768w, https:\/\/soeteck.com\/resources\/room-chilled-water-cooling-home-11-300x300.webp 300w, https:\/\/soeteck.com\/resources\/room-chilled-water-cooling-home-11-100x100.webp 100w, https:\/\/soeteck.com\/resources\/room-chilled-water-cooling-home-11-600x600.webp 600w, https:\/\/soeteck.com\/resources\/room-chilled-water-cooling-home-11-1024x1024.webp 1024w, https:\/\/soeteck.com\/resources\/room-chilled-water-cooling-home-11-150x150.webp 150w, https:\/\/soeteck.com\/resources\/room-chilled-water-cooling-home-11-1536x1536.webp 1536w, https:\/\/soeteck.com\/resources\/room-chilled-water-cooling-home-11-12x12.webp 12w, https:\/\/soeteck.com\/resources\/room-chilled-water-cooling-home-11.webp 1859w\" sizes=\"(max-width: 768px) 100vw, 768px\" \/><\/figure>\n\n<figure class=\"wp-block-image size-medium_large\"><img decoding=\"async\" width=\"768\" height=\"768\" src=\"https:\/\/soeteck.com\/resources\/room-chilled-water-cooling-home-3-768x768.webp\" class=\"wp-image-27711\" alt=\"\" srcset=\"https:\/\/soeteck.com\/resources\/room-chilled-water-cooling-home-3-768x768.webp 768w, https:\/\/soeteck.com\/resources\/room-chilled-water-cooling-home-3-300x300.webp 300w, https:\/\/soeteck.com\/resources\/room-chilled-water-cooling-home-3-100x100.webp 100w, https:\/\/soeteck.com\/resources\/room-chilled-water-cooling-home-3-600x600.webp 600w, https:\/\/soeteck.com\/resources\/room-chilled-water-cooling-home-3-1024x1024.webp 1024w, https:\/\/soeteck.com\/resources\/room-chilled-water-cooling-home-3-150x150.webp 150w, https:\/\/soeteck.com\/resources\/room-chilled-water-cooling-home-3-1536x1536.webp 1536w, https:\/\/soeteck.com\/resources\/room-chilled-water-cooling-home-3-12x12.webp 12w, https:\/\/soeteck.com\/resources\/room-chilled-water-cooling-home-3.webp 1859w\" sizes=\"(max-width: 768px) 100vw, 768px\" \/><\/figure>\n\n<figure class=\"wp-block-image size-medium_large\"><img decoding=\"async\" width=\"768\" height=\"768\" src=\"https:\/\/soeteck.com\/resources\/Inrow-cooling-split-DX-home-2-768x768.webp\" class=\"wp-image-27716\" alt=\"\" srcset=\"https:\/\/soeteck.com\/resources\/Inrow-cooling-split-DX-home-2-768x768.webp 768w, https:\/\/soeteck.com\/resources\/Inrow-cooling-split-DX-home-2-300x300.webp 300w, https:\/\/soeteck.com\/resources\/Inrow-cooling-split-DX-home-2-100x100.webp 100w, https:\/\/soeteck.com\/resources\/Inrow-cooling-split-DX-home-2-600x600.webp 600w, https:\/\/soeteck.com\/resources\/Inrow-cooling-split-DX-home-2-1024x1024.webp 1024w, https:\/\/soeteck.com\/resources\/Inrow-cooling-split-DX-home-2-150x150.webp 150w, https:\/\/soeteck.com\/resources\/Inrow-cooling-split-DX-home-2-1536x1536.webp 1536w, https:\/\/soeteck.com\/resources\/Inrow-cooling-split-DX-home-2-12x12.webp 12w, https:\/\/soeteck.com\/resources\/Inrow-cooling-split-DX-home-2.webp 1859w\" sizes=\"(max-width: 768px) 100vw, 768px\" \/><\/figure>\n\n<figure class=\"wp-block-image size-medium_large\"><img decoding=\"async\" width=\"768\" height=\"768\" src=\"https:\/\/soeteck.com\/resources\/Inrow-cooling-split-DX-home-1-768x768.webp\" class=\"wp-image-27717\" alt=\"\" srcset=\"https:\/\/soeteck.com\/resources\/Inrow-cooling-split-DX-home-1-768x768.webp 768w, https:\/\/soeteck.com\/resources\/Inrow-cooling-split-DX-home-1-300x300.webp 300w, https:\/\/soeteck.com\/resources\/Inrow-cooling-split-DX-home-1-100x100.webp 100w, https:\/\/soeteck.com\/resources\/Inrow-cooling-split-DX-home-1-600x600.webp 600w, https:\/\/soeteck.com\/resources\/Inrow-cooling-split-DX-home-1-1024x1024.webp 1024w, https:\/\/soeteck.com\/resources\/Inrow-cooling-split-DX-home-1-150x150.webp 150w, https:\/\/soeteck.com\/resources\/Inrow-cooling-split-DX-home-1-1536x1536.webp 1536w, https:\/\/soeteck.com\/resources\/Inrow-cooling-split-DX-home-1-12x12.webp 12w, https:\/\/soeteck.com\/resources\/Inrow-cooling-split-DX-home-1.webp 1859w\" sizes=\"(max-width: 768px) 100vw, 768px\" \/><\/figure>\n\n<figure class=\"wp-block-image size-medium_large\"><img decoding=\"async\" width=\"768\" height=\"768\" src=\"https:\/\/soeteck.com\/resources\/rack-cooling-4-768x768.webp\" class=\"wp-image-27722\" alt=\"\" srcset=\"https:\/\/soeteck.com\/resources\/rack-cooling-4-768x768.webp 768w, https:\/\/soeteck.com\/resources\/rack-cooling-4-300x300.webp 300w, https:\/\/soeteck.com\/resources\/rack-cooling-4-100x100.webp 100w, https:\/\/soeteck.com\/resources\/rack-cooling-4-600x600.webp 600w, https:\/\/soeteck.com\/resources\/rack-cooling-4-150x150.webp 150w, https:\/\/soeteck.com\/resources\/rack-cooling-4-12x12.webp 12w, https:\/\/soeteck.com\/resources\/rack-cooling-4.webp 1000w\" sizes=\"(max-width: 768px) 100vw, 768px\" \/><\/figure>\n\n<figure class=\"wp-block-image size-medium_large\"><img decoding=\"async\" width=\"768\" height=\"768\" src=\"https:\/\/soeteck.com\/resources\/outdoor-enclosure-cooling-home-2-768x768.webp\" class=\"wp-image-27724\" alt=\"\" srcset=\"https:\/\/soeteck.com\/resources\/outdoor-enclosure-cooling-home-2-768x768.webp 768w, https:\/\/soeteck.com\/resources\/outdoor-enclosure-cooling-home-2-300x300.webp 300w, https:\/\/soeteck.com\/resources\/outdoor-enclosure-cooling-home-2-100x100.webp 100w, https:\/\/soeteck.com\/resources\/outdoor-enclosure-cooling-home-2-600x600.webp 600w, https:\/\/soeteck.com\/resources\/outdoor-enclosure-cooling-home-2-1024x1024.webp 1024w, https:\/\/soeteck.com\/resources\/outdoor-enclosure-cooling-home-2-150x150.webp 150w, https:\/\/soeteck.com\/resources\/outdoor-enclosure-cooling-home-2-1536x1536.webp 1536w, https:\/\/soeteck.com\/resources\/outdoor-enclosure-cooling-home-2-12x12.webp 12w, https:\/\/soeteck.com\/resources\/outdoor-enclosure-cooling-home-2.webp 1859w\" sizes=\"(max-width: 768px) 100vw, 768px\" \/><\/figure>\n\n<figure class=\"wp-block-image size-medium_large\"><img decoding=\"async\" width=\"768\" height=\"768\" src=\"https:\/\/soeteck.com\/resources\/outdoor-enclosure-cooling-home-1-768x768.webp\" class=\"wp-image-27723\" alt=\"\" srcset=\"https:\/\/soeteck.com\/resources\/outdoor-enclosure-cooling-home-1-768x768.webp 768w, https:\/\/soeteck.com\/resources\/outdoor-enclosure-cooling-home-1-300x300.webp 300w, https:\/\/soeteck.com\/resources\/outdoor-enclosure-cooling-home-1-100x100.webp 100w, https:\/\/soeteck.com\/resources\/outdoor-enclosure-cooling-home-1-600x600.webp 600w, https:\/\/soeteck.com\/resources\/outdoor-enclosure-cooling-home-1-1024x1024.webp 1024w, https:\/\/soeteck.com\/resources\/outdoor-enclosure-cooling-home-1-150x150.webp 150w, https:\/\/soeteck.com\/resources\/outdoor-enclosure-cooling-home-1-1536x1536.webp 1536w, https:\/\/soeteck.com\/resources\/outdoor-enclosure-cooling-home-1-12x12.webp 12w, https:\/\/soeteck.com\/resources\/outdoor-enclosure-cooling-home-1.webp 1859w\" sizes=\"(max-width: 768px) 100vw, 768px\" \/><\/figure>\n\n<h2 class=\"wp-block-heading\">Productos<\/h2>\n\nwhat we sell\n\nwhat we solve\n\n<h2 class=\"wp-block-heading\">Soluciones<\/h2>\n\n<h3 class=\"has-text-align-center wp-block-heading\">Aire acondicionado de precisi\u00f3n<\/h3>\n\n<h3 class=\"has-text-align-center wp-block-heading\">Caja Precision AC<\/h3>\n\n<h3 class=\"has-text-align-center wp-block-heading\">Rack Precision AC<\/h3>\n\n<h3 class=\"has-text-align-center wp-block-heading\">Fila Precisi\u00f3n AC<\/h3>\n\n<h3 class=\"wp-block-heading\">Sistemas de alimentaci\u00f3n ininterrumpida<\/h3>\n\n<h3 class=\"has-text-align-center wp-block-heading\">Sistema de alimentaci\u00f3n de CC<\/h3>\n\n<h3 class=\"wp-block-heading\">PDUs<\/h3>\n\n<h3 class=\"has-text-align-center wp-block-heading\">Bater\u00eda<\/h3>\n\n<figure class=\"wp-block-image size-full\"><img decoding=\"async\" width=\"630\" height=\"470\" src=\"https:\/\/soeteck.com\/resources\/cold-aisle-modular-data-center-home.webp\" class=\"wp-image-27741\" alt=\"\" srcset=\"https:\/\/soeteck.com\/resources\/cold-aisle-modular-data-center-home.webp 630w, https:\/\/soeteck.com\/resources\/cold-aisle-modular-data-center-home-600x448.webp 600w, https:\/\/soeteck.com\/resources\/cold-aisle-modular-data-center-home-300x224.webp 300w, https:\/\/soeteck.com\/resources\/cold-aisle-modular-data-center-home-16x12.webp 16w\" sizes=\"(max-width: 630px) 100vw, 630px\" \/><\/figure>\n\n<h3 class=\"wp-block-heading\">Pasillo Moduar Centro de Datos<\/h3>\n\n<figure class=\"wp-block-image size-full\"><img decoding=\"async\" width=\"350\" height=\"223\" src=\"https:\/\/soeteck.com\/resources\/prefabricated-container-data-center-solution-home.webp\" class=\"wp-image-27743\" alt=\"\" srcset=\"https:\/\/soeteck.com\/resources\/prefabricated-container-data-center-solution-home.webp 350w, https:\/\/soeteck.com\/resources\/prefabricated-container-data-center-solution-home-300x191.webp 300w, https:\/\/soeteck.com\/resources\/prefabricated-container-data-center-solution-home-18x12.webp 18w\" sizes=\"(max-width: 350px) 100vw, 350px\" \/><\/figure>\n\n<h3 class=\"wp-block-heading\">Centro de datos en contenedor prefabricado<\/h3>\n\n<figure class=\"wp-block-image size-full\"><img decoding=\"async\" width=\"350\" height=\"223\" src=\"https:\/\/ssswww.top\/resources\/free-coolin-chiller-home.webp\" class=\"wp-image-27742\" alt=\"\" srcset=\"https:\/\/soeteck.com\/resources\/free-coolin-chiller-home.webp 350w, https:\/\/soeteck.com\/resources\/free-coolin-chiller-home-300x191.webp 300w, https:\/\/soeteck.com\/resources\/free-coolin-chiller-home-18x12.webp 18w\" sizes=\"(max-width: 350px) 100vw, 350px\" \/><\/figure>\n\n<h3 class=\"wp-block-heading\">Soluciones de refrigeraci\u00f3n l\u00edquida<\/h3>\n\n<figure class=\"wp-block-image size-full\"><img decoding=\"async\" width=\"350\" height=\"223\" src=\"https:\/\/ssswww.top\/resources\/cabinet-data-center-solution-home.webp\" class=\"wp-image-27745\" alt=\"\" srcset=\"https:\/\/soeteck.com\/resources\/cabinet-data-center-solution-home.webp 350w, https:\/\/soeteck.com\/resources\/cabinet-data-center-solution-home-300x191.webp 300w, https:\/\/soeteck.com\/resources\/cabinet-data-center-solution-home-18x12.webp 18w\" sizes=\"(max-width: 350px) 100vw, 350px\" \/><\/figure>\n\n<h3 class=\"wp-block-heading\">Centro de datos modular en fila<\/h3>\n\n<figure class=\"wp-block-image size-full\"><img decoding=\"async\" width=\"350\" height=\"223\" src=\"https:\/\/soeteck.com\/resources\/row-modular-data-center-solution-1.webp\" class=\"wp-image-27744\" alt=\"\" srcset=\"https:\/\/soeteck.com\/resources\/row-modular-data-center-solution-1.webp 350w, https:\/\/soeteck.com\/resources\/row-modular-data-center-solution-1-300x191.webp 300w, https:\/\/soeteck.com\/resources\/row-modular-data-center-solution-1-18x12.webp 18w\" sizes=\"(max-width: 350px) 100vw, 350px\" \/><\/figure>\n\n<h3 class=\"wp-block-heading\">Centro de datos con armario inteligente<\/h3>\n\nlo que dice la gente\n\n<h2 class=\"wp-block-heading\">Testimonio<\/h2>\n\n<h3 class=\"wp-block-heading\">Potenciar el futuro: El papel de SOETECK en el proyecto Saudi Telecom DR<\/h3>\n\n<div class=\"wp-block-buttons is-layout-flex wp-block-buttons-is-layout-flex\"><div class=\"wp-block-button\"><a class=\"wp-block-button__link\">Ver detalles<\/a><\/div><\/div>\n\n<h3 class=\"wp-block-heading\">Arabia Saud\u00ed<\/h3>\n\n<figure class=\"wp-block-image size-large\"><img decoding=\"async\" width=\"1024\" height=\"576\" src=\"https:\/\/ssswww.top\/resources\/prefab-modular-data-center-of-Saudi-Telecom-0-1024x576.webp\" class=\"wp-image-27849\" alt=\"\" srcset=\"https:\/\/soeteck.com\/resources\/prefab-modular-data-center-of-Saudi-Telecom-0-1024x576.webp 1024w, https:\/\/soeteck.com\/resources\/prefab-modular-data-center-of-Saudi-Telecom-0-600x337.webp 600w, https:\/\/soeteck.com\/resources\/prefab-modular-data-center-of-Saudi-Telecom-0-300x169.webp 300w, https:\/\/soeteck.com\/resources\/prefab-modular-data-center-of-Saudi-Telecom-0-768x432.webp 768w, https:\/\/soeteck.com\/resources\/prefab-modular-data-center-of-Saudi-Telecom-0-18x10.webp 18w, https:\/\/soeteck.com\/resources\/prefab-modular-data-center-of-Saudi-Telecom-0.webp 1366w\" sizes=\"(max-width: 1024px) 100vw, 1024px\" \/><\/figure>\n\n\n\n<span style=\"color:#1a85e5\">1-<\/span>Proyectos destacados\n\n<span style=\"color:#1a85e5\">2-<\/span>Rese\u00f1as\n\n<figure class=\"wp-block-image size-full\"><img decoding=\"async\" width=\"300\" height=\"300\" src=\"https:\/\/ssswww.top\/resources\/Michael-Brown.webp\" class=\"wp-image-31814\" alt=\"\" srcset=\"https:\/\/soeteck.com\/resources\/Michael-Brown.webp 300w, https:\/\/soeteck.com\/resources\/Michael-Brown-100x100.webp 100w, https:\/\/soeteck.com\/resources\/Michael-Brown-150x150.webp 150w, https:\/\/soeteck.com\/resources\/Michael-Brown-12x12.webp 12w\" sizes=\"(max-width: 300px) 100vw, 300px\" \/><\/figure>\n\nM\u00e1s informaci\u00f3n\n\n<h2 class=\"wp-block-heading\">News &#038; Insights<\/h2>\n\n<h3 class=\"wp-block-heading\">{post_title}<\/h3>\n\n<h3 class=\"wp-block-heading\">Libere el potencial de su centro de datos<\/h3>\n\nP\u00f3ngase en contacto con nosotros para obtener asistencia experta gratuita y respuestas r\u00e1pidas a presupuestos.\n\n<div class=\"wp-block-buttons is-layout-flex wp-block-buttons-is-layout-flex\"><div class=\"wp-block-button\"><a class=\"wp-block-button__link\">Contacto<\/a><\/div><\/div>\n\nSOETECK suministr\u00f3 centros de datos modulares prefabricados a medida para Saudi Telecom, con fiabilidad, eficiencia y despliegue r\u00e1pido, mostrando la innovaci\u00f3n de SOETECK en energ\u00eda digital.\n\n\n\n<h0>Soluciones personalizadas para centros de datos que ofrecen fiabilidad y rentabilidad<\/h0>\n\n<h3 class=\"wp-block-heading\">Michael Brown<\/h3>\n\nProcurement Manager\n\nSOETECK provided comprehensive support throughout the entire product ordering and installation process. During the installation and debugging phases, their team responded swiftly, helping us resolve issues quickly. The support from their after-sales team was invaluable, ensuring everything ran smoothly.\n\n<figure class=\"wp-block-image size-full\"><img decoding=\"async\" width=\"300\" height=\"300\" src=\"https:\/\/ssswww.top\/resources\/James-Willem.webp\" class=\"wp-image-31813\" alt=\"\" srcset=\"https:\/\/soeteck.com\/resources\/James-Willem.webp 300w, https:\/\/soeteck.com\/resources\/James-Willem-100x100.webp 100w, https:\/\/soeteck.com\/resources\/James-Willem-150x150.webp 150w, https:\/\/soeteck.com\/resources\/James-Willem-12x12.webp 12w\" sizes=\"(max-width: 300px) 100vw, 300px\" \/><\/figure>\n\n<h3 class=\"wp-block-heading\">James Willem<\/h3>\n\nOperations Manager\n\nThe technical expertise of SOETECK&#8217;s team is exceptional. Their prompt responses and solutions during the troubleshooting process have greatly enhanced our operational efficiency.\n\n<div class=\"wp-block-buttons is-layout-flex wp-block-buttons-is-layout-flex\"><div class=\"wp-block-button\"><a class=\"wp-block-button__link\">Consulta<\/a><\/div><\/div>\n\n<svg xmlns=\"http:\/\/www.w3.org\/2000\/svg\" viewbox=\"0 0 24 24\" fill=\"currentColor\"><path d=\"M20.118 3h-16.225a2.914 2.914 0 0 0-2.503 4.371l8.116 13.549a2.917 2.917 0 0 0 4.987.005l8.11-13.539a2.914 2.914 0 0 0-2.486-4.386z\"\/><\/svg>\n\n<svg xmlns=\"http:\/\/www.w3.org\/2000\/svg\" viewbox=\"0 0 24 24\" fill=\"currentColor\"><path d=\"M20.118 3h-16.225a2.914 2.914 0 0 0-2.503 4.371l8.116 13.549a2.917 2.917 0 0 0 4.987.005l8.11-13.539a2.914 2.914 0 0 0-2.486-4.386z\"\/><\/svg>\n\n<figure class=\"wp-block-image size-full\"><img decoding=\"async\" width=\"1000\" height=\"1000\" src=\"https:\/\/soeteck.com\/resources\/rack-cooling-1.webp\" class=\"wp-image-27718\" alt=\"\" srcset=\"https:\/\/soeteck.com\/resources\/rack-cooling-1.webp 1000w, https:\/\/soeteck.com\/resources\/rack-cooling-1-300x300.webp 300w, https:\/\/soeteck.com\/resources\/rack-cooling-1-100x100.webp 100w, https:\/\/soeteck.com\/resources\/rack-cooling-1-600x600.webp 600w, https:\/\/soeteck.com\/resources\/rack-cooling-1-150x150.webp 150w, https:\/\/soeteck.com\/resources\/rack-cooling-1-768x768.webp 768w, https:\/\/soeteck.com\/resources\/rack-cooling-1-12x12.webp 12w\" sizes=\"(max-width: 1000px) 100vw, 1000px\" \/><\/figure>","protected":false},"excerpt":{"rendered":"<p>Soeteck es un proveedor profesional de soluciones de alimentaci\u00f3n digital en China, que ofrece CA de precisi\u00f3n, SAI y todo tipo de soluciones modulares para centros de datos. <\/p>","protected":false},"author":2,"featured_media":27545,"parent":0,"menu_order":0,"comment_status":"closed","ping_status":"closed","template":"","meta":{"_acf_changed":false,"pgc_sgb_lightbox_settings":"","footnotes":""},"class_list":["post-21880","page","type-page","status-publish","has-post-thumbnail","hentry"],"acf":[],"_links":{"self":[{"href":"https:\/\/soeteck.com\/es\/wp-json\/wp\/v2\/pages\/21880","targetHints":{"allow":["GET"]}}],"collection":[{"href":"https:\/\/soeteck.com\/es\/wp-json\/wp\/v2\/pages"}],"about":[{"href":"https:\/\/soeteck.com\/es\/wp-json\/wp\/v2\/types\/page"}],"author":[{"embeddable":true,"href":"https:\/\/soeteck.com\/es\/wp-json\/wp\/v2\/users\/2"}],"replies":[{"embeddable":true,"href":"https:\/\/soeteck.com\/es\/wp-json\/wp\/v2\/comments?post=21880"}],"version-history":[{"count":100,"href":"https:\/\/soeteck.com\/es\/wp-json\/wp\/v2\/pages\/21880\/revisions"}],"predecessor-version":[{"id":34926,"href":"https:\/\/soeteck.com\/es\/wp-json\/wp\/v2\/pages\/21880\/revisions\/34926"}],"wp:featuredmedia":[{"embeddable":true,"href":"https:\/\/soeteck.com\/es\/wp-json\/wp\/v2\/media\/27545"}],"wp:attachment":[{"href":"https:\/\/soeteck.com\/es\/wp-json\/wp\/v2\/media?parent=21880"}],"curies":[{"name":"wp","href":"https:\/\/api.w.org\/{rel}","templated":true}]}}