{"id":22764,"date":"2025-07-17T15:55:25","date_gmt":"2025-07-17T07:55:25","guid":{"rendered":"https:\/\/i6w5ng617y.onrocket.site\/?page_id=22764"},"modified":"2026-03-26T09:13:13","modified_gmt":"2026-03-26T01:13:13","slug":"contact-us","status":"publish","type":"page","link":"https:\/\/soeteck.com\/es\/contact-us\/","title":{"rendered":"CONT\u00c1CTANOS"},"content":{"rendered":"<h1 class=\"wp-block-heading\">Contact SOETECK<\/h1>\n\n24\/7 customer service, quotes, consultations, and expert advice on product selection.\n\n<h2 class=\"wp-block-heading\">Tell us what you want.<\/h2>\n\n<h2 class=\"wp-block-heading\">Our Location<\/h2>\n\n<div class='fluentform ff-inherit-theme-style fluentform_wrapper_3'><form data-form_id=\"3\" id=\"fluentform_3\" class=\"frm-fluent-form fluent_form_3 ff-el-form-top ff_form_instance_3_1 ff-form-loading ffs_inherit_theme\" data-form_instance=\"ff_form_instance_3_1\" method=\"POST\" data-turnstile_key=\"0x4AAAAAABgR6jyperkAedKm\" ><fieldset  style=\"border: none!important;margin: 0!important;padding: 0!important;background-color: transparent!important;box-shadow: none!important;outline: none!important; min-inline-size: 100%;\">\n                    <legend class=\"ff_screen_reader_title\" style=\"display: block; margin: 0!important;padding: 0!important;height: 0!important;text-indent: -999999px;width: 0!important;overflow:hidden;\">Contact Page Form - 1<\/legend><input type='hidden' name='__fluent_form_embded_post_id' value='22764' \/><input type=\"hidden\" id=\"_fluentform_3_fluentformnonce\" name=\"_fluentform_3_fluentformnonce\" value=\"ff5039ce7f\" \/><input type=\"hidden\" name=\"_wp_http_referer\" value=\"\/es\/wp-json\/wp\/v2\/pages\/22764\" \/><div data-name=\"ff_cn_id_1\"  class='ff-t-container ff-column-container ff_columns_total_2 '><div class='ff-t-cell ff-t-column-1' style='flex-basis: 50%;'><div data-type=\"name-element\" data-name=\"names\" class=\" ff-field_container ff-name-field-wrapper\" ><div class='ff-t-container'><div class='ff-t-cell '><div class='ff-el-group ff-el-form-hide_label'><div class=\"ff-el-input--label ff-el-is-required asterisk-right\"><label for='ff_3_names_first_name_' id='label_ff_3_names_first_name_' >Your Name<\/label><\/div><div class='ff-el-input--content'><input type=\"text\" name=\"names[first_name]\" id=\"ff_3_names_first_name_\" class=\"ff-el-form-control\" placeholder=\"Your Name\" aria-invalid=\"false\" aria-required=true><\/div><\/div><\/div><\/div><\/div><\/div><div class='ff-t-cell ff-t-column-2' style='flex-basis: 50%;'><div data-type=\"name-element\" data-name=\"company\" class=\" ff-field_container ff-name-field-wrapper\" ><div class='ff-t-container'><div class='ff-t-cell '><div class='ff-el-group ff-el-form-hide_label'><div class=\"ff-el-input--label ff-el-is-required asterisk-right\"><label for='ff_3_company_first_name_' id='label_ff_3_company_first_name_' >Company Name<\/label><\/div><div class='ff-el-input--content'><input type=\"text\" name=\"company[first_name]\" id=\"ff_3_company_first_name_\" class=\"ff-el-form-control\" placeholder=\"Company Name\" aria-invalid=\"false\" aria-required=true><\/div><\/div><\/div><\/div><\/div><\/div><\/div><div data-name=\"ff_cn_id_2\"  class='ff-t-container ff-column-container ff_columns_total_2 '><div class='ff-t-cell ff-t-column-1' style='flex-basis: 50%;'><div class='ff-el-group ff-el-form-hide_label'><div class=\"ff-el-input--label ff-el-is-required asterisk-right\"><label for='ff_3_Country' id='label_ff_3_Country' aria-label=\"Country:\">Country:<\/label><\/div><div class='ff-el-input--content'><select name=\"Country\" id=\"ff_3_Country\" class=\"ff-el-form-control\" data-name=\"Country\" data-calc_value=\"0\"  aria-invalid=\"false\" aria-required=\"true\" aria-labelledby=\"label_ff_3_Country\"><option value=\"\">Select Your Country<\/option><option value=\"Afghanistan\"  >Afghanistan<\/option><option value=\"Albania\"  >Albania<\/option><option value=\"Algeria\"  >Algeria<\/option><option value=\"Andorra\"  >Andorra<\/option><option value=\"Angola\"  >Angola<\/option><option value=\"Antigua and Barbuda\"  >Antigua and Barbuda<\/option><option value=\"Argentina\"  >Argentina<\/option><option value=\"Armenia\"  >Armenia<\/option><option value=\"Australia\"  >Australia<\/option><option value=\"Austria\"  >Austria<\/option><option value=\"Azerbaijan\"  >Azerbaijan<\/option><option value=\"Bahamas\"  >Bahamas<\/option><option value=\"Bahrain\"  >Bahrain<\/option><option value=\"Bangladesh\"  >Bangladesh<\/option><option value=\"Barbados\"  >Barbados<\/option><option value=\"Belarus\"  >Belarus<\/option><option value=\"Belgium\"  >Belgium<\/option><option value=\"Belize\"  >Belize<\/option><option value=\"Benin\"  >Benin<\/option><option value=\"Bhutan\"  >Bhutan<\/option><option value=\"Bolivia\"  >Bolivia<\/option><option value=\"Bosnia and Herzegovina\"  >Bosnia and Herzegovina<\/option><option value=\"Botswana\"  >Botswana<\/option><option value=\"Brazil\"  >Brazil<\/option><option value=\"Brunei\"  >Brunei<\/option><option value=\"Bulgaria\"  >Bulgaria<\/option><option value=\"Burkina Faso\"  >Burkina Faso<\/option><option value=\"Burundi\"  >Burundi<\/option><option value=\"Cambodia\"  >Cambodia<\/option><option value=\"Cameroon\"  >Cameroon<\/option><option value=\"Canada\"  >Canada<\/option><option value=\"Cape Verde (Cabo Verde)\"  >Cape Verde (Cabo Verde)<\/option><option value=\"Central African Republic\"  >Central African Republic<\/option><option value=\"Chad\"  >Chad<\/option><option value=\"Chile\"  >Chile<\/option><option value=\"China\"  >China<\/option><option value=\"Colombia\"  >Colombia<\/option><option value=\"Comoros\"  >Comoros<\/option><option value=\"Congo (Republic of the Congo)\"  >Congo (Republic of the Congo)<\/option><option value=\"Democratic Republic of the Congo\"  >Democratic Republic of the Congo<\/option><option value=\"Costa Rica\"  >Costa Rica<\/option><option value=\"Croatia\"  >Croatia<\/option><option value=\"Cuba\"  >Cuba<\/option><option value=\"Cyprus\"  >Cyprus<\/option><option value=\"Czech Republic\"  >Czech Republic<\/option><option value=\"Denmark\"  >Denmark<\/option><option value=\"Djibouti\"  >Djibouti<\/option><option value=\"Dominica\"  >Dominica<\/option><option value=\"Dominican Republic\"  >Dominican Republic<\/option><option value=\"Timor-Leste (East Timor)\"  >Timor-Leste (East Timor)<\/option><option value=\"Ecuador\"  >Ecuador<\/option><option value=\"Egypt\"  >Egypt<\/option><option value=\"El Salvador\"  >El Salvador<\/option><option value=\"Equatorial Guinea\"  >Equatorial Guinea<\/option><option value=\"Eritrea\"  >Eritrea<\/option><option value=\"Estonia\"  >Estonia<\/option><option value=\"Ethiopia\"  >Ethiopia<\/option><option value=\"Fiji\"  >Fiji<\/option><option value=\"Finland\"  >Finland<\/option><option value=\"France\"  >France<\/option><option value=\"Gabon\"  >Gabon<\/option><option value=\"Gambia\"  >Gambia<\/option><option value=\"Georgia\"  >Georgia<\/option><option value=\"Germany\"  >Germany<\/option><option value=\"Ghana\"  >Ghana<\/option><option value=\"Greece\"  >Greece<\/option><option value=\"Grenada\"  >Grenada<\/option><option value=\"Guatemala\"  >Guatemala<\/option><option value=\"Guinea\"  >Guinea<\/option><option value=\"Guinea-Bissau\"  >Guinea-Bissau<\/option><option value=\"Guyana\"  >Guyana<\/option><option value=\"Haiti\"  >Haiti<\/option><option value=\"Honduras\"  >Honduras<\/option><option value=\"Hong Kong (China)\"  >Hong Kong (China)<\/option><option value=\"Hungary\"  >Hungary<\/option><option value=\"Iceland\"  >Iceland<\/option><option value=\"India\"  >India<\/option><option value=\"Indonesia\"  >Indonesia<\/option><option value=\"Iran\"  >Iran<\/option><option value=\"Iraq\"  >Iraq<\/option><option value=\"Ireland\"  >Ireland<\/option><option value=\"Israel\"  >Israel<\/option><option value=\"Italy\"  >Italy<\/option><option value=\"C\u00f4te d&#039;Ivoire (Ivory Coast)\"  >C\u00f4te d'Ivoire (Ivory Coast)<\/option><option value=\"Jamaica\"  >Jamaica<\/option><option value=\"Japan\"  >Japan<\/option><option value=\"Jordan\"  >Jordan<\/option><option value=\"Kazakhstan\"  >Kazakhstan<\/option><option value=\"Kenya\"  >Kenya<\/option><option value=\"Kiribati\"  >Kiribati<\/option><option value=\"North Korea (Korea, Democratic People&#039;s Republic of)\"  >North Korea (Korea, Democratic People's Republic of)<\/option><option value=\"South Korea (Korea, Republic of)\"  >South Korea (Korea, Republic of)<\/option><option value=\"Kosovo\"  >Kosovo<\/option><option value=\"Kuwait\"  >Kuwait<\/option><option value=\"Kyrgyzstan\"  >Kyrgyzstan<\/option><option value=\"Laos\"  >Laos<\/option><option value=\"Latvia\"  >Latvia<\/option><option value=\"Lebanon\"  >Lebanon<\/option><option value=\"Lesotho\"  >Lesotho<\/option><option value=\"Liberia\"  >Liberia<\/option><option value=\"Libya\"  >Libya<\/option><option value=\"Liechtenstein\"  >Liechtenstein<\/option><option value=\"Lithuania\"  >Lithuania<\/option><option value=\"Luxembourg\"  >Luxembourg<\/option><option value=\"North Macedonia (Macedonia)\"  >North Macedonia (Macedonia)<\/option><option value=\"Macau (China)\"  >Macau (China)<\/option><option value=\"Madagascar\"  >Madagascar<\/option><option value=\"Malawi\"  >Malawi<\/option><option value=\"Malaysia\"  >Malaysia<\/option><option value=\"Maldives\"  >Maldives<\/option><option value=\"Mali\"  >Mali<\/option><option value=\"Malta\"  >Malta<\/option><option value=\"Marshall Islands\"  >Marshall Islands<\/option><option value=\"Mauritania\"  >Mauritania<\/option><option value=\"Mauritius\"  >Mauritius<\/option><option value=\"Mexico\"  >Mexico<\/option><option value=\"Micronesia\"  >Micronesia<\/option><option value=\"Moldova\"  >Moldova<\/option><option value=\"Monaco\"  >Monaco<\/option><option value=\"Mongolia\"  >Mongolia<\/option><option value=\"Montenegro\"  >Montenegro<\/option><option value=\"Morocco\"  >Morocco<\/option><option value=\"Mozambique\"  >Mozambique<\/option><option value=\"Myanmar (Burma)\"  >Myanmar (Burma)<\/option><option value=\"Namibia\"  >Namibia<\/option><option value=\"Nauru\"  >Nauru<\/option><option value=\"Nepal\"  >Nepal<\/option><option value=\"Netherlands\"  >Netherlands<\/option><option value=\"New Zealand\"  >New Zealand<\/option><option value=\"Nicaragua\"  >Nicaragua<\/option><option value=\"Niger\"  >Niger<\/option><option value=\"Nigeria\"  >Nigeria<\/option><option value=\"Norway\"  >Norway<\/option><option value=\"Oman\"  >Oman<\/option><option value=\"Pakistan\"  >Pakistan<\/option><option value=\"Palau\"  >Palau<\/option><option value=\"Panama\"  >Panama<\/option><option value=\"Papua New Guinea\"  >Papua New Guinea<\/option><option value=\"Paraguay\"  >Paraguay<\/option><option value=\"Peru\"  >Peru<\/option><option value=\"Philippines\"  >Philippines<\/option><option value=\"Poland\"  >Poland<\/option><option value=\"Portugal\"  >Portugal<\/option><option value=\"Qatar\"  >Qatar<\/option><option value=\"Romania\"  >Romania<\/option><option value=\"Russian Federation\"  >Russian Federation<\/option><option value=\"Rwanda\"  >Rwanda<\/option><option value=\"Saint Kitts and Nevis\"  >Saint Kitts and Nevis<\/option><option value=\"Saint Lucia\"  >Saint Lucia<\/option><option value=\"Saint Vincent and the Grenadines\"  >Saint Vincent and the Grenadines<\/option><option value=\"Samoa\"  >Samoa<\/option><option value=\"San Marino\"  >San Marino<\/option><option value=\"S\u00e3o Tom\u00e9 and Pr\u00edncipe (Sao Tome &amp; Principe)\"  >S\u00e3o Tom\u00e9 and Pr\u00edncipe (Sao Tome & Principe)<\/option><option value=\"Saudi Arabia\"  >Saudi Arabia<\/option><option value=\"Senegal\"  >Senegal<\/option><option value=\"Serbia\"  >Serbia<\/option><option value=\"Seychelles\"  >Seychelles<\/option><option value=\"Sierra Leone\"  >Sierra Leone<\/option><option value=\"Singapore\"  >Singapore<\/option><option value=\"Slovakia\"  >Slovakia<\/option><option value=\"Slovenia\"  >Slovenia<\/option><option value=\"Solomon Islands\"  >Solomon Islands<\/option><option value=\"Somalia\"  >Somalia<\/option><option value=\"South Africa\"  >South Africa<\/option><option value=\"South Sudan\"  >South Sudan<\/option><option value=\"Spain\"  >Spain<\/option><option value=\"Sri Lanka\"  >Sri Lanka<\/option><option value=\"Sudan\"  >Sudan<\/option><option value=\"Suriname\"  >Suriname<\/option><option value=\"Eswatini (Swaziland)\"  >Eswatini (Swaziland)<\/option><option value=\"Sweden\"  >Sweden<\/option><option value=\"Switzerland\"  >Switzerland<\/option><option value=\"Syria\"  >Syria<\/option><option value=\"Taiwan (China)\"  >Taiwan (China)<\/option><option value=\"Tajikistan\"  >Tajikistan<\/option><option value=\"Tanzania\"  >Tanzania<\/option><option value=\"Thailand\"  >Thailand<\/option><option value=\"Togo\"  >Togo<\/option><option value=\"Tonga\"  >Tonga<\/option><option value=\"Trinidad and Tobago\"  >Trinidad and Tobago<\/option><option value=\"Tunisia\"  >Tunisia<\/option><option value=\"Turkey\"  >Turkey<\/option><option value=\"Turkmenistan\"  >Turkmenistan<\/option><option value=\"Tuvalu\"  >Tuvalu<\/option><option value=\"Uganda\"  >Uganda<\/option><option value=\"Ukraine\"  >Ukraine<\/option><option value=\"United Arab Emirates\"  >United Arab Emirates<\/option><option value=\"United Kingdom\"  >United Kingdom<\/option><option value=\"United States\"  >United States<\/option><option value=\"Uruguay\"  >Uruguay<\/option><option value=\"Uzbekistan\"  >Uzbekistan<\/option><option value=\"Vanuatu\"  >Vanuatu<\/option><option value=\"Vatican City (Holy See)\"  >Vatican City (Holy See)<\/option><option value=\"Venezuela\"  >Venezuela<\/option><option value=\"Vietnam\"  >Vietnam<\/option><option value=\"Yemen\"  >Yemen<\/option><option value=\"Zambia\"  >Zambia<\/option><option value=\"Zimbabwe\"  >Zimbabwe<\/option><\/select><\/div><\/div><\/div><div class='ff-t-cell ff-t-column-2' style='flex-basis: 50%;'><div class='ff-el-group ff-el-form-hide_label'><div class=\"ff-el-input--label asterisk-right\"><label for='ff_3_phone' id='label_ff_3_phone' aria-label=\"Phone\">Phone<\/label><\/div><div class='ff-el-input--content'><input name=\"phone\" class=\"ff-el-form-control ff-el-phone\" type=\"tel\" placeholder=\"Phone\" data-name=\"phone\" id=\"ff_3_phone\" inputmode=\"tel\"  aria-invalid='false' aria-required=false><\/div><\/div><\/div><\/div><div data-name=\"ff_cn_id_3\"  class='ff-t-container ff-column-container ff_columns_total_2 '><div class='ff-t-cell ff-t-column-1' style='flex-basis: 50%;'><div class='ff-el-group ff-el-form-hide_label'><div class=\"ff-el-input--label ff-el-is-required asterisk-right\"><label for='ff_3_email' id='label_ff_3_email' aria-label=\"Email:\">Email:<\/label><\/div><div class='ff-el-input--content'><input type=\"email\" name=\"email\" id=\"ff_3_email\" class=\"ff-el-form-control\" placeholder=\"Email Address\" data-name=\"email\"  aria-invalid=\"false\" aria-required=true><\/div><\/div><\/div><div class='ff-t-cell ff-t-column-2' style='flex-basis: 50%;'><div class='ff-el-group ff-el-form-hide_label'><div class=\"ff-el-input--label asterisk-right\"><label for='ff_3_whatsapp' id='label_ff_3_whatsapp' aria-label=\"WhatsApp:\">WhatsApp:<\/label><\/div><div class='ff-el-input--content'><input name=\"whatsapp\" class=\"ff-el-form-control ff-el-phone\" type=\"tel\" placeholder=\"WhatsApp\" data-name=\"whatsapp\" id=\"ff_3_whatsapp\" inputmode=\"tel\"  aria-invalid='false' aria-required=false><\/div><\/div><\/div><\/div><div class='ff-el-group ff-el-form-hide_label'><div class=\"ff-el-input--label ff-el-is-required asterisk-right\"><label for='ff_3_subject' id='label_ff_3_subject' aria-label=\"Your Subject:\">Your Subject:<\/label><\/div><div class='ff-el-input--content'><input type=\"text\" name=\"subject\" class=\"ff-el-form-control\" placeholder=\"Subject\" data-name=\"subject\" id=\"ff_3_subject\"  aria-invalid=\"false\" aria-required=true><\/div><\/div><div class='ff-el-group ff-el-form-hide_label'><div class=\"ff-el-input--label ff-el-is-required asterisk-right\"><label for='ff_3_message' id='label_ff_3_message' aria-label=\"Your Message\">Your Message<\/label><\/div><div class='ff-el-input--content'><textarea aria-required=\"true\" aria-labelledby=\"label_ff_3_message\" name=\"message\" id=\"ff_3_message\" class=\"ff-el-form-control contact-form-content\" placeholder=\"Tell us your industry and interests for tailored solutions and quotes.\" rows=\"4\" cols=\"2\" data-name=\"message\" ><\/textarea><\/div><\/div><div class='ff-el-group ff-el-form-top  ff_list_inline'><div class=\"ff-el-input--label asterisk-right\"><label   aria-label=\"Do you need to upload files\uff1f\">Do you need to upload files\uff1f<\/label><\/div><div class='ff-el-input--content'><div class='ff-el-form-check ff-el-form-check-'><label class='ff-el-form-check-label' for='input_radio_d47b44bbdbdb0857b550e04b1d712c9c'><input  type=\"radio\" name=\"input_radio\" data-name=\"input_radio\" class=\"ff-el-form-check-input ff-el-form-check-radio\" value=\"yes\"  id='input_radio_d47b44bbdbdb0857b550e04b1d712c9c' aria-label='Yes' aria-invalid='false' aria-required=false> <span>Yes<\/span><\/label><\/div><div class='ff-el-form-check ff-el-form-check-'><label class='ff-el-form-check-label' for='input_radio_254aaddb918de26f83584bded1c3321e'><input  type=\"radio\" name=\"input_radio\" data-name=\"input_radio\" class=\"ff-el-form-check-input ff-el-form-check-radio\" value=\"no\"  id='input_radio_254aaddb918de26f83584bded1c3321e' aria-label='No' aria-invalid='false' aria-required=false> <span>No<\/span><\/label><\/div><\/div><\/div><div class='ff-el-group ff-el-form-hide_label has-conditions'><div class=\"ff-el-input--label asterisk-right\"><label for='ff_3_file-upload_1' id='label_ff_3_file-upload_1' aria-label=\"File Upload\">File Upload<\/label><\/div><div class='ff-el-input--content'><label for='ff_3_file-upload_1' class='ff_file_upload_holder'><span class='ff_upload_btn ff-btn' tabindex='0'>Choose File<\/span> <input type=\"file\" name=\"file-upload\" id=\"ff_3_file-upload_1\" class=\"ff-el-form-control  ff-screen-reader-element\" data-name=\"file-upload\" multiple=\"1\"  aria-invalid='false' aria-required=false><\/label><\/div><\/div><div class='ff-el-group ' ><div class='ff-el-input--content'><div data-fluent_id='3' name='cf-turnstile-response'><div\n\t\tdata-sitekey='0x4AAAAAABgR6jyperkAedKm'\n\t\tdata-theme='auto'\n\t\tid='fluentform-turnstile-3-1'\n\t\tclass='ff-el-turnstile cf-turnstile'\n\t\tdata-appearance='execute'><\/div><\/div><\/div><\/div><input type=\"hidden\" name=\"gclid\" data-name=\"gclid\" ><input type=\"hidden\" name=\"keyword\" data-name=\"keyword\" ><div class='ff-el-group ff-text-left ff_submit_btn_wrapper ff_submit_btn_wrapper_custom'><button class=\"ff-btn ff-btn-submit ff-btn-md ff_btn_style wpf_has_custom_css\" type=\"submit\" name=\"custom_submit_button-3_1\" data-name=\"custom_submit_button-3_1\"  aria-label=\"Submit\">Submit<\/button><style>form.fluent_form_3 .wpf_has_custom_css.ff-btn-submit { background-color:rgba(26, 134, 229, 1);border-color:#1a7efb;color:#ffffff;min-width:100%; }form.fluent_form_3 .wpf_has_custom_css.ff-btn-submit:hover { background-color:rgba(41, 124, 227, 1);border-color:rgba(16, 100, 205, 1);color:rgba(255, 255, 255, 1);min-width:100%; } <\/style><\/div><div class=\"ff-el-group\" data-name=\"action_hook-3_2\" ><\/div><\/fieldset><\/form><div id='fluentform_3_errors' class='ff-errors-in-stack ff_form_instance_3_1 ff-form-loading_errors ff_form_instance_3_1_errors'><\/div><\/div>            <script type=\"text\/javascript\">\n                window.fluent_form_ff_form_instance_3_1 = {\"id\":\"3\",\"settings\":{\"layout\":{\"labelPlacement\":\"top\",\"helpMessagePlacement\":\"with_label\",\"errorMessagePlacement\":\"inline\",\"cssClassName\":\"\",\"asteriskPlacement\":\"asterisk-right\"},\"restrictions\":{\"denyEmptySubmission\":{\"enabled\":false}}},\"form_instance\":\"ff_form_instance_3_1\",\"form_id_selector\":\"fluentform_3\",\"rules\":{\"names[first_name]\":{\"required\":{\"value\":true,\"message\":\"This field is required\",\"global_message\":\"This field is required\",\"global\":false}},\"names[middle_name]\":{\"required\":{\"value\":false,\"message\":\"Este campo es obligatorio\",\"global_message\":\"This field is required\",\"global\":true}},\"names[last_name]\":{\"required\":{\"value\":true,\"message\":\"Este campo es obligatorio\",\"global_message\":\"This field is required\",\"global\":true}},\"company[first_name]\":{\"required\":{\"value\":true,\"message\":\"This field is required\",\"global_message\":\"This field is required\",\"global\":false}},\"company[middle_name]\":{\"required\":{\"value\":false,\"message\":\"Este campo es obligatorio\",\"global_message\":\"This field is required\",\"global\":true}},\"company[last_name]\":{\"required\":{\"value\":false,\"message\":\"Este campo es obligatorio\",\"global_message\":\"This field is required\",\"global\":true}},\"Country\":{\"required\":{\"value\":true,\"message\":\"This field is required\",\"global_message\":\"This field is required\",\"global\":false}},\"phone\":{\"required\":{\"value\":false,\"global\":true,\"message\":\"Este campo es obligatorio\",\"global_message\":\"This field is required\"},\"valid_phone_number\":{\"value\":false,\"global\":true,\"message\":\"El n\\u00famero de tel\\u00e9fono no es v\\u00e1lido \",\"global_message\":\"Phone number is not valid\"}},\"email\":{\"required\":{\"value\":true,\"message\":\"This field is required\",\"global\":false,\"global_message\":\"This field is required\"},\"email\":{\"value\":true,\"message\":\"This field must contain a valid email\",\"global\":false,\"global_message\":\"This field must contain a valid email\"}},\"whatsapp\":{\"required\":{\"value\":false,\"global\":true,\"message\":\"Este campo es obligatorio\",\"global_message\":\"This field is required\"},\"valid_phone_number\":{\"value\":false,\"global\":false,\"message\":\"Phone number is not valid\",\"global_message\":\"Phone number is not valid\"}},\"subject\":{\"required\":{\"value\":true,\"message\":\"This field is required\",\"global\":false,\"global_message\":\"This field is required\"}},\"message\":{\"required\":{\"value\":true,\"message\":\"This field is required\",\"global\":false,\"global_message\":\"This field is required\"}},\"input_radio\":{\"required\":{\"value\":false,\"message\":\"Este campo es obligatorio\",\"global_message\":\"This field is required\",\"global\":true}},\"file-upload\":{\"required\":{\"value\":false,\"message\":\"Este campo es obligatorio\",\"global_message\":\"This field is required\",\"global\":true},\"max_file_size\":{\"value\":52428800,\"message\":\"La validaci\\u00f3n falla por el tama\\u00f1o m\\u00e1ximo de archivo\",\"global_message\":\"Validation fails for maximum file size\",\"global\":true,\"_valueFrom\":\"MB\"},\"max_file_count\":{\"value\":\"5\",\"message\":\"La validaci\\u00f3n falla para el recuento m\\u00e1ximo de archivos\",\"global_message\":\"Validation fails for maximum file count\",\"global\":true},\"allowed_file_types\":{\"value\":[\"jpg|jpeg|gif|png|bmp\",\"pdf\",\"doc|ppt|pps|xls|mdb|docx|xlsx|pptx|odt|odp|ods|odg|odc|odb|odf|rtf|txt\",\"zip|gz|gzip|rar|7z\"],\"message\":\"Tipo de archivo no v\\u00e1lido\",\"global_message\":\"Invalid file type\",\"global\":true}},\"cf-turnstile-response\":[]},\"debounce_time\":300,\"conditionals\":{\"file-upload\":{\"type\":\"any\",\"status\":true,\"conditions\":[{\"field\":\"input_radio\",\"value\":\"yes\",\"operator\":\"=\"}],\"condition_groups\":[{\"rules\":[{\"field\":\"\",\"value\":\"\",\"operator\":\"\"}],\"title\":\"\",\"isEditingTitle\":false,\"isPreviewOpen\":false,\"isGroupOpen\":true}]}}};\n                            <\/script>\n            \n\n\n<h2 class=\"wp-block-heading\">Let\u2019s talk!<\/h2>\n\nWe value every customer&#8217;s voice and look forward to discussing how we can provide the best solutions for your business.\n\nEmail:\n\nAddress:\n\nWhatsApp\/Tel:\n\nFollow Us:\n\n","protected":false},"excerpt":{"rendered":"<p>Contact SOETECK 24\/7 customer service, quotes, consultations, and expert advice on product selection. Tell us what you want. Our Location Let\u2019s talk! We value every customer&#8217;s voice and look forward to discussing how we can provide the best solutions for your business. Email: Address: WhatsApp\/Tel: Follow Us:<\/p>","protected":false},"author":2,"featured_media":0,"parent":0,"menu_order":0,"comment_status":"closed","ping_status":"closed","template":"","meta":{"_acf_changed":false,"pgc_sgb_lightbox_settings":"","footnotes":""},"class_list":["post-22764","page","type-page","status-publish","hentry"],"acf":[],"_links":{"self":[{"href":"https:\/\/soeteck.com\/es\/wp-json\/wp\/v2\/pages\/22764","targetHints":{"allow":["GET"]}}],"collection":[{"href":"https:\/\/soeteck.com\/es\/wp-json\/wp\/v2\/pages"}],"about":[{"href":"https:\/\/soeteck.com\/es\/wp-json\/wp\/v2\/types\/page"}],"author":[{"embeddable":true,"href":"https:\/\/soeteck.com\/es\/wp-json\/wp\/v2\/users\/2"}],"replies":[{"embeddable":true,"href":"https:\/\/soeteck.com\/es\/wp-json\/wp\/v2\/comments?post=22764"}],"version-history":[{"count":76,"href":"https:\/\/soeteck.com\/es\/wp-json\/wp\/v2\/pages\/22764\/revisions"}],"predecessor-version":[{"id":34683,"href":"https:\/\/soeteck.com\/es\/wp-json\/wp\/v2\/pages\/22764\/revisions\/34683"}],"wp:attachment":[{"href":"https:\/\/soeteck.com\/es\/wp-json\/wp\/v2\/media?parent=22764"}],"curies":[{"name":"wp","href":"https:\/\/api.w.org\/{rel}","templated":true}]}}