{"id":22766,"date":"2025-07-17T15:56:17","date_gmt":"2025-07-17T07:56:17","guid":{"rendered":"https:\/\/i6w5ng617y.onrocket.site\/?page_id=22766"},"modified":"2026-02-26T17:30:13","modified_gmt":"2026-02-26T09:30:13","slug":"about-soeteck","status":"publish","type":"page","link":"https:\/\/soeteck.com\/es\/about-soeteck\/","title":{"rendered":"Acerca de Soeteck"},"content":{"rendered":"<h2 class=\"wp-block-heading\">Qui\u00e9nes somos<\/h2>\n\n\n\n<p><p>SOETECK, tambi\u00e9n conocida como SHUYI en chino, es un fabricante profesional de soluciones de infraestructuras cr\u00edticas en China, especializado en sistemas de alimentaci\u00f3n cr\u00edtica y refrigeraci\u00f3n de precisi\u00f3n para centros de datos y telecomunicaciones.<\/p>\n<p>Destacamos en el dise\u00f1o y suministro de soluciones integradas para centros de datos, que abarcan centros de datos prefabricados en contenedores, micro modulares y en bastidor. Y nuestros productos incluyen climatizadores de precisi\u00f3n, sistemas de alimentaci\u00f3n ininterrumpida (SAI), PDU, bater\u00edas VRLA y otros equipos utilizados en entornos cr\u00edticos.&nbsp;<\/p>\n<p>Con d\u00e9cadas de experiencia dedicada a la infraestructura de centros de datos y telecomunicaciones, combinamos amplios conocimientos t\u00e9cnicos con instalaciones de vanguardia para ofrecer productos innovadores y fiables.&nbsp;<\/p><\/p>\n\n\n\n<figure class=\"wp-block-embed is-type-video is-provider-youtube wp-block-embed-youtube wp-embed-aspect-16-9 wp-has-aspect-ratio\"><div class=\"wp-block-embed__wrapper\">\n<iframe title=\"V\u00eddeo de presentaci\u00f3n de SOETECK\" width=\"500\" height=\"281\" src=\"https:\/\/www.youtube.com\/embed\/s5zYTa9BSfo?feature=oembed\" frameborder=\"0\" allow=\"accelerometer; autoplay; clipboard-write; encrypted-media; gyroscope; picture-in-picture; web-share\" referrerpolicy=\"strict-origin-when-cross-origin\" allowfullscreen><\/iframe>\n<\/div><\/figure>\n\n\n\n<h2 class=\"wp-block-heading\">C\u00f3mo servimos<\/h2>\n\n\n\n<h3 class=\"wp-block-heading\">2012<\/h3>\n\n\n\n<h3 class=\"wp-block-heading\">Nuestro viaje a trav\u00e9s de los a\u00f1os<\/h3>\n\n\n\n<p>Fundaci\u00f3n de SOETECK<\/p>\n\n\n\n<h0>Visi\u00f3n<\/h0>\n\n\n<p><!-- wp:Array \/--><\/p>\n\n\n<h0>Misi\u00f3n<\/h0>\n\n\n<p><!-- wp:Array \/--><\/p>\n\n\n<p>Con d\u00e9cadas de experiencia al servicio de clientes de todo el mundo, ayudamos a nuestros socios a crear negocios sostenibles. Adem\u00e1s de suministrar productos de primera calidad, ofrecemos servicios integrales para garantizar la prosperidad de su negocio.<\/p>\n\n\n\n<h3 class=\"wp-block-heading\">Consultor gratuito<\/h3>\n\n\n\n<p>Respuesta r\u00e1pida<\/p>\n\n\n\n<h2 class=\"wp-block-heading\">Por qu\u00e9 elegirnos<\/h2>\n\n\n\n<h3 class=\"wp-block-heading\">Asistencia t\u00e9cnica<\/h3>\n\n\n\n<p>Apoyo de un equipo de expertos<\/p>\n\n\n\n<h3 class=\"wp-block-heading\">Garant\u00eda de calidad<\/h3>\n\n\n\n<p>Servicio sin preocupaciones<\/p>\n\n\n\n<h3 class=\"wp-block-heading\">Personalizaci\u00f3n<\/h3>\n\n\n\n<p>Hazlo realidad<\/p>\n\n\n\n<h3 class=\"wp-block-heading\">2024<\/h3>\n\n\n\n<p>Finalizaci\u00f3n de la base de fabricaci\u00f3n de Hefei<\/p>\n\n\n\n<h3 class=\"wp-block-heading\">2023<\/h3>\n\n\n\n<p>Proveedor de Major Telecom Corp.<\/p>\n\n\n\n<h3 class=\"wp-block-heading\">2022<\/h3>\n\n\n\n<p>Formaci\u00f3n de Joint Venture en EAU<\/p>\n\n\n\n<h3 class=\"wp-block-heading\">2020<\/h3>\n\n\n\n<p>Exportaci\u00f3n de soluciones para centros de datos<\/p>\n\n\n\n<h3 class=\"wp-block-heading\">2018<\/h3>\n\n\n\n<p>Introducci\u00f3n de soluciones SAI<\/p>\n\n\n\n<h3 class=\"wp-block-heading\">2016<\/h3>\n\n\n\n<p>Soluciones de alimentaci\u00f3n para telecomunicaciones<\/p>\n\n\n\n<h3 class=\"wp-block-heading\">2014<\/h3>\n\n\n\n<p>Lanzamiento de la producci\u00f3n y venta de PAC<\/p>\n\n\n\n<h3 class=\"wp-block-heading\">Centro de fabricaci\u00f3n avanzada<\/h3>\n\n\n\n<p>En SOETECK, damos prioridad a la innovaci\u00f3n de productos y a la investigaci\u00f3n y el desarrollo, con el apoyo de instalaciones avanzadas que incluyen laboratorios de compatibilidad electromagn\u00e9tica, an\u00e1lisis de diferencias ent\u00e1lpicas, fiabilidad medioambiental, pruebas de ruido y vibraciones, medici\u00f3n de potencia y protecci\u00f3n IP. Estos laboratorios de \u00faltima generaci\u00f3n nos permiten probar rigurosamente nuestros productos, garantizando que cumplen las normas m\u00e1s estrictas de rendimiento y fiabilidad.<\/p>\n\n\n\n<p>A\u00f1o Experiencia<\/p>\n\n\n\n<p>Millones de ingresos<\/p>\n\n\n\n<p>Empleados nacionales<\/p>\n\n\n\n<p>Pa\u00edses cubiertos<\/p>\n\n\n\n<h3 class=\"wp-block-heading\">Certificados destacados<\/h3>\n\n\n\n<p>Nos comprometemos a mantener pr\u00e1cticas rigurosas de gesti\u00f3n de la calidad y el medio ambiente, como reflejan nuestras certificaciones: ISO9001 para la gesti\u00f3n de la calidad, ISO14001 para la gesti\u00f3n medioambiental e ISO45001 para la salud y seguridad en el trabajo. Adem\u00e1s, nuestros productos cumplen las normas internacionales y est\u00e1n certificados por organizaciones como la CE, lo que refuerza nuestra dedicaci\u00f3n a la seguridad, la sostenibilidad y la excelencia.<\/p>\n\n\n\n<figure class=\"wp-block-gallery has-nested-images columns-6 is-cropped wp-block-gallery-1 is-layout-flex wp-block-gallery-is-layout-flex\">\n<figure class=\"wp-block-image size-large\"><img decoding=\"async\" width=\"725\" height=\"1024\" data-id=\"29985\" src=\"https:\/\/soeteck.com\/resources\/Soeteck-CE-Certificates-for-PAC-1-725x1024.webp\" alt=\"Certificados CE de Soeteck para PAC\" class=\"wp-image-29985\" srcset=\"https:\/\/soeteck.com\/resources\/Soeteck-CE-Certificates-for-PAC-1-725x1024.webp 725w, https:\/\/soeteck.com\/resources\/Soeteck-CE-Certificates-for-PAC-1-600x848.webp 600w, https:\/\/soeteck.com\/resources\/Soeteck-CE-Certificates-for-PAC-1-212x300.webp 212w, https:\/\/soeteck.com\/resources\/Soeteck-CE-Certificates-for-PAC-1-768x1085.webp 768w, https:\/\/soeteck.com\/resources\/Soeteck-CE-Certificates-for-PAC-1-1087x1536.webp 1087w, https:\/\/soeteck.com\/resources\/Soeteck-CE-Certificates-for-PAC-1-8x12.webp 8w, https:\/\/soeteck.com\/resources\/Soeteck-CE-Certificates-for-PAC-1.webp 1200w\" sizes=\"(max-width: 725px) 100vw, 725px\" \/><\/figure>\n\n\n\n<figure class=\"wp-block-image size-large\"><img decoding=\"async\" width=\"725\" height=\"1024\" data-id=\"29987\" src=\"https:\/\/soeteck.com\/resources\/Soeteck-CE-Certificates-for-UPS-725x1024.webp\" alt=\"Certificados CE de Soeteck para SAI\" class=\"wp-image-29987\" srcset=\"https:\/\/soeteck.com\/resources\/Soeteck-CE-Certificates-for-UPS-725x1024.webp 725w, https:\/\/soeteck.com\/resources\/Soeteck-CE-Certificates-for-UPS-600x848.webp 600w, https:\/\/soeteck.com\/resources\/Soeteck-CE-Certificates-for-UPS-212x300.webp 212w, https:\/\/soeteck.com\/resources\/Soeteck-CE-Certificates-for-UPS-768x1085.webp 768w, https:\/\/soeteck.com\/resources\/Soeteck-CE-Certificates-for-UPS-1087x1536.webp 1087w, https:\/\/soeteck.com\/resources\/Soeteck-CE-Certificates-for-UPS-8x12.webp 8w, https:\/\/soeteck.com\/resources\/Soeteck-CE-Certificates-for-UPS.webp 1200w\" sizes=\"(max-width: 725px) 100vw, 725px\" \/><\/figure>\n\n\n\n<figure class=\"wp-block-image size-large\"><img decoding=\"async\" width=\"724\" height=\"1024\" data-id=\"29989\" src=\"https:\/\/soeteck.com\/resources\/Soeteck-ISO9001-2-724x1024.webp\" alt=\"Soeteck ISO9001\" class=\"wp-image-29989\" srcset=\"https:\/\/soeteck.com\/resources\/Soeteck-ISO9001-2-724x1024.webp 724w, https:\/\/soeteck.com\/resources\/Soeteck-ISO9001-2-600x849.webp 600w, https:\/\/soeteck.com\/resources\/Soeteck-ISO9001-2-212x300.webp 212w, https:\/\/soeteck.com\/resources\/Soeteck-ISO9001-2-768x1086.webp 768w, https:\/\/soeteck.com\/resources\/Soeteck-ISO9001-2-1086x1536.webp 1086w, https:\/\/soeteck.com\/resources\/Soeteck-ISO9001-2-8x12.webp 8w, https:\/\/soeteck.com\/resources\/Soeteck-ISO9001-2.webp 1200w\" sizes=\"(max-width: 724px) 100vw, 724px\" \/><\/figure>\n\n\n\n<figure class=\"wp-block-image size-large\"><img decoding=\"async\" width=\"724\" height=\"1024\" data-id=\"29991\" src=\"https:\/\/soeteck.com\/resources\/Soeteck-ISO14001-12-724x1024.webp\" alt=\"Soeteck ISO14001\" class=\"wp-image-29991\" srcset=\"https:\/\/soeteck.com\/resources\/Soeteck-ISO14001-12-724x1024.webp 724w, https:\/\/soeteck.com\/resources\/Soeteck-ISO14001-12-600x849.webp 600w, https:\/\/soeteck.com\/resources\/Soeteck-ISO14001-12-212x300.webp 212w, https:\/\/soeteck.com\/resources\/Soeteck-ISO14001-12-768x1086.webp 768w, https:\/\/soeteck.com\/resources\/Soeteck-ISO14001-12-1086x1536.webp 1086w, https:\/\/soeteck.com\/resources\/Soeteck-ISO14001-12-8x12.webp 8w, https:\/\/soeteck.com\/resources\/Soeteck-ISO14001-12.webp 1200w\" sizes=\"(max-width: 724px) 100vw, 724px\" \/><\/figure>\n\n\n\n<figure class=\"wp-block-image size-large\"><img decoding=\"async\" width=\"724\" height=\"1024\" data-id=\"29993\" src=\"https:\/\/soeteck.com\/resources\/Soeteck-ISO45001-2-724x1024.webp\" alt=\"Soeteck ISO45001\" class=\"wp-image-29993\" srcset=\"https:\/\/soeteck.com\/resources\/Soeteck-ISO45001-2-724x1024.webp 724w, https:\/\/soeteck.com\/resources\/Soeteck-ISO45001-2-600x849.webp 600w, https:\/\/soeteck.com\/resources\/Soeteck-ISO45001-2-212x300.webp 212w, https:\/\/soeteck.com\/resources\/Soeteck-ISO45001-2-768x1086.webp 768w, https:\/\/soeteck.com\/resources\/Soeteck-ISO45001-2-1086x1536.webp 1086w, https:\/\/soeteck.com\/resources\/Soeteck-ISO45001-2-8x12.webp 8w, https:\/\/soeteck.com\/resources\/Soeteck-ISO45001-2.webp 1200w\" sizes=\"(max-width: 724px) 100vw, 724px\" \/><\/figure>\n\n\n\n<figure class=\"wp-block-image size-large\"><img decoding=\"async\" width=\"725\" height=\"1024\" data-id=\"30063\" src=\"https:\/\/soeteck.com\/resources\/Soeteck-UPS-IEC-725x1024.webp\" alt=\"Soeteck SAI IEC\" class=\"wp-image-30063\" srcset=\"https:\/\/soeteck.com\/resources\/Soeteck-UPS-IEC-725x1024.webp 725w, https:\/\/soeteck.com\/resources\/Soeteck-UPS-IEC-600x848.webp 600w, https:\/\/soeteck.com\/resources\/Soeteck-UPS-IEC-212x300.webp 212w, https:\/\/soeteck.com\/resources\/Soeteck-UPS-IEC-768x1085.webp 768w, https:\/\/soeteck.com\/resources\/Soeteck-UPS-IEC-1087x1536.webp 1087w, https:\/\/soeteck.com\/resources\/Soeteck-UPS-IEC-8x12.webp 8w, https:\/\/soeteck.com\/resources\/Soeteck-UPS-IEC.webp 1200w\" sizes=\"(max-width: 725px) 100vw, 725px\" \/><\/figure>\n<\/figure>\n\n\n\n<h3 class=\"wp-block-heading\">Presencia mundial<\/h3>\n\n\n\n<p>Con sucursales y oficinas en m\u00e1s de 50 pa\u00edses y presencia en 86 mercados, SOETECK ofrece soluciones personalizadas en todo el mundo.&nbsp;<\/p>\n\n\n\n<figure class=\"wp-block-image size-full\"><img decoding=\"async\" src=\"https:\/\/soeteck.com\/resources\/world.svg\" alt=\"\" class=\"wp-image-30016\"><\/figure>\n\n\n\n<h2 class=\"wp-block-heading\">\u00daltimos hitos<\/h2>\n\n\n\n<p>Soeteck siempre ha estado preparada para explorar nuevas oportunidades, fomentar conexiones m\u00e1s profundas y seguir avanzando en nuestra misi\u00f3n de crear un futuro m\u00e1s inteligente y sostenible. Estos hitos representan nuestra historia y nuestra visi\u00f3n.<\/p>\n\n\n\n<figure class=\"wp-block-image size-medium_large\"><a ><img decoding=\"async\" width=\"650\" height=\"360\" src=\"https:\/\/soeteck.com\/resources\/Soeteck-factory-in-Hefei-China-2.webp\" class=\"wp-image-32444\" alt=\"\" srcset=\"https:\/\/soeteck.com\/resources\/Soeteck-factory-in-Hefei-China-2.webp 650w, https:\/\/soeteck.com\/resources\/Soeteck-factory-in-Hefei-China-2-600x332.webp 600w, https:\/\/soeteck.com\/resources\/Soeteck-factory-in-Hefei-China-2-300x166.webp 300w, https:\/\/soeteck.com\/resources\/Soeteck-factory-in-Hefei-China-2-18x10.webp 18w\" sizes=\"(max-width: 650px) 100vw, 650px\" \/><\/a><\/figure>\n\n\n\n<h3 class=\"wp-block-heading\">{post_title}<\/h3>\n\n\n\n<p>{post_excerpt}<\/p>\n\n\n\n<div class=\"wp-block-buttons is-layout-flex wp-block-buttons-is-layout-flex\">\n<div class=\"wp-block-button\"><a class=\"wp-block-button__link wp-element-button\">Seguir leyendo<\/a><\/div>\n<\/div>\n\n\n\n<h1 class=\"wp-block-heading\">Alimente y refrigere sus instalaciones cr\u00edticas<\/h1>\n\n\n\n<p>Fabricante profesional chino de confianza de soluciones para infraestructuras cr\u00edticas <br>para centros de datos escalables<\/p>\n\n\n\n<p>Fabricante profesional chino de confianza<\/p>","protected":false},"excerpt":{"rendered":"<p>SOETECK es un fabricante profesional de soluciones de infraestructuras cr\u00edticas en China, especializado en sistemas de alimentaci\u00f3n cr\u00edtica y refrigeraci\u00f3n de precisi\u00f3n para centros de datos y telecomunicaciones.<\/p>","protected":false},"author":2,"featured_media":32444,"parent":0,"menu_order":0,"comment_status":"closed","ping_status":"closed","template":"","meta":{"_acf_changed":false,"pgc_sgb_lightbox_settings":"","footnotes":""},"class_list":["post-22766","page","type-page","status-publish","has-post-thumbnail","hentry"],"acf":[],"_links":{"self":[{"href":"https:\/\/soeteck.com\/es\/wp-json\/wp\/v2\/pages\/22766","targetHints":{"allow":["GET"]}}],"collection":[{"href":"https:\/\/soeteck.com\/es\/wp-json\/wp\/v2\/pages"}],"about":[{"href":"https:\/\/soeteck.com\/es\/wp-json\/wp\/v2\/types\/page"}],"author":[{"embeddable":true,"href":"https:\/\/soeteck.com\/es\/wp-json\/wp\/v2\/users\/2"}],"replies":[{"embeddable":true,"href":"https:\/\/soeteck.com\/es\/wp-json\/wp\/v2\/comments?post=22766"}],"version-history":[{"count":100,"href":"https:\/\/soeteck.com\/es\/wp-json\/wp\/v2\/pages\/22766\/revisions"}],"predecessor-version":[{"id":34508,"href":"https:\/\/soeteck.com\/es\/wp-json\/wp\/v2\/pages\/22766\/revisions\/34508"}],"wp:featuredmedia":[{"embeddable":true,"href":"https:\/\/soeteck.com\/es\/wp-json\/wp\/v2\/media\/32444"}],"wp:attachment":[{"href":"https:\/\/soeteck.com\/es\/wp-json\/wp\/v2\/media?parent=22766"}],"curies":[{"name":"wp","href":"https:\/\/api.w.org\/{rel}","templated":true}]}}