{"id":28259,"date":"2025-08-15T09:40:11","date_gmt":"2025-08-15T01:40:11","guid":{"rendered":"https:\/\/i6w5ng617y.onrocket.site\/?page_id=28259"},"modified":"2025-11-06T14:32:44","modified_gmt":"2025-11-06T06:32:44","slug":"thank-you","status":"publish","type":"page","link":"https:\/\/soeteck.com\/es\/thank-you\/","title":{"rendered":"Gracias"},"content":{"rendered":"<p>Hemos recibido su mensaje y nuestro equipo revisar\u00e1 en breve su solicitud. Puede esperar nuestra respuesta en las pr\u00f3ximas 24 horas.<\/p>\n<p>Est\u00e9 atento a su bandeja de entrada y busque correos electr\u00f3nicos que terminen en <em><strong style=\"text-decoration: underline;\">@shuyipower.com<\/strong><\/em> para que no se pierda nuestra respuesta.<\/p>\n\n<h3 class=\"wp-block-heading\">Gracias\uff01<\/h3>\n\n<p>He recibido su mensaje. Nuestro equipo revisar\u00e1 su solicitud y se pondr\u00e1 en contacto con usted en 24 horas. Est\u00e9 atento a su bandeja de entrada para <strong style=\"text-decoration: underline;\">@shuyipower.com<\/strong> correos electr\u00f3nicos.<\/p>","protected":false},"excerpt":{"rendered":"<p>We have received your message, and our team will soon review your request. You can expect a response from us within the next 24 hours. Please keep an eye on your inbox and look out for emails ending in @shuyipower.com to ensure you don\u2019t miss our response. Thank You\uff01 Got your message! Our team will [&hellip;]<\/p>\n","protected":false},"author":2,"featured_media":0,"parent":0,"menu_order":0,"comment_status":"closed","ping_status":"closed","template":"","meta":{"_acf_changed":false,"pgc_sgb_lightbox_settings":"","footnotes":""},"class_list":["post-28259","page","type-page","status-publish","hentry"],"acf":[],"_links":{"self":[{"href":"https:\/\/soeteck.com\/es\/wp-json\/wp\/v2\/pages\/28259","targetHints":{"allow":["GET"]}}],"collection":[{"href":"https:\/\/soeteck.com\/es\/wp-json\/wp\/v2\/pages"}],"about":[{"href":"https:\/\/soeteck.com\/es\/wp-json\/wp\/v2\/types\/page"}],"author":[{"embeddable":true,"href":"https:\/\/soeteck.com\/es\/wp-json\/wp\/v2\/users\/2"}],"replies":[{"embeddable":true,"href":"https:\/\/soeteck.com\/es\/wp-json\/wp\/v2\/comments?post=28259"}],"version-history":[{"count":35,"href":"https:\/\/soeteck.com\/es\/wp-json\/wp\/v2\/pages\/28259\/revisions"}],"predecessor-version":[{"id":33175,"href":"https:\/\/soeteck.com\/es\/wp-json\/wp\/v2\/pages\/28259\/revisions\/33175"}],"wp:attachment":[{"href":"https:\/\/soeteck.com\/es\/wp-json\/wp\/v2\/media?parent=28259"}],"curies":[{"name":"wp","href":"https:\/\/api.w.org\/{rel}","templated":true}]}}