{"id":28304,"date":"2025-08-15T13:56:29","date_gmt":"2025-08-15T05:56:29","guid":{"rendered":"https:\/\/i6w5ng617y.onrocket.site\/?page_id=28304"},"modified":"2025-08-15T14:52:30","modified_gmt":"2025-08-15T06:52:30","slug":"privacy-policy","status":"publish","type":"page","link":"https:\/\/soeteck.com\/es\/privacy-policy\/","title":{"rendered":"Pol\u00edtica de privacidad\u00a0"},"content":{"rendered":"<p>SOETECK y sus filiales (colectivamente, \"SOETECK\", \"nosotros\", \"nos\" y \"nuestro\") respetan su privacidad. Por favor, lea lo siguiente para saber m\u00e1s sobre nuestra Pol\u00edtica de Privacidad (\"esta Pol\u00edtica\"). Esta Pol\u00edtica se aplica a los sitios web, productos y servicios de SOETECK que muestran o proporcionan enlaces a esta Pol\u00edtica.<\/p>\n\n\n\n<p>La presente Pol\u00edtica describe la forma en que SOETECK puede, en general, tratar sus datos personales, pero es posible que no aborde todos los escenarios posibles de tratamiento de datos. SOETECK podr\u00e1 informarle de la recogida de datos espec\u00edficos de productos o servicios a trav\u00e9s de pol\u00edticas o avisos complementarios facilitados antes de la recogida.<\/p>\n\n\n\n<p>Esta Pol\u00edtica describe:<\/p>\n\n\n\n<ul class=\"wp-block-list\">\n<li><a href=\"https:\/\/soeteck.com\/en\/privacy-policy\/#collect-use\">C\u00f3mo recopilamos y utilizamos sus datos personales<\/a><\/li>\n\n\n\n<li><a href=\"https:\/\/soeteck.com\/en\/privacy-policy\/#cookies\">Cookies y tecnolog\u00edas similares<\/a><\/li>\n\n\n\n<li><a href=\"https:\/\/soeteck.com\/en\/privacy-policy\/#disclose\">C\u00f3mo divulgamos los datos personales<\/a><\/li>\n\n\n\n<li><a href=\"https:\/\/soeteck.com\/en\/privacy-policy\/#access-control\">C\u00f3mo acceder a sus datos personales y controlarlos<\/a><\/li>\n\n\n\n<li><a href=\"https:\/\/soeteck.com\/en\/privacy-policy\/#protect-retain\">C\u00f3mo protegemos y conservamos sus datos personales<\/a><\/li>\n\n\n\n<li><a href=\"https:\/\/soeteck.com\/en\/privacy-policy\/#children\">C\u00f3mo tratamos los datos personales de los ni\u00f1os<\/a><\/li>\n\n\n\n<li><a href=\"https:\/\/soeteck.com\/en\/privacy-policy\/#third-party\">Terceros proveedores y sus servicios<\/a><\/li>\n\n\n\n<li><a href=\"https:\/\/soeteck.com\/en\/privacy-policy\/#international-transfers\">Transferencias internacionales de sus datos personales<\/a><\/li>\n\n\n\n<li><a href=\"https:\/\/soeteck.com\/en\/privacy-policy\/#updates\">Actualizaciones de esta pol\u00edtica<\/a><\/li>\n\n\n\n<li><a href=\"https:\/\/soeteck.com\/en\/privacy-policy\/#contact\">C\u00f3mo ponerse en contacto con nosotros<\/a><\/li>\n<\/ul>\n\n\n\n<h2 class=\"wp-block-heading\" id=\"collect-use\">1. C\u00f3mo recopilamos y utilizamos sus datos personales<\/h2>\n\n\n\n<p>Por datos personales se entiende cualquier dato que, por s\u00ed solo o junto con otros datos, pueda utilizarse para identificar a una persona f\u00edsica. Usted nos proporciona directamente dichos datos cuando utiliza nuestros sitios web, productos o servicios, o interact\u00faa con nosotros, por ejemplo, creando una cuenta SOETECK o poni\u00e9ndose en contacto con nosotros para solicitar asistencia. Tambi\u00e9n podemos obtener datos registrando c\u00f3mo interact\u00faa con nuestros sitios web, productos o servicios. Por ejemplo, podemos utilizar tecnolog\u00edas como las cookies o recibir datos de uso del software que se ejecuta en su dispositivo. En la medida en que lo permita la ley, tambi\u00e9n podemos obtener datos de fuentes p\u00fablicas y comerciales de terceros, por ejemplo, comprando estad\u00edsticas a otras empresas para apoyar nuestros servicios.<\/p>\n\n\n\n<p>Los datos personales que recopilamos incluyen, entre otros, su nombre, sexo, nombre de la empresa, puesto de trabajo, direcci\u00f3n postal y de correo electr\u00f3nico, n\u00famero de tel\u00e9fono, informaci\u00f3n de inicio de sesi\u00f3n (cuenta y contrase\u00f1a), fotos e informaci\u00f3n sobre certificados, dependiendo de c\u00f3mo interact\u00fae con SOETECK, como el sitio web que visite o los productos y servicios que utilice. Tambi\u00e9n recopilamos la informaci\u00f3n que nos proporciona y el contenido de los mensajes que nos env\u00eda, como la informaci\u00f3n de consulta que nos proporciona o las preguntas o informaci\u00f3n que nos facilita para recibir asistencia del servicio de atenci\u00f3n al cliente.<\/p>\n\n\n\n<p>Antes de utilizar los productos o servicios de SOETECK, es posible que se le soliciten datos personales. En algunos casos, podr\u00e1 optar por no revelar sus datos personales a SOETECK. Sin embargo, el hecho de no facilitar a SOETECK determinados datos puede significar que no podamos ofrecerle determinados productos o servicios o responder a un problema que nos haya planteado.<\/p>\n\n\n\n<p>Podemos utilizar sus datos personales para los siguientes fines:<\/p>\n\n\n\n<ul class=\"wp-block-list\">\n<li>Crear una cuenta.<\/li>\n\n\n\n<li>Cumplimiento de sus solicitudes de transacciones o servicios, incluida la realizaci\u00f3n de pedidos; entrega, activaci\u00f3n o verificaci\u00f3n de productos o servicios; formaci\u00f3n y certificaci\u00f3n; gesti\u00f3n y procesamiento de ex\u00e1menes de formaci\u00f3n y certificaci\u00f3n; participaci\u00f3n en actividades presenciales o virtuales; cumplimiento de sus solicitudes de cambios o suministro de la informaci\u00f3n solicitada (como materiales de marketing para productos y servicios, y libros blancos); y prestaci\u00f3n de asistencia t\u00e9cnica.<\/li>\n\n\n\n<li>Ponernos en contacto con usted con su consentimiento; enviarle informaci\u00f3n sobre productos y servicios que puedan interesarle; invitarle a participar en actividades de SOETECK (incluidas actividades promocionales), estudios de mercado o encuestas de satisfacci\u00f3n; o enviarle informaci\u00f3n comercial. Si no desea recibir este tipo de informaci\u00f3n, puede darse de baja en cualquier momento.<\/li>\n\n\n\n<li>Enviarle avisos importantes, como instalaciones y actualizaciones de sistemas operativos o aplicaciones.<\/li>\n\n\n\n<li>Proporcionarle una experiencia de usuario y contenidos personalizados.<\/li>\n\n\n\n<li>Calificaci\u00f3n y gesti\u00f3n de proveedores y socios comerciales, y comunicaci\u00f3n y\/o colaboraci\u00f3n con proveedores y socios comerciales.<\/li>\n\n\n\n<li>Mejorar nuestros productos y servicios mediante auditor\u00edas internas, an\u00e1lisis de datos e investigaci\u00f3n.<\/li>\n\n\n\n<li>Analizar la eficiencia de nuestras operaciones comerciales y evaluar la cuota de mercado.<\/li>\n\n\n\n<li>Soluci\u00f3n de problemas cuando nos env\u00ede informes de errores.<\/li>\n\n\n\n<li>Sincronizar, compartir y almacenar los datos que cargas o descargas y los datos necesarios para la carga y descarga.<\/li>\n\n\n\n<li>Garantizar la seguridad de nuestros productos, servicios y clientes o usuarios, ejecutando y mejorando nuestros programas de prevenci\u00f3n de p\u00e9rdidas y lucha contra el fraude.<\/li>\n\n\n\n<li>Cumplir y hacer cumplir los requisitos legales aplicables, las normas del sector y nuestras pol\u00edticas.<\/li>\n<\/ul>\n\n\n\n<p>SOETECK tambi\u00e9n puede recoger y utilizar informaci\u00f3n no personal identificable (Non-PII). La informaci\u00f3n no identificable es aquella que no puede utilizarse para identificar a una persona concreta. Por ejemplo, SOETECK recopilar\u00e1 datos estad\u00edsticos, como el n\u00famero de visitas a su sitio web. Recogemos estos datos para comprender c\u00f3mo utilizan los usuarios nuestros sitios web, productos y servicios, de modo que podamos mejorar nuestros servicios y satisfacer mejor sus necesidades. SOETECK puede recopilar, utilizar, procesar, transferir o divulgar datos no personales para otros fines seg\u00fan su propio criterio. Nos esforzaremos por aislar sus datos personales de los datos no personales y nos aseguraremos de que ambos tipos de datos se utilicen por separado. Si los datos personales se combinan con datos no personales, seguir\u00e1n siendo tratados como datos personales durante el procesamiento.<\/p>\n\n\n\n<p>SOETECK tratar\u00e1 sus datos personales siguiendo los requisitos de las leyes aplicables sobre una base legal apropiada, incluyendo:<\/p>\n\n\n\n<ul class=\"wp-block-list\">\n<li>Tratar sus datos personales para cumplir el contrato al responder a una transacci\u00f3n o solicitud de servicio;<\/li>\n\n\n\n<li>Tratamiento de sus datos personales con su consentimiento;<\/li>\n\n\n\n<li>Tratamiento con fines de mejora empresarial y\/o basado en los intereses leg\u00edtimos de SOETECK o de un tercero, cuando utilizamos sus datos personales para ponernos en contacto con usted, realizar estudios de marketing o de mercado, mejorar nuestros productos y servicios, ejecutar y mejorar nuestros programas de prevenci\u00f3n de p\u00e9rdidas y lucha contra el fraude, y otros fines. Los intereses leg\u00edtimos incluyen permitirnos gestionar y operar nuestro negocio de manera m\u00e1s eficaz y proporcionar nuestros productos y servicios; proteger la seguridad de nuestros negocios, sistemas, productos, servicios y clientes; gesti\u00f3n interna; cumplir con las pol\u00edticas y procesos internos; y otros intereses leg\u00edtimos descritos en esta pol\u00edtica;<\/li>\n\n\n\n<li>Tratar sus datos personales cuando sea necesario para cumplir y hacer frente a obligaciones legales.<\/li>\n<\/ul>\n\n\n\n<h2 class=\"wp-block-heading\" id=\"cookies\">2. Cookies y tecnolog\u00edas similares<\/h2>\n\n\n\n<h3 class=\"wp-block-heading\">2.1 Cookies<\/h3>\n\n\n\n<p>Para garantizar el correcto funcionamiento de nuestro sitio web, en ocasiones podemos colocar en su ordenador o dispositivo m\u00f3vil un peque\u00f1o fragmento de datos conocido como \"cookie\". Una cookie es un archivo de texto almacenado por un servidor web en un ordenador o dispositivo m\u00f3vil. El contenido de una cookie s\u00f3lo puede ser recuperado o le\u00eddo por el servidor que crea la cookie. El texto de una cookie suele consistir en identificadores, nombres de sitios y algunos n\u00fameros y caracteres. Las cookies son exclusivas de los navegadores o aplicaciones m\u00f3viles que utilice, y permiten a los sitios web almacenar datos como sus preferencias o los art\u00edculos de su cesta de la compra.<\/p>\n\n\n\n<p>Como muchos otros sitios web o proveedores de servicios de Internet, SOETECK utiliza cookies para mejorar la experiencia del usuario. Las cookies de sesi\u00f3n se eliminan despu\u00e9s de cada visita, mientras que las cookies persistentes permanecen activas durante varias visitas. Las cookies permiten a los sitios web recordar la configuraci\u00f3n del usuario, como el idioma, el tama\u00f1o de la fuente en su ordenador o dispositivo m\u00f3vil u otras preferencias del navegador. Esto significa que el usuario no necesita restablecer sus preferencias en cada visita. Por el contrario, si no se utilizan cookies, los sitios web le tratar\u00e1n como un nuevo visitante cada vez que cargue una p\u00e1gina web. Por ejemplo, si se le redirige a otra p\u00e1gina web desde un sitio web en el que ya ha iniciado sesi\u00f3n y luego vuelve al sitio web original, \u00e9ste no le reconocer\u00e1 y deber\u00e1 iniciar sesi\u00f3n de nuevo.<\/p>\n\n\n\n<p>SOETECK no utilizar\u00e1 cookies para fines no establecidos en la presente pol\u00edtica. Para m\u00e1s informaci\u00f3n sobre el uso que hacemos de las cookies, consulte nuestro Aviso sobre cookies. Usted puede gestionar o eliminar las cookies seg\u00fan sus preferencias. Puede borrar todas las cookies almacenadas en su ordenador, y la mayor\u00eda de los navegadores web ofrecen la opci\u00f3n de bloquear las cookies. Sin embargo, al hacerlo, tendr\u00e1 que cambiar la configuraci\u00f3n de usuario cada vez que visite nuestro sitio web. Descubra aqu\u00ed c\u00f3mo gestionar la configuraci\u00f3n de cookies de su navegador:<\/p>\n\n\n\n<ul class=\"wp-block-list\">\n<li><a href=\"https:\/\/support.microsoft.com\/en-us\/help\/278835\/how-to-delete-cookie-files-in-internet-explorer\" target=\"_blank\" rel=\"noopener\">Internet Explorer<\/a><\/li>\n\n\n\n<li><a href=\"https:\/\/support.google.com\/chrome\/answer\/95647?hl=en\" target=\"_blank\" rel=\"noopener\">Google Chrome<\/a><\/li>\n\n\n\n<li><a href=\"https:\/\/support.mozilla.org\/en-US\/kb\/delete-cookies-remove-info-websites-stored\" target=\"_blank\" rel=\"noopener\">Mozilla Firefox<\/a><\/li>\n\n\n\n<li><a href=\"https:\/\/support.apple.com\/en-us\/HT201265\" target=\"_blank\" rel=\"noopener\">Safari<\/a><\/li>\n\n\n\n<li><a href=\"https:\/\/help.opera.com\/en\/latest\/web-preferences\/#cookies\" target=\"_blank\" rel=\"noopener\">\u00d3pera<\/a><\/li>\n<\/ul>\n\n\n\n<h3 class=\"wp-block-heading\">2.2 Balizas web y etiquetas de p\u00edxel<\/h3>\n\n\n\n<p>Adem\u00e1s de las cookies, tambi\u00e9n podemos utilizar otras tecnolog\u00edas similares en nuestros sitios web, como balizas web y etiquetas de p\u00edxel. Por ejemplo, cuando usted recibe un correo electr\u00f3nico de SOETECK, puede contener una URL que enlace a una p\u00e1gina web de SOETECK. Si hace clic en el enlace, SOETECK rastrear\u00e1 su visita para ayudarnos a conocer sus preferencias en cuanto a productos y servicios y mejorar nuestro servicio al cliente. Una baliza web suele ser una imagen gr\u00e1fica transparente incrustada en un sitio web o en un correo electr\u00f3nico para identificar las cookies de su dispositivo cuando navega por el sitio web o el correo electr\u00f3nico. Podemos utilizar etiquetas de p\u00edxel en los correos electr\u00f3nicos para averiguar si un correo electr\u00f3nico ha sido abierto. Puede darse de baja de la lista de correo de SOETECK en cualquier momento si no desea que le sigamos la pista de esta forma.<\/p>\n\n\n\n<p>Al utilizar nuestro sitio web, usted acepta el uso de cookies, balizas web y etiquetas de p\u00edxel tal como se ha descrito anteriormente.<\/p>\n\n\n\n<h2 class=\"wp-block-heading\" id=\"disclose\">3. C\u00f3mo divulgamos los datos personales<\/h2>\n\n\n\n<p>SOETECK comparte sus datos personales con otros socios, tal y como se describe en la presente Pol\u00edtica, cuando los servicios son prestados por socios autorizados por SOETECK. Por ejemplo, cuando usted realiza una compra en l\u00ednea en SOETECK, puede ser necesario que compartamos sus datos personales con el proveedor log\u00edstico para organizar el env\u00edo o con un socio para la prestaci\u00f3n de servicios. Adem\u00e1s, como empresa global, podemos compartir datos personales con filiales y subsidiarias de SOETECK.<\/p>\n\n\n\n<p>Para cumplir con la legislaci\u00f3n aplicable y\/o responder a procedimientos legales v\u00e1lidos, SOETECK tambi\u00e9n podr\u00e1 revelar sus datos personales a las fuerzas y cuerpos de seguridad y\/o a otros organismos gubernamentales. Si SOETECK participa en una reestructuraci\u00f3n, fusi\u00f3n y adquisici\u00f3n, o en un procedimiento de quiebra o liquidaci\u00f3n en una jurisdicci\u00f3n determinada, sus datos personales podr\u00e1n ser revelados en relaci\u00f3n con la transacci\u00f3n. SOETECK tambi\u00e9n podr\u00e1 divulgar sus datos cuando sea apropiado, por ejemplo, para ejecutar los T\u00e9rminos y Condiciones, cuando creamos que la divulgaci\u00f3n es necesaria o apropiada para evitar da\u00f1os f\u00edsicos o p\u00e9rdidas financieras, o cuando est\u00e9 relacionada con una investigaci\u00f3n de una actividad ilegal presunta o real.<\/p>\n\n\n\n<h2 class=\"wp-block-heading\" id=\"access-control\">4. C\u00f3mo acceder a sus datos personales y controlarlos<\/h2>\n\n\n\n<p>Es su responsabilidad asegurarse de que todos los datos personales enviados a SOETECK son correctos. SOETECK se compromete a mantener la exactitud e integridad de los datos personales y a mantenerlos actualizados.<\/p>\n\n\n\n<p>En la medida en que lo exija la legislaci\u00f3n aplicable, usted puede (i) tener derecho a acceder a determinados datos personales que conservamos sobre usted, (ii) solicitar que actualicemos o corrijamos inexactitudes en dichos datos, (iii) oponerse o restringir el uso que hacemos de sus datos personales, y (iv) pedirnos que eliminemos sus datos personales de nuestra base de datos. Para ejercer estos derechos, por favor&nbsp;<a href=\"https:\/\/soeteck.com\/contact-us\/\">pulse aqu\u00ed<\/a>&nbsp;para proporcionar sus comentarios en l\u00ednea. Su solicitud por escrito puede ser necesaria por motivos de seguridad. Podemos rechazar la solicitud de conformidad con la legislaci\u00f3n aplicable.<\/p>\n\n\n\n<p>Si la legislaci\u00f3n aplicable lo permite, usted tiene derecho a retirar su consentimiento en cualquier momento cuando SOETECK trate sus datos personales bas\u00e1ndose en su consentimiento. Sin embargo, la retirada no afecta a la legitimidad y eficacia de la forma en que tratamos sus datos personales bas\u00e1ndonos en su consentimiento antes de la retirada; tampoco afecta a ning\u00fan tratamiento de datos basado en otra justificaci\u00f3n que no sea su consentimiento.<\/p>\n\n\n\n<p>En el caso de los socios\/clientes de distintas jurisdicciones, SOETECK cumple la normativa local aplicable en materia de protecci\u00f3n de datos que regula la recogida y el tratamiento de datos personales. Para obtener informaci\u00f3n sobre las leyes de protecci\u00f3n de datos de un pa\u00eds espec\u00edfico, consulte los recursos gubernamentales pertinentes o los sitios web de las autoridades de protecci\u00f3n de datos.<\/p>\n\n\n\n<h2 class=\"wp-block-heading\" id=\"protect-retain\">5. C\u00f3mo protegemos y conservamos sus datos personales<\/h2>\n\n\n\n<p>La seguridad de sus datos personales es importante para nosotros. Utilizamos medidas f\u00edsicas, de gesti\u00f3n y t\u00e9cnicas adecuadas para proteger sus datos personales contra el acceso, la divulgaci\u00f3n, el uso, la modificaci\u00f3n, el da\u00f1o o la p\u00e9rdida no autorizados. Por ejemplo, utilizamos tecnolog\u00edas criptogr\u00e1ficas para garantizar la confidencialidad de los datos, mecanismos de protecci\u00f3n para evitar ataques y mecanismos de control de acceso para permitir \u00fanicamente el acceso autorizado a sus datos personales. Tambi\u00e9n impartimos formaci\u00f3n sobre seguridad y protecci\u00f3n de la privacidad a los empleados para concienciarlos sobre la protecci\u00f3n de los datos personales. SOETECK se compromete a proteger sus datos personales; no obstante, tenga en cuenta que ninguna medida de seguridad es perfecta.<\/p>\n\n\n\n<p>Conservaremos sus datos personales durante un per\u00edodo no superior al necesario para los fines indicados en esta Pol\u00edtica, salvo que la ley exija o permita ampliar el per\u00edodo de conservaci\u00f3n. El per\u00edodo de conservaci\u00f3n de los datos puede variar en funci\u00f3n de los escenarios, productos y servicios. Las normas que SOETECK utiliza para determinar el per\u00edodo de conservaci\u00f3n incluyen, entre otras, las siguientes: el tiempo necesario para conservar los datos personales para cumplir los fines empresariales, incluido el suministro de productos y servicios; el mantenimiento de los registros comerciales y de transacciones correspondientes; el control y la mejora del rendimiento y la calidad de los productos y servicios; la garant\u00eda de la seguridad de los sistemas, productos y servicios; la gesti\u00f3n de posibles consultas o reclamaciones de los usuarios y la localizaci\u00f3n de problemas; si el usuario acepta un per\u00edodo de conservaci\u00f3n m\u00e1s largo; y si las leyes, contratos y otros acuerdos tienen requisitos especiales para la conservaci\u00f3n de datos. Conservaremos su informaci\u00f3n de registro mientras su cuenta sea necesaria para la prestaci\u00f3n del servicio. Puede optar por dar de baja su cuenta. Una vez dada de baja su cuenta, dejaremos de proporcionarle productos y servicios a trav\u00e9s de ella y eliminaremos sus datos personales pertinentes, siempre que la eliminaci\u00f3n no est\u00e9 estipulada de otro modo por requisitos legales.<\/p>\n\n\n\n<h2 class=\"wp-block-heading\" id=\"children\">6. C\u00f3mo tratamos los datos personales de los ni\u00f1os<\/h2>\n\n\n\n<p>Nuestros sitios web, productos y servicios est\u00e1n destinados principalmente a adultos. Un ni\u00f1o no debe crear una cuenta SOETECK sin el consentimiento de un padre o tutor. Si los datos personales de un ni\u00f1o se recopilan con el consentimiento previo de sus padres o tutores, s\u00f3lo utilizaremos o divulgaremos los datos seg\u00fan lo permitido por la ley, con el consentimiento expl\u00edcito de los padres o tutores del ni\u00f1o, o cuando sea necesario para la protecci\u00f3n del ni\u00f1o. Si recogemos inadvertidamente datos personales de un ni\u00f1o sin el consentimiento previo verificado de sus padres o tutores, intentaremos borrarlos lo antes posible.<\/p>\n\n\n\n<h2 class=\"wp-block-heading\" id=\"third-party\">7. Terceros proveedores y sus servicios<\/h2>\n\n\n\n<p>Para garantizar una experiencia de usuario positiva, es posible que reciba contenidos o enlaces web de terceros distintos de SOETECK y sus socios (\"terceros\"). SOETECK no tiene derecho a controlar a dichos terceros, pero usted puede elegir si desea utilizar los enlaces, ver el contenido y\/o acceder a los productos o servicios proporcionados por terceros.<\/p>\n\n\n\n<p>SOETECK no puede controlar las pr\u00e1cticas de privacidad y las pol\u00edticas de protecci\u00f3n de datos de terceros que no est\u00e9n sujetos a la presente Pol\u00edtica. Cuando env\u00ede informaci\u00f3n personal a dichos terceros, lea y consulte la pol\u00edtica de protecci\u00f3n de la privacidad de los mismos.<\/p>\n\n\n\n<h2 class=\"wp-block-heading\" id=\"international-transfers\">8. Transferencias internacionales de sus datos personales<\/h2>\n\n\n\n<p>Adoptamos una soluci\u00f3n de despliegue global distribuido para garantizar que sus datos personales recogidos a trav\u00e9s del sitio web oficial de SOETECK no impliquen transferencia transfronteriza y se procesen de conformidad con la presente Pol\u00edtica y la legislaci\u00f3n aplicable. Si\/Cuando visita la p\u00e1gina oficial de SOETECK a trav\u00e9s de un sitio web enlazado, le rogamos que consulte la Declaraci\u00f3n de Privacidad de dicho sitio web. Si\/Cuando crea o modifica una cuenta a trav\u00e9s de la p\u00e1gina web oficial de SOETECK, consulte la Declaraci\u00f3n de Privacidad relativa a la gesti\u00f3n de cuentas.<\/p>\n\n\n\n<h2 class=\"wp-block-heading\" id=\"updates\">9. Actualizaciones de esta pol\u00edtica<\/h2>\n\n\n\n<p>SOETECK se reserva el derecho de actualizar o modificar esta Pol\u00edtica en cualquier momento. Publicaremos la \u00faltima Pol\u00edtica de Privacidad en esta p\u00e1gina para cualquier cambio. Si se realizan cambios significativos en la Pol\u00edtica de Privacidad, podremos notific\u00e1rselo a trav\u00e9s de diferentes canales, por ejemplo, publicando un aviso en nuestra p\u00e1gina web o envi\u00e1ndole una notificaci\u00f3n directa.<\/p>\n\n\n\n<h2 class=\"wp-block-heading\" id=\"contact\">10. C\u00f3mo ponerse en contacto con nosotros<\/h2>\n\n\n\n<p>Si tiene alguna queja o problema relacionado con la privacidad y desea ponerse en contacto con el Responsable de Protecci\u00f3n de Datos (RPD) de SOETECK, le rogamos que&nbsp;<a href=\"https:\/\/soeteck.com\/contact-us\/\">pulse aqu\u00ed<\/a>. Cuando sus datos personales son tratados por SOETECK de conformidad con la presente Pol\u00edtica de Privacidad, la entidad de SOETECK que responde a su solicitud, se pone en contacto con usted, le proporciona productos o servicios, o ha firmado o est\u00e1 a punto de firmar un contrato con usted es la responsable del tratamiento de los datos personales relacionados. Usted puede&nbsp;<a href=\"https:\/\/soeteck.com\/contact-us\/\">pulse aqu\u00ed<\/a>&nbsp;para obtener los contactos de las entidades SOETECK.<\/p>","protected":false},"excerpt":{"rendered":"<p>SOETECK and its affiliates (collectively, \u201cSOETECK,\u201d \u201cwe,\u201d \u201cus,\u201d and \u201cour\u201d) respect your privacy. Please read the following to learn more about our Privacy Policy (\u201cthis Policy\u201d). This Policy applies to SOETECK websites, products, and services that display or provide links to this Policy. This Policy describes how SOETECK may generally process your personal data, but [&hellip;]<\/p>\n","protected":false},"author":2,"featured_media":0,"parent":0,"menu_order":0,"comment_status":"closed","ping_status":"closed","template":"","meta":{"_acf_changed":false,"pgc_sgb_lightbox_settings":"","footnotes":""},"class_list":["post-28304","page","type-page","status-publish","hentry"],"acf":[],"_links":{"self":[{"href":"https:\/\/soeteck.com\/es\/wp-json\/wp\/v2\/pages\/28304","targetHints":{"allow":["GET"]}}],"collection":[{"href":"https:\/\/soeteck.com\/es\/wp-json\/wp\/v2\/pages"}],"about":[{"href":"https:\/\/soeteck.com\/es\/wp-json\/wp\/v2\/types\/page"}],"author":[{"embeddable":true,"href":"https:\/\/soeteck.com\/es\/wp-json\/wp\/v2\/users\/2"}],"replies":[{"embeddable":true,"href":"https:\/\/soeteck.com\/es\/wp-json\/wp\/v2\/comments?post=28304"}],"version-history":[{"count":3,"href":"https:\/\/soeteck.com\/es\/wp-json\/wp\/v2\/pages\/28304\/revisions"}],"predecessor-version":[{"id":28358,"href":"https:\/\/soeteck.com\/es\/wp-json\/wp\/v2\/pages\/28304\/revisions\/28358"}],"wp:attachment":[{"href":"https:\/\/soeteck.com\/es\/wp-json\/wp\/v2\/media?parent=28304"}],"curies":[{"name":"wp","href":"https:\/\/api.w.org\/{rel}","templated":true}]}}