{"id":28306,"date":"2025-08-15T13:56:54","date_gmt":"2025-08-15T05:56:54","guid":{"rendered":"https:\/\/i6w5ng617y.onrocket.site\/?page_id=28306"},"modified":"2025-08-15T13:56:55","modified_gmt":"2025-08-15T05:56:55","slug":"terms-of-use","status":"publish","type":"page","link":"https:\/\/soeteck.com\/es\/terms-of-use\/","title":{"rendered":"Condiciones de uso"},"content":{"rendered":"<h2 class=\"wp-block-heading\">Aceptaci\u00f3n de las condiciones<\/h2>\n\n\n\n<p>Al acceder a este sitio web, usted entiende y acepta los siguientes t\u00e9rminos. Si no est\u00e1 de acuerdo con alguna parte de estos t\u00e9rminos, debe salir inmediatamente de este sitio web. En la m\u00e1xima medida permitida por la ley, HEFEI SHUYI DIGITAL POWER CO., LTD (en lo sucesivo, \u201cnosotros\u201d, \u201cla empresa\u201d o \u201cnuestro\u201d) se reserva el derecho a modificar estas Condiciones de uso en cualquier momento sin previo aviso. Usted es responsable de revisar peri\u00f3dicamente estas Condiciones de uso para comprobar si se han producido cambios. El uso continuado del Sitio Web despu\u00e9s de cualquiera de dichas actualizaciones constituye la aceptaci\u00f3n de dichos cambios. En caso de infracci\u00f3n de estas Condiciones de uso, nuestra empresa se reserva el derecho de emprender acciones legales y de equidad.<\/p>\n\n\n\n<h2 class=\"wp-block-heading\">Contenido del sitio web<\/h2>\n\n\n\n<p>El contenido de&nbsp;<a href=\"https:\/\/soeteck.com\/\">el sitio web<\/a>&nbsp;incluyen, entre otros, textos, im\u00e1genes, datos, opiniones, sugerencias, p\u00e1ginas web y enlaces proporcionados en el Sitio web o a trav\u00e9s de \u00e9l. Este sitio web y su contenido se ponen a su disposici\u00f3n \u00fanicamente para su comodidad. Aunque nos esforzamos por ofrecer informaci\u00f3n precisa, no asumimos ninguna responsabilidad por la exactitud o integridad de la informaci\u00f3n proporcionada. Nuestra empresa puede modificar el contenido disponible en este sitio web o los productos mencionados en el mismo en cualquier momento y sin previo aviso.<\/p>\n\n\n\n<p>TODA LA INFORMACI\u00d3N CONTENIDA EN ESTE SITIO WEB SE PROPORCIONA \u201cTAL CUAL\u201d, SIN GARANT\u00cdAS NI DECLARACIONES DE NING\u00daN TIPO. POR LA PRESENTE RENUNCIAMOS EXPRESAMENTE, EN LA M\u00c1XIMA MEDIDA PERMITIDA POR LA LEY, A TODAS LAS GARANT\u00cdAS EXPRESAS, IMPL\u00cdCITAS, ESTATUTARIAS O DE OTRO TIPO, INCLUIDAS, ENTRE OTRAS, LAS GARANT\u00cdAS IMPL\u00cdCITAS DE COMERCIABILIDAD, IDONEIDAD PARA UN FIN DETERMINADO O NO INFRACCI\u00d3N.<\/p>\n\n\n\n<h2 class=\"wp-block-heading\">Contenido del software<\/h2>\n\n\n\n<p>Nuestra empresa o sus licenciantes son titulares de todos los derechos, incluidos los derechos de propiedad intelectual, de todo el software de este sitio web, incluidos los formatos fuente y binario, el c\u00f3digo de muestra, las API, los SDK, la documentaci\u00f3n asociada y otros materiales relacionados (denominados colectivamente \u201cContenido de software\u201d).<\/p>\n\n\n\n<p>A menos que usted haya adquirido la licencia pertinente a trav\u00e9s de otros acuerdos con nuestra empresa, nada de lo dispuesto en estas Condiciones de Uso le otorga ning\u00fan derecho o licencia sobre el Contenido del Software, y usted no podr\u00e1:<\/p>\n\n\n\n<ul class=\"wp-block-list\">\n<li>Realizar ingenier\u00eda inversa, descompilar, desensamblar, modificar, adaptar, implantar o crear trabajos derivados del Contenido del Software;<\/li>\n\n\n\n<li>Investigar la implementaci\u00f3n interna de nuestros productos, adquirir el c\u00f3digo fuente de los productos u obtener indebidamente derechos de propiedad intelectual de cualquier forma;<\/li>\n\n\n\n<li>Divulgue los resultados de las pruebas comparativas.<\/li>\n<\/ul>\n\n\n\n<h2 class=\"wp-block-heading\">Uso del sitio web<\/h2>\n\n\n\n<p>Usted no utilizar\u00e1 este Sitio Web y\/o sus contenidos para actividades ilegales o de forma que infrinja estas Condiciones de Uso, ni podr\u00e1 solicitar actividades ilegales o infringir los derechos de nuestra empresa o de terceros.<\/p>\n\n\n\n<p>No obtendr\u00e1 acceso no autorizado a ninguna secci\u00f3n de este sitio web, ni a ning\u00fan servicio prestado en este sitio web o a trav\u00e9s de \u00e9l, ni a ning\u00fan otro sistema o red vinculados a cualquier servidor de la empresa.<\/p>\n\n\n\n<p>No realizar\u00e1 acciones que supongan una carga irrazonable para este Sitio Web, incluyendo, entre otros, su infraestructura, sistemas y redes.<\/p>\n\n\n\n<p>Usted no obtendr\u00e1, ni intentar\u00e1 obtener, ning\u00fan Contenido del Sitio Web a trav\u00e9s de medios que no se hayan puesto a disposici\u00f3n intencionadamente en este Sitio Web, ni utilizar\u00e1 ning\u00fan proceso, dispositivo, programa, algoritmo o m\u00e9todo manual o autom\u00e1tico para acceder, adquirir, copiar o supervisar cualquier parte o contenido de este Sitio Web.<\/p>\n\n\n\n<p>No probar\u00e1 la vulnerabilidad de este sitio web ni de las redes conectadas a \u00e9l mediante escaneado u otros medios, ni violar\u00e1 las medidas de seguridad o autenticaci\u00f3n de este sitio web y de los servicios que ofrece. No podr\u00e1 realizar b\u00fasquedas inversas, rastrear o intentar rastrear informaci\u00f3n de otros usuarios o visitantes de nuestro sitio web.<\/p>\n\n\n\n<p>Usted no interferir\u00e1 ni intentar\u00e1 interferir en el correcto funcionamiento de este Sitio Web o en la utilizaci\u00f3n del Sitio Web por parte de otros usuarios, por ning\u00fan medio, incluido el uso de cualquier dispositivo, software o programa.<\/p>\n\n\n\n<p>Al utilizar este sitio web y sus contenidos, usted se compromete a cumplir la legislaci\u00f3n vigente y a respetar la \u00e9tica social. No utilizar\u00e1 este sitio web para crear, leer, copiar o difundir informaci\u00f3n ilegal, infringir los derechos de terceros o alterar el orden social y socavar la estabilidad social.<\/p>\n\n\n\n<p>Al enviar comentarios u opiniones al sitio web oficial de nuestra empresa, recopilaremos sus comentarios u opiniones junto con el contenido que nos facilite. El contenido que env\u00ede no debe infringir los derechos de propiedad intelectual ni los intereses leg\u00edtimos de terceros. Las personas u organizaciones que consideren que alg\u00fan contenido de nuestra web oficial vulnera sus derechos legales pueden presentar una queja ante nosotros. Revisaremos las pruebas aportadas en la denuncia y eliminaremos cualquier contenido cuya infracci\u00f3n se haya confirmado.<\/p>\n\n\n\n<h2 class=\"wp-block-heading\">Marcas<\/h2>\n\n\n\n<p>Todas las marcas comerciales y logotipos mostrados, mencionados o utilizados de otro modo en este sitio web son propiedad de nuestra empresa o de sus licenciantes. No est\u00e1 permitido utilizar ninguna de estas marcas comerciales o logotipos sin el consentimiento expl\u00edcito previo por escrito de nuestra empresa o de dichos licenciantes.<\/p>\n\n\n\n<h2 class=\"wp-block-heading\">Privacidad<\/h2>\n\n\n\n<p>En&nbsp;<a href=\"https:\/\/soeteck.com\/privacy-policy\/\">Pol\u00edtica de privacidad<\/a>&nbsp;de nuestra empresa se aplica al uso de la informaci\u00f3n personal en o a trav\u00e9s de este sitio web. Al utilizar este sitio web, da su consentimiento para que utilicemos su informaci\u00f3n de acuerdo con la Pol\u00edtica de privacidad.<\/p>\n\n\n\n<h2 class=\"wp-block-heading\">Cuentas y perfiles de usuario<\/h2>\n\n\n\n<p>Para acceder a este sitio web u obtener funciones o servicios espec\u00edficos, es posible que deba crear una cuenta, configurar un perfil de usuario o descargar nuestro software. Es posible que se apliquen condiciones o requisitos adicionales para determinadas funciones o servicios. En caso de discrepancia entre dichas condiciones adicionales y las presentes Condiciones de Uso, prevalecer\u00e1n las condiciones adicionales para esas funciones o servicios espec\u00edficos.<\/p>\n\n\n\n<p>No se har\u00e1 pasar por otra persona o entidad ni falsificar\u00e1 su identidad para acceder a este Sitio Web. Si alguna parte del Sitio Web requiere que cree una cuenta o un perfil de usuario, la informaci\u00f3n que proporcione deber\u00e1 ser exacta y veraz. Usted se compromete a mantener la seguridad y confidencialidad de la informaci\u00f3n de su cuenta y no permitir\u00e1 que nadie acceda a su cuenta o perfil utilizando su nombre de usuario o contrase\u00f1a; de lo contrario, podr\u00e1 ser considerado responsable de cualquier p\u00e9rdida sufrida por nuestra empresa o por cualquier otro usuario o visitante del Sitio Web.<\/p>\n\n\n\n<p>Nuestra empresa se reserva el derecho, a su entera discreci\u00f3n, de rechazar o eliminar sus mensajes, restringir, suspender o cancelar su acceso al Sitio Web, y puede retener o eliminar su informaci\u00f3n o contenido en la medida permitida por las leyes aplicables.<\/p>\n\n\n\n<h2 class=\"wp-block-heading\">Copyright<\/h2>\n\n\n\n<p>Todos los contenidos de este sitio web est\u00e1n protegidos por derechos de autor de nuestra empresa o de los licenciantes correspondientes, a menos que se especifique lo contrario. Sin el consentimiento previo por escrito de nuestra empresa u otras partes pertinentes, usted no puede reproducir, modificar, promover, distribuir, fotocopiar, reproducir, desmontar, realizar ingenier\u00eda inversa, descompilar, vincular o transmitir con hiperv\u00ednculos, cargar a otros servidores en un formato de \u201cduplicaci\u00f3n\u201d, almacenar en sistemas de recuperaci\u00f3n de informaci\u00f3n, o utilizar cualquier contenido en el sitio web para cualquier prop\u00f3sito por cualquier persona por cualquier medio.<\/p>\n\n\n\n<h2 class=\"wp-block-heading\">Disponibilidad de productos<\/h2>\n\n\n\n<p>La disponibilidad de los productos y servicios descritos en este sitio web, y sus respectivas descripciones, pueden variar seg\u00fan el pa\u00eds o la regi\u00f3n y pueden incluir productos o servicios no lanzados en su pa\u00eds o regi\u00f3n. Consulte a su representante de ventas o agente local para obtener informaci\u00f3n espec\u00edfica sobre productos y\/o servicios.<\/p>\n\n\n\n<h2 class=\"wp-block-heading\">Enlaces a terceros<\/h2>\n\n\n\n<p>Aunque este sitio web puede contener enlaces a sitios web de terceros para su comodidad, nuestra empresa no es responsable de ning\u00fan contenido de dichos sitios web y rechaza expresamente cualquier responsabilidad en relaci\u00f3n con sus visitas a esos sitios web. Es posible que tenga que revisar y aceptar las condiciones de uso aplicables cuando utilice esos sitios web. Adem\u00e1s, un enlace a un sitio web de terceros no implica que nuestra empresa apruebe ese sitio o los productos o servicios a los que se hace referencia en \u00e9l.<\/p>\n\n\n\n<h2 class=\"wp-block-heading\">Limitaci\u00f3n de responsabilidad<\/h2>\n\n\n\n<p>La informaci\u00f3n presentada en este sitio web sobre los tipos de productos y servicios disponibles puede variar en funci\u00f3n del pa\u00eds, la regi\u00f3n y el entorno. Por lo tanto, puede haber discrepancias entre la informaci\u00f3n sobre productos y servicios que ve en este sitio web y los productos reales que compra o que est\u00e1n a la venta en su mercado.<\/p>\n\n\n\n<p>Ni nuestra empresa ni ninguna de sus filiales, subsidiarias, directores, agentes, empleados u otros representantes ser\u00e1n responsables de ning\u00fan da\u00f1o indirecto, especial, incidental, consecuente, punitivo y\/o ejemplar que surja de o en relaci\u00f3n con este sitio web o el uso o la imposibilidad de usar este sitio web, incluso si se advierte de la posibilidad de tales da\u00f1os. A menos que se acuerde lo contrario por escrito en cualquier contrato de venta, en la m\u00e1xima medida permitida por la legislaci\u00f3n aplicable, nuestra empresa no ser\u00e1 responsable de los materiales de este sitio web, independientemente de la causa de la acci\u00f3n.<\/p>\n\n\n\n<h2 class=\"wp-block-heading\">Ley aplicable y resoluci\u00f3n de litigios<\/h2>\n\n\n\n<p>Usted acepta que su acceso y todas las actividades relacionadas con este Sitio Web se regir\u00e1n por las leyes de la jurisdicci\u00f3n en la que opera nuestra empresa. Usted acepta que cualquier disputa que surja de o est\u00e9 relacionada con estas Condiciones de uso y\/o su acceso a y todas las actividades en o a trav\u00e9s de este Sitio web se resolver\u00e1 en los tribunales aplicables.<\/p>\n\n\n\n<h2 class=\"wp-block-heading\">CONT\u00c1CTANOS<\/h2>\n\n\n\n<p>Si tiene alguna pregunta o duda sobre estas Condiciones de uso, p\u00f3ngase en contacto con nosotros a trav\u00e9s de nuestro&nbsp;<a href=\"https:\/\/soeteck.com\/contact-us\/\">CONT\u00c1CTANOS<\/a>&nbsp;p\u00e1gina.<\/p>","protected":false},"excerpt":{"rendered":"<p>Acceptance of Terms By accessing this Website, you understand and agree to the following terms. Should you disagree with any part of these terms, you must immediately exit this Website. To the fullest extent allowed by law, HEFEI SHUYI DIGITAL POWER CO., LTD (hereinafter referred to as \u201cwe,\u201d \u201cthe company,\u201d or \u201cour\u201d) retains the right [&hellip;]<\/p>\n","protected":false},"author":2,"featured_media":0,"parent":0,"menu_order":0,"comment_status":"closed","ping_status":"closed","template":"","meta":{"_acf_changed":false,"pgc_sgb_lightbox_settings":"","footnotes":""},"class_list":["post-28306","page","type-page","status-publish","hentry"],"acf":[],"_links":{"self":[{"href":"https:\/\/soeteck.com\/es\/wp-json\/wp\/v2\/pages\/28306","targetHints":{"allow":["GET"]}}],"collection":[{"href":"https:\/\/soeteck.com\/es\/wp-json\/wp\/v2\/pages"}],"about":[{"href":"https:\/\/soeteck.com\/es\/wp-json\/wp\/v2\/types\/page"}],"author":[{"embeddable":true,"href":"https:\/\/soeteck.com\/es\/wp-json\/wp\/v2\/users\/2"}],"replies":[{"embeddable":true,"href":"https:\/\/soeteck.com\/es\/wp-json\/wp\/v2\/comments?post=28306"}],"version-history":[{"count":1,"href":"https:\/\/soeteck.com\/es\/wp-json\/wp\/v2\/pages\/28306\/revisions"}],"predecessor-version":[{"id":28307,"href":"https:\/\/soeteck.com\/es\/wp-json\/wp\/v2\/pages\/28306\/revisions\/28307"}],"wp:attachment":[{"href":"https:\/\/soeteck.com\/es\/wp-json\/wp\/v2\/media?parent=28306"}],"curies":[{"name":"wp","href":"https:\/\/api.w.org\/{rel}","templated":true}]}}