{"id":2128,"date":"2024-10-24T04:39:31","date_gmt":"2024-10-23T20:39:31","guid":{"rendered":"https:\/\/i6w5ng617y.onrocket.site\/uncategorized\/soeteck-sy-m-series-ups-integrated-modular-online-ups-20kva-60kva-custom-solutions-for-space-saving-plug-and-play-needs\/"},"modified":"2025-08-18T14:44:25","modified_gmt":"2025-08-18T06:44:25","slug":"soeteck-sy-m-series-ups-integrated-modular-online-ups-20kva-60kva-custom-solutions-for-space-saving-plug-and-play-needs","status":"publish","type":"product","link":"https:\/\/soeteck.com\/es\/products\/critical-power\/uninterruptible-power-supplies\/soeteck-sy-m-series-ups-integrated-modular-online-ups-20kva-60kva-custom-solutions-for-space-saving-plug-and-play-needs\/","title":{"rendered":"SOETECK SAI Modular Online Integrado 20kVA-60kVA, para Ahorrar Espacio y Necesidades Plug-and-Play"},"content":{"rendered":"","protected":false},"excerpt":{"rendered":"<p>El SAI de baja frecuencia en l\u00ednea de la serie FC es una soluci\u00f3n robusta dise\u00f1ada para aplicaciones que exigen una alta fiabilidad y una protecci\u00f3n el\u00e9ctrica superior. Con un rango de potencia de 10 a 200 kilovoltios-amperios (KVA), este SAI es id\u00f3neo para centros de datos de tama\u00f1o medio y grande, automatizaci\u00f3n industrial, equipos m\u00e9dicos y otras instalaciones cr\u00edticas que requieren una calidad de alimentaci\u00f3n estricta.<\/p>","protected":false},"featured_media":27135,"menu_order":0,"template":"","meta":{"_acf_changed":false,"pgc_sgb_lightbox_settings":""},"product_brand":[683],"product_cat":[139,16,643],"product_tag":[76,73,68,74,67,138,45,72,44],"class_list":{"0":"post-2128","1":"product","2":"type-product","3":"status-publish","4":"has-post-thumbnail","6":"product_brand-sy-m-series","7":"product_cat-uninterruptible-power-supplies","8":"product_cat-critical-power","9":"product_cat-products","10":"product_tag-10-100kva","11":"product_tag-banking-finance","12":"product_tag-data-center","13":"product_tag-lab-research","14":"product_tag-modular-ups","15":"product_tag-online-ups","16":"product_tag-rack-tower","17":"product_tag-telecom","18":"product_tag-tower","19":"pa_efficiency-95-ac-mode-99-eco-mode-95-battery-mode","20":"pa_input_voltage_range-380-400-415vac-line-voltage-220-230-240vac-phase-voltage","21":"pa_output_voltage_range-380-400-415vac-line-voltage","22":"pa_wiring-3-phase-n-pe","24":"first","25":"instock","26":"shipping-taxable","27":"product-type-variable"},"acf":[],"_links":{"self":[{"href":"https:\/\/soeteck.com\/es\/wp-json\/wp\/v2\/product\/2128","targetHints":{"allow":["GET"]}}],"collection":[{"href":"https:\/\/soeteck.com\/es\/wp-json\/wp\/v2\/product"}],"about":[{"href":"https:\/\/soeteck.com\/es\/wp-json\/wp\/v2\/types\/product"}],"wp:featuredmedia":[{"embeddable":true,"href":"https:\/\/soeteck.com\/es\/wp-json\/wp\/v2\/media\/27135"}],"wp:attachment":[{"href":"https:\/\/soeteck.com\/es\/wp-json\/wp\/v2\/media?parent=2128"}],"wp:term":[{"taxonomy":"product_brand","embeddable":true,"href":"https:\/\/soeteck.com\/es\/wp-json\/wp\/v2\/product_brand?post=2128"},{"taxonomy":"product_cat","embeddable":true,"href":"https:\/\/soeteck.com\/es\/wp-json\/wp\/v2\/product_cat?post=2128"},{"taxonomy":"product_tag","embeddable":true,"href":"https:\/\/soeteck.com\/es\/wp-json\/wp\/v2\/product_tag?post=2128"}],"curies":[{"name":"wp","href":"https:\/\/api.w.org\/{rel}","templated":true}]}}