{"id":4823,"date":"2024-11-25T21:48:15","date_gmt":"2024-11-25T13:48:15","guid":{"rendered":"https:\/\/i6w5ng617y.onrocket.site\/uncategorized\/soeteck-precision-distribution-cabinet-smart-monitoring-efficient-management-for-data-centers-server-rooms\/"},"modified":"2025-08-18T15:54:04","modified_gmt":"2025-08-18T07:54:04","slug":"soeteck-precision-distribution-cabinet-smart-monitoring-efficient-management-for-data-centers-server-rooms","status":"publish","type":"product","link":"https:\/\/soeteck.com\/es\/products\/critical-power\/power-distribution\/soeteck-precision-distribution-cabinet-smart-monitoring-efficient-management-for-data-centers-server-rooms\/","title":{"rendered":"Armario de distribuci\u00f3n de potencia de precisi\u00f3n SOETECK con dise\u00f1o intercambiable en caliente"},"content":{"rendered":"","protected":false},"excerpt":{"rendered":"","protected":false},"featured_media":27365,"menu_order":0,"template":"","meta":{"_acf_changed":false,"pgc_sgb_lightbox_settings":""},"product_brand":[],"product_cat":[22,16,643],"product_tag":[84,68,98,100,62,99,101,69],"class_list":{"0":"post-4823","1":"product","2":"type-product","3":"status-publish","4":"has-post-thumbnail","6":"product_cat-power-distribution","7":"product_cat-critical-power","8":"product_cat-products","9":"product_tag-colocation-hosting","10":"product_tag-data-center","11":"product_tag-distribution-cabinets","12":"product_tag-low-voltage-distritbution","13":"product_tag-pdc","14":"product_tag-precision-distribution","15":"product_tag-row","16":"product_tag-small-computer-room","17":"pa_breaker_count-194","18":"pa_breaker_count-195","19":"pa_breaker_count-196","20":"pa_breaker_count-197","21":"pa_loop_count-dual","22":"pa_loop_count-single","23":"pa_maximum_branch_current-100a","24":"pa_maximum_branch_current-160a","25":"pa_maximum_branch_current-200a","26":"pa_maximum_branch_current-250a","28":"first","29":"instock","30":"featured","31":"shipping-taxable","32":"product-type-variable"},"acf":[],"_links":{"self":[{"href":"https:\/\/soeteck.com\/es\/wp-json\/wp\/v2\/product\/4823","targetHints":{"allow":["GET"]}}],"collection":[{"href":"https:\/\/soeteck.com\/es\/wp-json\/wp\/v2\/product"}],"about":[{"href":"https:\/\/soeteck.com\/es\/wp-json\/wp\/v2\/types\/product"}],"wp:featuredmedia":[{"embeddable":true,"href":"https:\/\/soeteck.com\/es\/wp-json\/wp\/v2\/media\/27365"}],"wp:attachment":[{"href":"https:\/\/soeteck.com\/es\/wp-json\/wp\/v2\/media?parent=4823"}],"wp:term":[{"taxonomy":"product_brand","embeddable":true,"href":"https:\/\/soeteck.com\/es\/wp-json\/wp\/v2\/product_brand?post=4823"},{"taxonomy":"product_cat","embeddable":true,"href":"https:\/\/soeteck.com\/es\/wp-json\/wp\/v2\/product_cat?post=4823"},{"taxonomy":"product_tag","embeddable":true,"href":"https:\/\/soeteck.com\/es\/wp-json\/wp\/v2\/product_tag?post=4823"}],"curies":[{"name":"wp","href":"https:\/\/api.w.org\/{rel}","templated":true}]}}