{"id":4856,"date":"2024-11-25T21:49:07","date_gmt":"2024-11-25T13:49:07","guid":{"rendered":"https:\/\/i6w5ng617y.onrocket.site\/uncategorized\/soeteck-sts-series-rack-mount-static-transfer-switch-1u-10-16-32a\/"},"modified":"2025-09-22T23:40:25","modified_gmt":"2025-09-22T15:40:25","slug":"soeteck-sts-series-rack-mount-static-transfer-switch-1u-10-16-32a","status":"publish","type":"product","link":"https:\/\/soeteck.com\/es\/products\/critical-power\/static-transfer-switches\/soeteck-sts-series-rack-mount-static-transfer-switch-1u-10-16-32a\/","title":{"rendered":"Soeteck Interruptor de transferencia est\u00e1tica de montaje en bastidor 1U, 10\/16\/32A"},"content":{"rendered":"<p>En <strong>Conmutador de transferencia est\u00e1tica de montaje en bastidor SOETECK Serie STS<\/strong> est\u00e1 disponible en <strong>10A, 16A y 32A<\/strong> modelos, cada uno dise\u00f1ado para satisfacer requisitos de potencia espec\u00edficos. Todos los modelos cuentan con un <strong>Tiempo de transferencia t\u00edpico de 6 ms<\/strong>El funcionamiento ininterrumpido est\u00e1 garantizado gracias a la conmutaci\u00f3n perfecta entre dos fuentes de alimentaci\u00f3n independientes.<\/p>\n<p>En <strong>Modelo 10A<\/strong> es ideal para aplicaciones de menor potencia, equipado con <strong>2\u00d7entradas IEC C14<\/strong> y <strong>Salidas 7\u00d7IEC 10A<\/strong>. En <strong>Modelo 16A<\/strong> ofrece una mayor potencia, con <strong>2\u00d7entradas IEC C20<\/strong> y una combinaci\u00f3n de <strong>8\u00d7Salidas IEC C13 y 1\u00d7Salidas IEC C19<\/strong>por lo que es adecuado para servidores de gama media y aplicaciones de telecomunicaciones. El <strong>Modelo 32A<\/strong>dise\u00f1ado para despliegues de alta potencia, utiliza <strong>bloque de terminales de entrada y salida<\/strong> que proporcionan una distribuci\u00f3n de energ\u00eda fiable para instalaciones industriales.<\/p>\n<p>Cada modelo incluye un <strong>Pantalla LCD<\/strong> para la supervisi\u00f3n en tiempo real y un <strong>Interfaz de comunicaci\u00f3n RS485<\/strong> para la gesti\u00f3n remota. Completamente <strong>Cumple la normativa IEC\/EN y tiene certificaci\u00f3n CE<\/strong>El <strong>SOETECK Serie STS<\/strong> ofrece una soluci\u00f3n de conmutaci\u00f3n de potencia robusta y escalable para infraestructuras modernas de misi\u00f3n cr\u00edtica.<\/p>","protected":false},"excerpt":{"rendered":"<p>En <strong>SOETECK 1U Interruptor de transferencia est\u00e1tica 10\/16\/32A<\/strong>\u00a0es una soluci\u00f3n de transferencia de energ\u00eda altamente fiable dise\u00f1ada para <strong>misi\u00f3n cr\u00edtica<\/strong>\u00a0que requieren una redundancia de energ\u00eda sin fisuras.<\/p>","protected":false},"featured_media":27226,"menu_order":0,"template":"","meta":{"_acf_changed":false,"pgc_sgb_lightbox_settings":""},"product_brand":[694],"product_cat":[23,16,643],"product_tag":[106,109,107,68,70,71,69,72],"class_list":{"0":"post-4856","1":"product","2":"type-product","3":"status-publish","4":"has-post-thumbnail","6":"product_brand-sts-series","7":"product_cat-static-transfer-switches","8":"product_cat-critical-power","9":"product_cat-products","10":"product_tag-10-50-a","11":"product_tag-200-240-v","12":"product_tag-50-100-a","13":"product_tag-data-center","14":"product_tag-industrial","15":"product_tag-medical","16":"product_tag-small-computer-room","17":"product_tag-telecom","18":"pa_communication_interface-rs-485","19":"pa_input_voltage_range-200-240v-configurable","20":"pa_rated_current-10a","21":"pa_rated_current-16a","22":"pa_rated_current-32a","23":"pa_transfer_time-typical-6ms","25":"first","26":"instock","27":"shipping-taxable","28":"product-type-variable"},"acf":[],"_links":{"self":[{"href":"https:\/\/soeteck.com\/es\/wp-json\/wp\/v2\/product\/4856","targetHints":{"allow":["GET"]}}],"collection":[{"href":"https:\/\/soeteck.com\/es\/wp-json\/wp\/v2\/product"}],"about":[{"href":"https:\/\/soeteck.com\/es\/wp-json\/wp\/v2\/types\/product"}],"wp:featuredmedia":[{"embeddable":true,"href":"https:\/\/soeteck.com\/es\/wp-json\/wp\/v2\/media\/27226"}],"wp:attachment":[{"href":"https:\/\/soeteck.com\/es\/wp-json\/wp\/v2\/media?parent=4856"}],"wp:term":[{"taxonomy":"product_brand","embeddable":true,"href":"https:\/\/soeteck.com\/es\/wp-json\/wp\/v2\/product_brand?post=4856"},{"taxonomy":"product_cat","embeddable":true,"href":"https:\/\/soeteck.com\/es\/wp-json\/wp\/v2\/product_cat?post=4856"},{"taxonomy":"product_tag","embeddable":true,"href":"https:\/\/soeteck.com\/es\/wp-json\/wp\/v2\/product_tag?post=4856"}],"curies":[{"name":"wp","href":"https:\/\/api.w.org\/{rel}","templated":true}]}}