{"id":8068,"date":"2024-12-11T00:49:07","date_gmt":"2024-12-10T16:49:07","guid":{"rendered":"https:\/\/i6w5ng617y.onrocket.site\/uncategorized\/soeteck-sy-li-series-12v-lithium-iron-phosphate-battery\/"},"modified":"2025-08-18T16:58:05","modified_gmt":"2025-08-18T08:58:05","slug":"soeteck-sy-li-series-12v-lithium-iron-phosphate-battery","status":"publish","type":"product","link":"https:\/\/soeteck.com\/es\/products\/critical-power\/battery\/soeteck-sy-li-series-12v-lithium-iron-phosphate-battery\/","title":{"rendered":"SOETECK SY-LI Series 12V Bater\u00eda de litio fosfato de hierro (LiFePO4) para reemplazar la bater\u00eda de plomo-\u00e1cido"},"content":{"rendered":"","protected":false},"excerpt":{"rendered":"","protected":false},"featured_media":27331,"menu_order":0,"template":"","meta":{"_acf_changed":false,"pgc_sgb_lightbox_settings":""},"product_brand":[699],"product_cat":[26,16,643],"product_tag":[117,118,113,73,84,68,70,74,111,56,71,69,72],"class_list":{"0":"post-8068","1":"product","2":"type-product","3":"status-publish","4":"has-post-thumbnail","6":"product_brand-sy-li-series","7":"product_cat-battery","8":"product_cat-critical-power","9":"product_cat-products","10":"product_tag-0-100-ah","11":"product_tag-100-200-ah","12":"product_tag-12v","13":"product_tag-banking-finance","14":"product_tag-colocation-hosting","15":"product_tag-data-center","16":"product_tag-industrial","17":"product_tag-lab-research","18":"product_tag-lifep04","19":"product_tag-lithium-iron-phosphate-battery","20":"product_tag-medical","21":"product_tag-small-computer-room","22":"product_tag-telecom","23":"pa_nominal_voltage-12v","24":"pa_rated_capacity-100ah","25":"pa_rated_capacity-150ah","26":"pa_rated_capacity-200ah","27":"pa_rated_capacity-20ah","28":"pa_rated_capacity-52ah","29":"pa_rated_capacity-67ah","30":"pa_rated_capacity-7ah","31":"pa_rated_capacity-87ah","33":"first","34":"instock","35":"shipping-taxable","36":"product-type-variable"},"acf":[],"_links":{"self":[{"href":"https:\/\/soeteck.com\/es\/wp-json\/wp\/v2\/product\/8068","targetHints":{"allow":["GET"]}}],"collection":[{"href":"https:\/\/soeteck.com\/es\/wp-json\/wp\/v2\/product"}],"about":[{"href":"https:\/\/soeteck.com\/es\/wp-json\/wp\/v2\/types\/product"}],"wp:featuredmedia":[{"embeddable":true,"href":"https:\/\/soeteck.com\/es\/wp-json\/wp\/v2\/media\/27331"}],"wp:attachment":[{"href":"https:\/\/soeteck.com\/es\/wp-json\/wp\/v2\/media?parent=8068"}],"wp:term":[{"taxonomy":"product_brand","embeddable":true,"href":"https:\/\/soeteck.com\/es\/wp-json\/wp\/v2\/product_brand?post=8068"},{"taxonomy":"product_cat","embeddable":true,"href":"https:\/\/soeteck.com\/es\/wp-json\/wp\/v2\/product_cat?post=8068"},{"taxonomy":"product_tag","embeddable":true,"href":"https:\/\/soeteck.com\/es\/wp-json\/wp\/v2\/product_tag?post=8068"}],"curies":[{"name":"wp","href":"https:\/\/api.w.org\/{rel}","templated":true}]}}