{"id":22766,"date":"2025-07-17T15:56:17","date_gmt":"2025-07-17T07:56:17","guid":{"rendered":"https:\/\/i6w5ng617y.onrocket.site\/?page_id=22766"},"modified":"2026-02-26T17:30:13","modified_gmt":"2026-02-26T09:30:13","slug":"about-soeteck","status":"publish","type":"page","link":"https:\/\/soeteck.com\/pt\/about-soeteck\/","title":{"rendered":"Sobre a Soeteck"},"content":{"rendered":"<h2 class=\"wp-block-heading\">Quem somos<\/h2>\n\n\n\n<p><p>A SOETECK, tamb\u00e9m conhecida como SHUYI em chin\u00eas, \u00e9 um fabricante profissional de solu\u00e7\u00f5es de infra-estruturas cr\u00edticas na China, especializado em sistemas de energia cr\u00edtica e de arrefecimento de precis\u00e3o para centros de dados e telecomunica\u00e7\u00f5es.<\/p>\n<p>Somos excelentes na conce\u00e7\u00e3o e fornecimento de solu\u00e7\u00f5es integradas de centros de dados, abrangendo centros de dados pr\u00e9-fabricados em contentores, micro modulares e em bastidor. E os nossos produtos incluem aparelhos de ar condicionado de precis\u00e3o, fontes de alimenta\u00e7\u00e3o ininterrupta (UPS), PDUs, baterias VRLA e outros equipamentos utilizados em ambientes cr\u00edticos.&nbsp;<\/p>\n<p>Com d\u00e9cadas de experi\u00eancia dedicada a centros de dados e infra-estruturas de telecomunica\u00e7\u00f5es, combinamos uma vasta experi\u00eancia t\u00e9cnica com instala\u00e7\u00f5es de \u00faltima gera\u00e7\u00e3o para fornecer produtos inovadores e fi\u00e1veis.&nbsp;<\/p><\/p>\n\n\n\n<figure class=\"wp-block-embed is-type-video is-provider-youtube wp-block-embed-youtube wp-embed-aspect-16-9 wp-has-aspect-ratio\"><div class=\"wp-block-embed__wrapper\">\n<iframe title=\"V\u00eddeo de apresenta\u00e7\u00e3o da SOETECK\" width=\"500\" height=\"281\" src=\"https:\/\/www.youtube.com\/embed\/s5zYTa9BSfo?feature=oembed\" frameborder=\"0\" allow=\"accelerometer; autoplay; clipboard-write; encrypted-media; gyroscope; picture-in-picture; web-share\" referrerpolicy=\"strict-origin-when-cross-origin\" allowfullscreen><\/iframe>\n<\/div><\/figure>\n\n\n\n<h2 class=\"wp-block-heading\">Como servimos<\/h2>\n\n\n\n<h3 class=\"wp-block-heading\">2012<\/h3>\n\n\n\n<h3 class=\"wp-block-heading\">A nossa viagem ao longo dos anos<\/h3>\n\n\n\n<p>Funda\u00e7\u00e3o da SOETECK<\/p>\n\n\n\n<h0>Vis\u00e3o<\/h0>\n\n\n<p><!-- wp:Array \/--><\/p>\n\n\n<h0>Miss\u00e3o<\/h0>\n\n\n<p><!-- wp:Array \/--><\/p>\n\n\n<p>Com d\u00e9cadas de experi\u00eancia ao servi\u00e7o de clientes em todo o mundo, capacitamos os parceiros a construir neg\u00f3cios sustent\u00e1veis. Para al\u00e9m de fornecermos produtos de primeira qualidade, oferecemos servi\u00e7os abrangentes para garantir que o seu neg\u00f3cio prospera.<\/p>\n\n\n\n<h3 class=\"wp-block-heading\">Consultor gratuito<\/h3>\n\n\n\n<p>Resposta r\u00e1pida<\/p>\n\n\n\n<h2 class=\"wp-block-heading\">Porqu\u00ea escolher-nos<\/h2>\n\n\n\n<h3 class=\"wp-block-heading\">Apoio t\u00e9cnico<\/h3>\n\n\n\n<p>Apoio especializado da equipa<\/p>\n\n\n\n<h3 class=\"wp-block-heading\">Garantia de qualidade<\/h3>\n\n\n\n<p>Servi\u00e7o sem preocupa\u00e7\u00f5es<\/p>\n\n\n\n<h3 class=\"wp-block-heading\">Personaliza\u00e7\u00e3o<\/h3>\n\n\n\n<p>Torn\u00e1-lo real<\/p>\n\n\n\n<h3 class=\"wp-block-heading\">2024<\/h3>\n\n\n\n<p>Conclus\u00e3o da base de produ\u00e7\u00e3o de Hefei<\/p>\n\n\n\n<h3 class=\"wp-block-heading\">2023<\/h3>\n\n\n\n<p>Fornecedor da Major Telecom Corp.<\/p>\n\n\n\n<h3 class=\"wp-block-heading\">2022<\/h3>\n\n\n\n<p>Forma\u00e7\u00e3o de Joint Venture nos EAU<\/p>\n\n\n\n<h3 class=\"wp-block-heading\">2020<\/h3>\n\n\n\n<p>Exporta\u00e7\u00e3o de solu\u00e7\u00f5es de centros de dados<\/p>\n\n\n\n<h3 class=\"wp-block-heading\">2018<\/h3>\n\n\n\n<p>Introdu\u00e7\u00e3o de solu\u00e7\u00f5es UPS<\/p>\n\n\n\n<h3 class=\"wp-block-heading\">2016<\/h3>\n\n\n\n<p>Solu\u00e7\u00f5es de energia para telecomunica\u00e7\u00f5es<\/p>\n\n\n\n<h3 class=\"wp-block-heading\">2014<\/h3>\n\n\n\n<p>Lan\u00e7amento da produ\u00e7\u00e3o e venda de PAC<\/p>\n\n\n\n<h3 class=\"wp-block-heading\">Instala\u00e7\u00e3o de fabrico avan\u00e7ado<\/h3>\n\n\n\n<p>Na SOETECK, damos prioridade \u00e0 inova\u00e7\u00e3o dos produtos e \u00e0 investiga\u00e7\u00e3o e desenvolvimento, apoiados por instala\u00e7\u00f5es avan\u00e7adas que incluem laborat\u00f3rios de compatibilidade electromagn\u00e9tica, an\u00e1lise da diferen\u00e7a de entalpia, fiabilidade ambiental, testes de ru\u00eddo e vibra\u00e7\u00e3o, medi\u00e7\u00e3o de pot\u00eancia e prote\u00e7\u00e3o IP. Estes laborat\u00f3rios de \u00faltima gera\u00e7\u00e3o permitem-nos testar rigorosamente os nossos produtos, garantindo que cumprem os mais elevados padr\u00f5es de desempenho e fiabilidade.<\/p>\n\n\n\n<p>Ano de experi\u00eancia<\/p>\n\n\n\n<p>Milh\u00f5es de receitas<\/p>\n\n\n\n<p>Empregados nacionais<\/p>\n\n\n\n<p>Pa\u00edses abrangidos<\/p>\n\n\n\n<h3 class=\"wp-block-heading\">Certificados em destaque<\/h3>\n\n\n\n<p>Estamos empenhados em manter pr\u00e1ticas rigorosas de gest\u00e3o da qualidade e do ambiente, o que se reflecte nas nossas certifica\u00e7\u00f5es: ISO9001 para a gest\u00e3o da qualidade, ISO14001 para a gest\u00e3o ambiental e ISO45001 para a sa\u00fade e seguran\u00e7a no trabalho. Para al\u00e9m disso, os nossos produtos cumprem as normas internacionais e s\u00e3o certificados por organiza\u00e7\u00f5es como a CE, refor\u00e7ando a nossa dedica\u00e7\u00e3o \u00e0 seguran\u00e7a, sustentabilidade e excel\u00eancia.<\/p>\n\n\n\n<figure class=\"wp-block-gallery has-nested-images columns-6 is-cropped wp-block-gallery-1 is-layout-flex wp-block-gallery-is-layout-flex\">\n<figure class=\"wp-block-image size-large\"><img decoding=\"async\" width=\"725\" height=\"1024\" data-id=\"29985\" src=\"https:\/\/soeteck.com\/resources\/Soeteck-CE-Certificates-for-PAC-1-725x1024.webp\" alt=\"Certificados CE Soeteck para PAC\" class=\"wp-image-29985\" srcset=\"https:\/\/soeteck.com\/resources\/Soeteck-CE-Certificates-for-PAC-1-725x1024.webp 725w, https:\/\/soeteck.com\/resources\/Soeteck-CE-Certificates-for-PAC-1-600x848.webp 600w, https:\/\/soeteck.com\/resources\/Soeteck-CE-Certificates-for-PAC-1-212x300.webp 212w, https:\/\/soeteck.com\/resources\/Soeteck-CE-Certificates-for-PAC-1-768x1085.webp 768w, https:\/\/soeteck.com\/resources\/Soeteck-CE-Certificates-for-PAC-1-1087x1536.webp 1087w, https:\/\/soeteck.com\/resources\/Soeteck-CE-Certificates-for-PAC-1-8x12.webp 8w, https:\/\/soeteck.com\/resources\/Soeteck-CE-Certificates-for-PAC-1.webp 1200w\" sizes=\"(max-width: 725px) 100vw, 725px\" \/><\/figure>\n\n\n\n<figure class=\"wp-block-image size-large\"><img decoding=\"async\" width=\"725\" height=\"1024\" data-id=\"29987\" src=\"https:\/\/soeteck.com\/resources\/Soeteck-CE-Certificates-for-UPS-725x1024.webp\" alt=\"Certificados CE Soeteck para UPS\" class=\"wp-image-29987\" srcset=\"https:\/\/soeteck.com\/resources\/Soeteck-CE-Certificates-for-UPS-725x1024.webp 725w, https:\/\/soeteck.com\/resources\/Soeteck-CE-Certificates-for-UPS-600x848.webp 600w, https:\/\/soeteck.com\/resources\/Soeteck-CE-Certificates-for-UPS-212x300.webp 212w, https:\/\/soeteck.com\/resources\/Soeteck-CE-Certificates-for-UPS-768x1085.webp 768w, https:\/\/soeteck.com\/resources\/Soeteck-CE-Certificates-for-UPS-1087x1536.webp 1087w, https:\/\/soeteck.com\/resources\/Soeteck-CE-Certificates-for-UPS-8x12.webp 8w, https:\/\/soeteck.com\/resources\/Soeteck-CE-Certificates-for-UPS.webp 1200w\" sizes=\"(max-width: 725px) 100vw, 725px\" \/><\/figure>\n\n\n\n<figure class=\"wp-block-image size-large\"><img decoding=\"async\" width=\"724\" height=\"1024\" data-id=\"29989\" src=\"https:\/\/soeteck.com\/resources\/Soeteck-ISO9001-2-724x1024.webp\" alt=\"Soeteck ISO9001\" class=\"wp-image-29989\" srcset=\"https:\/\/soeteck.com\/resources\/Soeteck-ISO9001-2-724x1024.webp 724w, https:\/\/soeteck.com\/resources\/Soeteck-ISO9001-2-600x849.webp 600w, https:\/\/soeteck.com\/resources\/Soeteck-ISO9001-2-212x300.webp 212w, https:\/\/soeteck.com\/resources\/Soeteck-ISO9001-2-768x1086.webp 768w, https:\/\/soeteck.com\/resources\/Soeteck-ISO9001-2-1086x1536.webp 1086w, https:\/\/soeteck.com\/resources\/Soeteck-ISO9001-2-8x12.webp 8w, https:\/\/soeteck.com\/resources\/Soeteck-ISO9001-2.webp 1200w\" sizes=\"(max-width: 724px) 100vw, 724px\" \/><\/figure>\n\n\n\n<figure class=\"wp-block-image size-large\"><img decoding=\"async\" width=\"724\" height=\"1024\" data-id=\"29991\" src=\"https:\/\/soeteck.com\/resources\/Soeteck-ISO14001-12-724x1024.webp\" alt=\"Soeteck ISO14001\" class=\"wp-image-29991\" srcset=\"https:\/\/soeteck.com\/resources\/Soeteck-ISO14001-12-724x1024.webp 724w, https:\/\/soeteck.com\/resources\/Soeteck-ISO14001-12-600x849.webp 600w, https:\/\/soeteck.com\/resources\/Soeteck-ISO14001-12-212x300.webp 212w, https:\/\/soeteck.com\/resources\/Soeteck-ISO14001-12-768x1086.webp 768w, https:\/\/soeteck.com\/resources\/Soeteck-ISO14001-12-1086x1536.webp 1086w, https:\/\/soeteck.com\/resources\/Soeteck-ISO14001-12-8x12.webp 8w, https:\/\/soeteck.com\/resources\/Soeteck-ISO14001-12.webp 1200w\" sizes=\"(max-width: 724px) 100vw, 724px\" \/><\/figure>\n\n\n\n<figure class=\"wp-block-image size-large\"><img decoding=\"async\" width=\"724\" height=\"1024\" data-id=\"29993\" src=\"https:\/\/soeteck.com\/resources\/Soeteck-ISO45001-2-724x1024.webp\" alt=\"Soeteck ISO45001\" class=\"wp-image-29993\" srcset=\"https:\/\/soeteck.com\/resources\/Soeteck-ISO45001-2-724x1024.webp 724w, https:\/\/soeteck.com\/resources\/Soeteck-ISO45001-2-600x849.webp 600w, https:\/\/soeteck.com\/resources\/Soeteck-ISO45001-2-212x300.webp 212w, https:\/\/soeteck.com\/resources\/Soeteck-ISO45001-2-768x1086.webp 768w, https:\/\/soeteck.com\/resources\/Soeteck-ISO45001-2-1086x1536.webp 1086w, https:\/\/soeteck.com\/resources\/Soeteck-ISO45001-2-8x12.webp 8w, https:\/\/soeteck.com\/resources\/Soeteck-ISO45001-2.webp 1200w\" sizes=\"(max-width: 724px) 100vw, 724px\" \/><\/figure>\n\n\n\n<figure class=\"wp-block-image size-large\"><img decoding=\"async\" width=\"725\" height=\"1024\" data-id=\"30063\" src=\"https:\/\/soeteck.com\/resources\/Soeteck-UPS-IEC-725x1024.webp\" alt=\"UPS Soeteck IEC\" class=\"wp-image-30063\" srcset=\"https:\/\/soeteck.com\/resources\/Soeteck-UPS-IEC-725x1024.webp 725w, https:\/\/soeteck.com\/resources\/Soeteck-UPS-IEC-600x848.webp 600w, https:\/\/soeteck.com\/resources\/Soeteck-UPS-IEC-212x300.webp 212w, https:\/\/soeteck.com\/resources\/Soeteck-UPS-IEC-768x1085.webp 768w, https:\/\/soeteck.com\/resources\/Soeteck-UPS-IEC-1087x1536.webp 1087w, https:\/\/soeteck.com\/resources\/Soeteck-UPS-IEC-8x12.webp 8w, https:\/\/soeteck.com\/resources\/Soeteck-UPS-IEC.webp 1200w\" sizes=\"(max-width: 725px) 100vw, 725px\" \/><\/figure>\n<\/figure>\n\n\n\n<h3 class=\"wp-block-heading\">Presen\u00e7a global<\/h3>\n\n\n\n<p>Com filiais e escrit\u00f3rios em mais de 50 pa\u00edses e uma presen\u00e7a em 86 mercados, a SOETECK fornece solu\u00e7\u00f5es personalizadas em todo o mundo.&nbsp;<\/p>\n\n\n\n<figure class=\"wp-block-image size-full\"><img decoding=\"async\" src=\"https:\/\/soeteck.com\/resources\/world.svg\" alt=\"\" class=\"wp-image-30016\"><\/figure>\n\n\n\n<h2 class=\"wp-block-heading\">\u00daltimos marcos<\/h2>\n\n\n\n<p>A Soeteck sempre esteve preparada para explorar novas oportunidades, promover conex\u00f5es mais profundas e avan\u00e7ar ainda mais em nossa miss\u00e3o de criar um futuro mais inteligente e sustent\u00e1vel. Estes marcos representam a nossa hist\u00f3ria e vis\u00e3o.<\/p>\n\n\n\n<figure class=\"wp-block-image size-medium_large\"><a ><img decoding=\"async\" width=\"650\" height=\"360\" src=\"https:\/\/soeteck.com\/resources\/Soeteck-factory-in-Hefei-China-2.webp\" class=\"wp-image-32444\" alt=\"\" srcset=\"https:\/\/soeteck.com\/resources\/Soeteck-factory-in-Hefei-China-2.webp 650w, https:\/\/soeteck.com\/resources\/Soeteck-factory-in-Hefei-China-2-600x332.webp 600w, https:\/\/soeteck.com\/resources\/Soeteck-factory-in-Hefei-China-2-300x166.webp 300w, https:\/\/soeteck.com\/resources\/Soeteck-factory-in-Hefei-China-2-18x10.webp 18w\" sizes=\"(max-width: 650px) 100vw, 650px\" \/><\/a><\/figure>\n\n\n\n<h3 class=\"wp-block-heading\">{post_title}<\/h3>\n\n\n\n<p>{post_excerpt}<\/p>\n\n\n\n<div class=\"wp-block-buttons is-layout-flex wp-block-buttons-is-layout-flex\">\n<div class=\"wp-block-button\"><a class=\"wp-block-button__link wp-element-button\">Ler mais<\/a><\/div>\n<\/div>\n\n\n\n<h1 class=\"wp-block-heading\">Energia e refrigera\u00e7\u00e3o para as suas instala\u00e7\u00f5es cr\u00edticas<\/h1>\n\n\n\n<p>Fabricante profissional de confian\u00e7a de solu\u00e7\u00f5es para infra-estruturas cr\u00edticas na China <br>para centros de dados escal\u00e1veis<\/p>\n\n\n\n<p>Fabricante profissional de confian\u00e7a na China<\/p>","protected":false},"excerpt":{"rendered":"<p>A SOETECK \u00e9 um fabricante profissional de solu\u00e7\u00f5es de infra-estruturas cr\u00edticas na China, especializado em energia cr\u00edtica e sistemas de arrefecimento de precis\u00e3o para centros de dados e telecomunica\u00e7\u00f5es.<\/p>","protected":false},"author":2,"featured_media":32444,"parent":0,"menu_order":0,"comment_status":"closed","ping_status":"closed","template":"","meta":{"_acf_changed":false,"pgc_sgb_lightbox_settings":"","footnotes":""},"class_list":["post-22766","page","type-page","status-publish","has-post-thumbnail","hentry"],"acf":[],"_links":{"self":[{"href":"https:\/\/soeteck.com\/pt\/wp-json\/wp\/v2\/pages\/22766","targetHints":{"allow":["GET"]}}],"collection":[{"href":"https:\/\/soeteck.com\/pt\/wp-json\/wp\/v2\/pages"}],"about":[{"href":"https:\/\/soeteck.com\/pt\/wp-json\/wp\/v2\/types\/page"}],"author":[{"embeddable":true,"href":"https:\/\/soeteck.com\/pt\/wp-json\/wp\/v2\/users\/2"}],"replies":[{"embeddable":true,"href":"https:\/\/soeteck.com\/pt\/wp-json\/wp\/v2\/comments?post=22766"}],"version-history":[{"count":100,"href":"https:\/\/soeteck.com\/pt\/wp-json\/wp\/v2\/pages\/22766\/revisions"}],"predecessor-version":[{"id":34508,"href":"https:\/\/soeteck.com\/pt\/wp-json\/wp\/v2\/pages\/22766\/revisions\/34508"}],"wp:featuredmedia":[{"embeddable":true,"href":"https:\/\/soeteck.com\/pt\/wp-json\/wp\/v2\/media\/32444"}],"wp:attachment":[{"href":"https:\/\/soeteck.com\/pt\/wp-json\/wp\/v2\/media?parent=22766"}],"curies":[{"name":"wp","href":"https:\/\/api.w.org\/{rel}","templated":true}]}}