{"id":28304,"date":"2025-08-15T13:56:29","date_gmt":"2025-08-15T05:56:29","guid":{"rendered":"https:\/\/i6w5ng617y.onrocket.site\/?page_id=28304"},"modified":"2025-08-15T14:52:30","modified_gmt":"2025-08-15T06:52:30","slug":"privacy-policy","status":"publish","type":"page","link":"https:\/\/soeteck.com\/pt\/privacy-policy\/","title":{"rendered":"Pol\u00edtica de privacidade\u00a0"},"content":{"rendered":"<p>A SOETECK e os seus afiliados (coletivamente, \u201cSOETECK,\u201d \u201cn\u00f3s,\u201d \u201cnos,\u201d e \u201cnosso\u201d) respeitam a sua privacidade. Por favor leia o seguinte para saber mais sobre a nossa Pol\u00edtica de Privacidade (\u201cesta Pol\u00edtica\u201d). Esta Pol\u00edtica aplica-se aos sites, produtos e servi\u00e7os da SOETECK que exibem ou fornecem links para esta Pol\u00edtica.<\/p>\n\n\n\n<p>Esta Pol\u00edtica descreve como a SOETECK pode geralmente processar os seus dados pessoais, mas pode n\u00e3o abordar todos os cen\u00e1rios poss\u00edveis de processamento de dados. A SOETECK poder\u00e1 inform\u00e1-lo sobre a recolha de dados espec\u00edficos de produtos ou servi\u00e7os atrav\u00e9s de pol\u00edticas suplementares ou avisos fornecidos antes da recolha.<\/p>\n\n\n\n<p>Esta pol\u00edtica descreve:<\/p>\n\n\n\n<ul class=\"wp-block-list\">\n<li><a href=\"https:\/\/soeteck.com\/en\/privacy-policy\/#collect-use\">Como recolhemos e utilizamos os seus dados pessoais<\/a><\/li>\n\n\n\n<li><a href=\"https:\/\/soeteck.com\/en\/privacy-policy\/#cookies\">Cookies e tecnologias semelhantes<\/a><\/li>\n\n\n\n<li><a href=\"https:\/\/soeteck.com\/en\/privacy-policy\/#disclose\">Como divulgamos os dados pessoais<\/a><\/li>\n\n\n\n<li><a href=\"https:\/\/soeteck.com\/en\/privacy-policy\/#access-control\">Como aceder e controlar os seus dados pessoais<\/a><\/li>\n\n\n\n<li><a href=\"https:\/\/soeteck.com\/en\/privacy-policy\/#protect-retain\">Como protegemos e conservamos os seus dados pessoais<\/a><\/li>\n\n\n\n<li><a href=\"https:\/\/soeteck.com\/en\/privacy-policy\/#children\">Como processamos os dados pessoais das crian\u00e7as<\/a><\/li>\n\n\n\n<li><a href=\"https:\/\/soeteck.com\/en\/privacy-policy\/#third-party\">Fornecedores terceiros e respectivos servi\u00e7os<\/a><\/li>\n\n\n\n<li><a href=\"https:\/\/soeteck.com\/en\/privacy-policy\/#international-transfers\">Transfer\u00eancias internacionais dos seus dados pessoais<\/a><\/li>\n\n\n\n<li><a href=\"https:\/\/soeteck.com\/en\/privacy-policy\/#updates\">Actualiza\u00e7\u00f5es da presente pol\u00edtica<\/a><\/li>\n\n\n\n<li><a href=\"https:\/\/soeteck.com\/en\/privacy-policy\/#contact\">Como contactar-nos<\/a><\/li>\n<\/ul>\n\n\n\n<h2 class=\"wp-block-heading\" id=\"collect-use\">1. Como recolhemos e utilizamos os seus dados pessoais<\/h2>\n\n\n\n<p>Dados pessoais s\u00e3o quaisquer dados que, por si s\u00f3 ou em conjunto com outros dados, possam ser utilizados para identificar uma pessoa singular. O utilizador fornece-nos diretamente esses dados quando utiliza os nossos sites, produtos ou servi\u00e7os, ou interage connosco, por exemplo, criando uma conta SOETECK ou contactando-nos para obter apoio. Podemos tamb\u00e9m obter dados atrav\u00e9s do registo da forma como interage com os nossos sites, produtos ou servi\u00e7os. Por exemplo, podemos utilizar tecnologias como cookies ou receber dados de utiliza\u00e7\u00e3o de software executado no seu dispositivo. Na medida do permitido por lei, tamb\u00e9m podemos obter dados de fontes p\u00fablicas e comerciais de terceiros, por exemplo, comprando estat\u00edsticas de outras empresas para apoiar os nossos servi\u00e7os.<\/p>\n\n\n\n<p>Os dados pessoais que recolhemos incluem, mas n\u00e3o se limitam a, o seu nome, sexo, nome da empresa, cargo, endere\u00e7os postais e de e-mail, n\u00famero de telefone, informa\u00e7\u00f5es de login (conta e password), fotos e informa\u00e7\u00f5es de certificados, dependendo de como interage com a SOETECK, como o site que visita ou os produtos e servi\u00e7os que utiliza. Tamb\u00e9m recolhemos as informa\u00e7\u00f5es que nos fornece e o conte\u00fado das mensagens que nos envia, tais como as informa\u00e7\u00f5es de consulta que fornece ou as quest\u00f5es ou informa\u00e7\u00f5es que fornece para o apoio ao cliente.<\/p>\n\n\n\n<p>Antes de utilizar os produtos ou servi\u00e7os da SOETECK, poder\u00e1 ser-lhe pedido que forne\u00e7a dados pessoais. Em alguns casos, poder\u00e1 optar por n\u00e3o divulgar os seus dados pessoais \u00e0 SOETECK. No entanto, o n\u00e3o fornecimento de determinados dados \u00e0 SOETECK pode significar que n\u00e3o podemos fornecer-lhe determinados produtos ou servi\u00e7os ou responder a uma quest\u00e3o que tenha levantado.<\/p>\n\n\n\n<p>Podemos utilizar os seus dados pessoais para os seguintes fins:<\/p>\n\n\n\n<ul class=\"wp-block-list\">\n<li>Criar uma conta.<\/li>\n\n\n\n<li>Cumprir os seus pedidos de transac\u00e7\u00f5es ou servi\u00e7os, incluindo o cumprimento de encomendas; entregar, ativar ou verificar produtos ou servi\u00e7os; fornecer forma\u00e7\u00e3o e certifica\u00e7\u00e3o; gerir e processar exames de forma\u00e7\u00e3o e certifica\u00e7\u00e3o; participar em actividades no local ou virtuais; cumprir os seus pedidos de altera\u00e7\u00f5es ou fornecer-lhe as informa\u00e7\u00f5es solicitadas (tais como materiais de marketing para produtos e servi\u00e7os e livros brancos); e fornecer apoio t\u00e9cnico.<\/li>\n\n\n\n<li>Contact\u00e1-lo com o seu consentimento; enviar-lhe informa\u00e7\u00f5es sobre produtos e servi\u00e7os que lhe possam interessar; convid\u00e1-lo a participar em actividades da SOETECK (incluindo actividades promocionais), inqu\u00e9ritos de mercado ou inqu\u00e9ritos de satisfa\u00e7\u00e3o; ou enviar-lhe informa\u00e7\u00f5es de marketing. Se n\u00e3o desejar receber este tipo de informa\u00e7\u00e3o, pode optar por n\u00e3o receber em qualquer altura.<\/li>\n\n\n\n<li>Enviar-lhe avisos importantes, tais como instala\u00e7\u00f5es e actualiza\u00e7\u00f5es de sistemas operativos ou aplica\u00e7\u00f5es.<\/li>\n\n\n\n<li>Proporcionar-lhe uma experi\u00eancia de utilizador e conte\u00fados personalizados.<\/li>\n\n\n\n<li>Qualificar e gerir fornecedores e parceiros comerciais, e comunicar e\/ou colaborar com fornecedores e parceiros comerciais.<\/li>\n\n\n\n<li>Melhorar os nossos produtos e servi\u00e7os atrav\u00e9s de auditorias internas, an\u00e1lise de dados e investiga\u00e7\u00e3o.<\/li>\n\n\n\n<li>Analisar a efici\u00eancia das nossas opera\u00e7\u00f5es comerciais e avaliar a quota de mercado.<\/li>\n\n\n\n<li>Resolu\u00e7\u00e3o de problemas quando nos envia relat\u00f3rios de erros.<\/li>\n\n\n\n<li>Sincronizar, partilhar e armazenar os dados que carrega ou descarrega e os dados necess\u00e1rios para o carregamento e descarregamento.<\/li>\n\n\n\n<li>Garantir a seguran\u00e7a dos nossos produtos, servi\u00e7os e clientes ou utilizadores, executando e melhorando os nossos programas de preven\u00e7\u00e3o de perdas e anti-fraude.<\/li>\n\n\n\n<li>Cumprir e fazer cumprir os requisitos legais aplic\u00e1veis, as normas do sector e as nossas pol\u00edticas.<\/li>\n<\/ul>\n\n\n\n<p>A SOETECK pode tamb\u00e9m recolher e utilizar informa\u00e7\u00f5es n\u00e3o identific\u00e1veis pessoalmente (Non-PII). As informa\u00e7\u00f5es n\u00e3o pessoais s\u00e3o informa\u00e7\u00f5es que n\u00e3o podem ser usadas para identificar um indiv\u00edduo em particular. Por exemplo, a SOETECK ir\u00e1 recolher dados estat\u00edsticos, tais como o n\u00famero de visitas ao seu site. Recolhemos estes dados para compreender como os utilizadores utilizam os nossos sites, produtos e servi\u00e7os para que possamos melhorar os nossos servi\u00e7os e satisfazer melhor as suas necessidades. A SOETECK poder\u00e1 recolher, utilizar, processar, transferir ou divulgar dados n\u00e3o pessoais para outros fins, a seu crit\u00e9rio. Esfor\u00e7ar-nos-emos por isolar os seus dados pessoais dos n\u00e3o-PII e assegurar que os dois tipos de dados s\u00e3o utilizados separadamente. Se os dados pessoais forem combinados com dados que n\u00e3o sejam de identifica\u00e7\u00e3o pessoal, continuar\u00e3o a ser tratados como dados pessoais durante o processamento.<\/p>\n\n\n\n<p>A SOETECK processar\u00e1 os seus dados pessoais de acordo com os requisitos das leis aplic\u00e1veis numa base legal apropriada, incluindo<\/p>\n\n\n\n<ul class=\"wp-block-list\">\n<li>Processar os seus dados pessoais para cumprir o contrato ao responder a uma transa\u00e7\u00e3o ou pedido de servi\u00e7o;<\/li>\n\n\n\n<li>Processar os seus dados pessoais com o seu consentimento;<\/li>\n\n\n\n<li>Processamento para fins de melhoria do neg\u00f3cio e\/ou com base nos interesses leg\u00edtimos da SOETECK ou de terceiros, quando usamos os seus dados pessoais para o contactar, realizar marketing ou inqu\u00e9ritos de mercado, melhorar os nossos produtos e servi\u00e7os, executar e melhorar os nossos programas de preven\u00e7\u00e3o de perdas e anti-fraude, e outros fins. Os interesses leg\u00edtimos incluem permitir-nos gerir e operar o nosso neg\u00f3cio de forma mais eficaz e fornecer os nossos produtos e servi\u00e7os; proteger a seguran\u00e7a dos nossos neg\u00f3cios, sistemas, produtos, servi\u00e7os e clientes; gest\u00e3o interna; cumprir com as pol\u00edticas e processos internos; e outros interesses leg\u00edtimos descritos nesta pol\u00edtica;<\/li>\n\n\n\n<li>Processar os dados pessoais do utilizador na medida do necess\u00e1rio para cumprir e satisfazer obriga\u00e7\u00f5es legais.<\/li>\n<\/ul>\n\n\n\n<h2 class=\"wp-block-heading\" id=\"cookies\">2. Cookies e tecnologias semelhantes<\/h2>\n\n\n\n<h3 class=\"wp-block-heading\">2.1 Cookies<\/h3>\n\n\n\n<p>Para garantir que o nosso s\u00edtio Web funciona corretamente, podemos, por vezes, colocar no seu computador ou dispositivo m\u00f3vel um pequeno ficheiro de dados conhecido como cookie. Um cookie \u00e9 um ficheiro de texto armazenado por um servidor Web num computador ou dispositivo m\u00f3vel. O conte\u00fado de um cookie s\u00f3 pode ser recuperado ou lido pelo servidor que cria o cookie. O texto de um cookie \u00e9 frequentemente constitu\u00eddo por identificadores, nomes de s\u00edtios e alguns n\u00fameros e caracteres. Os cookies s\u00e3o exclusivos dos browsers ou das aplica\u00e7\u00f5es m\u00f3veis que utiliza e permitem que os s\u00edtios Web armazenem dados como as suas prefer\u00eancias ou os itens do seu carrinho de compras.<\/p>\n\n\n\n<p>Tal como muitos outros sites ou fornecedores de servi\u00e7os de Internet, a SOETECK utiliza cookies para melhorar a experi\u00eancia do utilizador. Os cookies de sess\u00e3o s\u00e3o eliminados ap\u00f3s cada visita, enquanto que os cookies persistentes permanecem em vigor em v\u00e1rias visitas. Os cookies permitem que os websites se lembrem das suas defini\u00e7\u00f5es, tais como o idioma, o tamanho da fonte no seu computador ou dispositivo m\u00f3vel, ou outras prefer\u00eancias do browser. Isto significa que um utilizador n\u00e3o precisa de redefinir as suas prefer\u00eancias em cada visita. Pelo contr\u00e1rio, se n\u00e3o forem utilizados cookies, os s\u00edtios Web trat\u00e1-lo-\u00e3o como um novo visitante sempre que carregar uma p\u00e1gina Web. Por exemplo, se for redireccionado para outra p\u00e1gina Web a partir de um s\u00edtio Web em que j\u00e1 tenha iniciado sess\u00e3o e depois voltar ao s\u00edtio Web original, este n\u00e3o o reconhecer\u00e1 e ter\u00e1 de iniciar sess\u00e3o novamente.<\/p>\n\n\n\n<p>A SOETECK n\u00e3o utilizar\u00e1 os cookies para outros fins que n\u00e3o os indicados nesta pol\u00edtica. Para mais detalhes sobre a nossa utiliza\u00e7\u00e3o de cookies, consulte o nosso Aviso de Cookies. Pode gerir ou eliminar os cookies com base nas suas pr\u00f3prias prefer\u00eancias. Pode apagar todos os cookies armazenados no seu computador e a maioria dos browsers oferece a op\u00e7\u00e3o de bloquear os cookies. No entanto, ao faz\u00ea-lo, ter\u00e1 de alterar as defini\u00e7\u00f5es do utilizador sempre que visitar o nosso s\u00edtio Web. Saiba como gerir as defini\u00e7\u00f5es de cookies do seu browser aqui:<\/p>\n\n\n\n<ul class=\"wp-block-list\">\n<li><a href=\"https:\/\/support.microsoft.com\/en-us\/help\/278835\/how-to-delete-cookie-files-in-internet-explorer\" target=\"_blank\" rel=\"noopener\">Internet Explorer<\/a><\/li>\n\n\n\n<li><a href=\"https:\/\/support.google.com\/chrome\/answer\/95647?hl=en\" target=\"_blank\" rel=\"noopener\">Google Chrome<\/a><\/li>\n\n\n\n<li><a href=\"https:\/\/support.mozilla.org\/en-US\/kb\/delete-cookies-remove-info-websites-stored\" target=\"_blank\" rel=\"noopener\">Mozilla Firefox<\/a><\/li>\n\n\n\n<li><a href=\"https:\/\/support.apple.com\/en-us\/HT201265\" target=\"_blank\" rel=\"noopener\">Safari<\/a><\/li>\n\n\n\n<li><a href=\"https:\/\/help.opera.com\/en\/latest\/web-preferences\/#cookies\" target=\"_blank\" rel=\"noopener\">\u00d3pera<\/a><\/li>\n<\/ul>\n\n\n\n<h3 class=\"wp-block-heading\">2.2 Web Beacons e Pixel Tags<\/h3>\n\n\n\n<p>Para al\u00e9m dos cookies, podemos tamb\u00e9m utilizar outras tecnologias semelhantes nos nossos sites, tais como web beacons e pixel tags. Por exemplo, quando recebe um e-mail da SOETECK, este pode conter um URL de clique que liga a uma p\u00e1gina web da SOETECK. Se clicar na hiperliga\u00e7\u00e3o, a SOETECK ir\u00e1 seguir a sua visita para nos ajudar a conhecer as suas prefer\u00eancias de produtos e servi\u00e7os e melhorar o nosso servi\u00e7o ao cliente. Um web beacon \u00e9 normalmente uma imagem gr\u00e1fica transparente incorporada num site ou num e-mail para identificar os cookies do seu dispositivo quando navega no site ou no e-mail. Podemos utilizar pixel tags em mensagens de correio eletr\u00f3nico para saber se uma mensagem foi aberta. Pode cancelar a subscri\u00e7\u00e3o da lista de correio eletr\u00f3nico da SOETECK a qualquer momento se n\u00e3o quiser ser rastreado desta forma.<\/p>\n\n\n\n<p>Ao utilizar o nosso s\u00edtio Web, o utilizador autoriza a utiliza\u00e7\u00e3o de cookies, web beacons e pixel tags, tal como descrito acima.<\/p>\n\n\n\n<h2 class=\"wp-block-heading\" id=\"disclose\">3. Como divulgamos os dados pessoais<\/h2>\n\n\n\n<p>A SOETECK partilha os seus dados pessoais com outros parceiros, conforme descrito nesta Pol\u00edtica, quando os servi\u00e7os s\u00e3o fornecidos por parceiros autorizados pela SOETECK. Por exemplo, quando efectua uma compra online na SOETECK, poder\u00e1 ser necess\u00e1rio partilharmos os seus dados pessoais com o fornecedor de log\u00edstica para organizar o envio ou com um parceiro para fornecer servi\u00e7os. Al\u00e9m disso, como uma empresa global, podemos partilhar os dados pessoais com os afiliados e subsidi\u00e1rias da SOETECK.<\/p>\n\n\n\n<p>Para cumprir com as leis aplic\u00e1veis e\/ou responder a procedimentos legais v\u00e1lidos, a SOETECK pode tamb\u00e9m revelar os seus dados pessoais \u00e0s for\u00e7as da lei e\/ou outras ag\u00eancias governamentais. Se a SOETECK estiver envolvida numa reestrutura\u00e7\u00e3o, fus\u00e3o e aquisi\u00e7\u00e3o, ou num processo de fal\u00eancia ou liquida\u00e7\u00e3o numa determinada jurisdi\u00e7\u00e3o, os seus dados pessoais podem ser divulgados em rela\u00e7\u00e3o \u00e0 transa\u00e7\u00e3o. A SOETECK pode tamb\u00e9m revelar os seus dados quando apropriado, por exemplo, para executar os Termos e Condi\u00e7\u00f5es, quando acreditamos que a revela\u00e7\u00e3o \u00e9 necess\u00e1ria ou apropriada para evitar danos f\u00edsicos ou perdas financeiras, ou quando est\u00e1 relacionada com uma investiga\u00e7\u00e3o de atividade ilegal suspeita ou real.<\/p>\n\n\n\n<h2 class=\"wp-block-heading\" id=\"access-control\">4. Como aceder e controlar os seus dados pessoais<\/h2>\n\n\n\n<p>\u00c9 da sua responsabilidade garantir que todos os dados pessoais submetidos \u00e0 SOETECK est\u00e3o corretos. A SOETECK dedica-se a manter a exatid\u00e3o e integridade dos dados pessoais e a manter os dados actualizados.<\/p>\n\n\n\n<p>Na medida do exigido pela legisla\u00e7\u00e3o aplic\u00e1vel, o utilizador pode (i) ter o direito de aceder a determinados dados pessoais que mantemos sobre si, (ii) solicitar que actualizemos ou corrijamos imprecis\u00f5es nesses dados, (iii) opor-se ou restringir a nossa utiliza\u00e7\u00e3o dos seus dados pessoais e (iv) solicitar-nos que eliminemos os seus dados pessoais da nossa base de dados. Para exercer estes direitos, por favor&nbsp;<a href=\"https:\/\/soeteck.com\/contact-us\/\">clique aqui<\/a>&nbsp;para dar a sua opini\u00e3o em linha. O seu pedido por escrito pode ser exigido por raz\u00f5es de seguran\u00e7a. Podemos recusar o pedido em conformidade com a legisla\u00e7\u00e3o aplic\u00e1vel.<\/p>\n\n\n\n<p>Se permitido pelas leis aplic\u00e1veis, tem o direito de retirar o seu consentimento em qualquer altura em que a SOETECK processe os seus dados pessoais com base no seu consentimento. No entanto, a retirada n\u00e3o afecta a legitimidade e efic\u00e1cia de como processamos os seus dados pessoais com base no seu consentimento antes da retirada ser feita; nem afecta qualquer processamento de dados com base noutra justifica\u00e7\u00e3o que n\u00e3o o seu consentimento.<\/p>\n\n\n\n<p>Para parceiros\/clientes em v\u00e1rias jurisdi\u00e7\u00f5es, a SOETECK est\u00e1 em conformidade com os regulamentos de prote\u00e7\u00e3o de dados locais aplic\u00e1veis que regem a recolha e o processamento de dados pessoais. Para obter informa\u00e7\u00f5es sobre as leis de prote\u00e7\u00e3o de dados de um pa\u00eds espec\u00edfico, consulte os recursos governamentais relevantes ou os sites das autoridades de prote\u00e7\u00e3o de dados.<\/p>\n\n\n\n<h2 class=\"wp-block-heading\" id=\"protect-retain\">5. Como protegemos e conservamos os seus dados pessoais<\/h2>\n\n\n\n<p>A seguran\u00e7a dos seus dados pessoais \u00e9 importante para n\u00f3s. Utilizamos medidas f\u00edsicas, de gest\u00e3o e t\u00e9cnicas adequadas para proteger os seus dados pessoais contra acesso n\u00e3o autorizado, divulga\u00e7\u00e3o, utiliza\u00e7\u00e3o, modifica\u00e7\u00e3o, danos ou perda. Por exemplo, utilizamos tecnologias criptogr\u00e1ficas para garantir a confidencialidade dos dados, mecanismos de prote\u00e7\u00e3o para evitar ataques e mecanismos de controlo de acesso para permitir apenas o acesso autorizado aos seus dados pessoais. Tamb\u00e9m damos forma\u00e7\u00e3o sobre seguran\u00e7a e prote\u00e7\u00e3o de privacidade aos funcion\u00e1rios para os sensibilizar para a prote\u00e7\u00e3o dos dados pessoais. A SOETECK est\u00e1 empenhada em proteger os seus dados pessoais; no entanto, tenha em aten\u00e7\u00e3o que nenhuma medida de seguran\u00e7a \u00e9 perfeita.<\/p>\n\n\n\n<p>Conservaremos as suas informa\u00e7\u00f5es pessoais apenas durante o per\u00edodo necess\u00e1rio para os fins indicados na presente pol\u00edtica, exceto se a lei exigir ou permitir a prorroga\u00e7\u00e3o do per\u00edodo de conserva\u00e7\u00e3o. O per\u00edodo de armazenamento dos dados pode variar consoante os cen\u00e1rios, produtos e servi\u00e7os. Os padr\u00f5es que a SOETECK utiliza para determinar o per\u00edodo de reten\u00e7\u00e3o incluem, mas n\u00e3o est\u00e3o limitados ao seguinte: o tempo necess\u00e1rio para reter os dados pessoais para cumprir os objectivos comerciais, incluindo o fornecimento de produtos e servi\u00e7os; manter os registos comerciais e de transac\u00e7\u00f5es correspondentes; controlar e melhorar o desempenho e a qualidade dos produtos e servi\u00e7os; garantir a seguran\u00e7a dos sistemas, produtos e servi\u00e7os; lidar com poss\u00edveis quest\u00f5es ou reclama\u00e7\u00f5es dos utilizadores e localizar problemas; se o utilizador concorda com um per\u00edodo de reten\u00e7\u00e3o mais longo; e se as leis, contratos e outros acordos t\u00eam requisitos especiais para a reten\u00e7\u00e3o de dados. Manteremos as suas informa\u00e7\u00f5es de registo enquanto a sua conta for necess\u00e1ria para a presta\u00e7\u00e3o de servi\u00e7os. O utilizador pode optar por cancelar o registo da sua conta. Depois de cancelar o registo da sua conta, deixaremos de lhe fornecer produtos e servi\u00e7os atrav\u00e9s da sua conta e eliminaremos os seus dados pessoais relevantes, desde que a elimina\u00e7\u00e3o n\u00e3o seja estipulada de outra forma por requisitos legais.<\/p>\n\n\n\n<h2 class=\"wp-block-heading\" id=\"children\">6. Como processamos os dados pessoais das crian\u00e7as<\/h2>\n\n\n\n<p>Os nossos sites, produtos e servi\u00e7os destinam-se principalmente a adultos. Uma crian\u00e7a n\u00e3o deve criar uma conta SOETECK sem o consentimento de um dos pais ou tutor. Se os dados pessoais de uma crian\u00e7a forem recolhidos com o consentimento pr\u00e9vio dos pais ou tutores dessa crian\u00e7a, apenas utilizaremos ou divulgaremos os dados conforme permitido por lei, com o consentimento expl\u00edcito dos pais ou tutores da crian\u00e7a, ou quando necess\u00e1rio para a prote\u00e7\u00e3o da crian\u00e7a. Se recolhermos inadvertidamente os dados pessoais de uma crian\u00e7a sem o consentimento pr\u00e9vio verificado do(s) pai(s) ou tutor(es) da crian\u00e7a, tentaremos eliminar os dados o mais rapidamente poss\u00edvel.<\/p>\n\n\n\n<h2 class=\"wp-block-heading\" id=\"third-party\">7. Fornecedores terceiros e respectivos servi\u00e7os<\/h2>\n\n\n\n<p>Para garantir uma experi\u00eancia de utilizador positiva, poder\u00e1 receber conte\u00fados ou liga\u00e7\u00f5es web de terceiros que n\u00e3o a SOETECK e os seus parceiros (\u201cterceiros\u201d). A SOETECK n\u00e3o tem o direito de controlar esses terceiros, mas o utilizador pode escolher se quer utilizar as liga\u00e7\u00f5es, ver o conte\u00fado e\/ou aceder aos produtos ou servi\u00e7os fornecidos por terceiros.<\/p>\n\n\n\n<p>A SOETECK n\u00e3o pode controlar as pr\u00e1ticas de privacidade e as pol\u00edticas de prote\u00e7\u00e3o de dados de terceiros que n\u00e3o est\u00e3o sujeitos a esta Pol\u00edtica. Quando submeter informa\u00e7\u00f5es pessoais a esses terceiros, por favor leia e consulte a pol\u00edtica de prote\u00e7\u00e3o de privacidade do terceiro.<\/p>\n\n\n\n<h2 class=\"wp-block-heading\" id=\"international-transfers\">8. Transfer\u00eancias internacionais dos seus dados pessoais<\/h2>\n\n\n\n<p>Adoptamos uma solu\u00e7\u00e3o de implementa\u00e7\u00e3o global distribu\u00edda para garantir que os seus dados pessoais recolhidos atrav\u00e9s do site oficial da SOETECK n\u00e3o envolvem transfer\u00eancias transfronteiri\u00e7as e s\u00e3o processados de acordo com esta Pol\u00edtica e leis aplic\u00e1veis. Se\/Quando visitar o site oficial da SOETECK atrav\u00e9s de um site ligado, por favor consulte a Declara\u00e7\u00e3o de Privacidade desse site. Se\/Quando criar ou modificar uma conta atrav\u00e9s do site oficial da SOETECK, por favor consulte a Declara\u00e7\u00e3o de Privacidade relativa \u00e0 gest\u00e3o da conta.<\/p>\n\n\n\n<h2 class=\"wp-block-heading\" id=\"updates\">9. Actualiza\u00e7\u00f5es da presente pol\u00edtica<\/h2>\n\n\n\n<p>A SOETECK reserva-se o direito de atualizar ou alterar esta Pol\u00edtica a qualquer momento. Iremos publicar a Pol\u00edtica de Privacidade mais recente nesta p\u00e1gina para quaisquer altera\u00e7\u00f5es. Se forem feitas altera\u00e7\u00f5es significativas \u00e0 Pol\u00edtica de Privacidade, poderemos notific\u00e1-lo atrav\u00e9s de diferentes canais, por exemplo, colocando um aviso no nosso site ou enviando-lhe uma notifica\u00e7\u00e3o direta.<\/p>\n\n\n\n<h2 class=\"wp-block-heading\" id=\"contact\">10. Como contactar-nos<\/h2>\n\n\n\n<p>Se tiver alguma reclama\u00e7\u00e3o ou problema de privacidade e quiser contactar o Respons\u00e1vel pela Prote\u00e7\u00e3o de Dados da SOETECK (DPO), por favor&nbsp;<a href=\"https:\/\/soeteck.com\/contact-us\/\">clique aqui<\/a>. Quando os seus dados pessoais s\u00e3o processados pela SOETECK de acordo com esta Pol\u00edtica de Privacidade, a entidade SOETECK que responde ao seu pedido, que o contacta, que lhe fornece produtos ou servi\u00e7os, ou que assinou ou est\u00e1 prestes a assinar um contrato consigo \u00e9 o controlador dos dados pessoais relacionados. Poder\u00e1&nbsp;<a href=\"https:\/\/soeteck.com\/contact-us\/\">clique aqui<\/a>&nbsp;para obter os contactos das entidades SOETECK.<\/p>","protected":false},"excerpt":{"rendered":"<p>SOETECK and its affiliates (collectively, \u201cSOETECK,\u201d \u201cwe,\u201d \u201cus,\u201d and \u201cour\u201d) respect your privacy. Please read the following to learn more about our Privacy Policy (\u201cthis Policy\u201d). This Policy applies to SOETECK websites, products, and services that display or provide links to this Policy. This Policy describes how SOETECK may generally process your personal data, but [&hellip;]<\/p>\n","protected":false},"author":2,"featured_media":0,"parent":0,"menu_order":0,"comment_status":"closed","ping_status":"closed","template":"","meta":{"_acf_changed":false,"pgc_sgb_lightbox_settings":"","footnotes":""},"class_list":["post-28304","page","type-page","status-publish","hentry"],"acf":[],"_links":{"self":[{"href":"https:\/\/soeteck.com\/pt\/wp-json\/wp\/v2\/pages\/28304","targetHints":{"allow":["GET"]}}],"collection":[{"href":"https:\/\/soeteck.com\/pt\/wp-json\/wp\/v2\/pages"}],"about":[{"href":"https:\/\/soeteck.com\/pt\/wp-json\/wp\/v2\/types\/page"}],"author":[{"embeddable":true,"href":"https:\/\/soeteck.com\/pt\/wp-json\/wp\/v2\/users\/2"}],"replies":[{"embeddable":true,"href":"https:\/\/soeteck.com\/pt\/wp-json\/wp\/v2\/comments?post=28304"}],"version-history":[{"count":3,"href":"https:\/\/soeteck.com\/pt\/wp-json\/wp\/v2\/pages\/28304\/revisions"}],"predecessor-version":[{"id":28358,"href":"https:\/\/soeteck.com\/pt\/wp-json\/wp\/v2\/pages\/28304\/revisions\/28358"}],"wp:attachment":[{"href":"https:\/\/soeteck.com\/pt\/wp-json\/wp\/v2\/media?parent=28304"}],"curies":[{"name":"wp","href":"https:\/\/api.w.org\/{rel}","templated":true}]}}