{"id":28306,"date":"2025-08-15T13:56:54","date_gmt":"2025-08-15T05:56:54","guid":{"rendered":"https:\/\/i6w5ng617y.onrocket.site\/?page_id=28306"},"modified":"2025-08-15T13:56:55","modified_gmt":"2025-08-15T05:56:55","slug":"terms-of-use","status":"publish","type":"page","link":"https:\/\/soeteck.com\/pt\/terms-of-use\/","title":{"rendered":"Termos de utiliza\u00e7\u00e3o"},"content":{"rendered":"<h2 class=\"wp-block-heading\">Aceita\u00e7\u00e3o das condi\u00e7\u00f5es<\/h2>\n\n\n\n<p>Ao aceder a este s\u00edtio Web, o utilizador compreende e aceita os seguintes termos. Se o utilizador n\u00e3o concordar com qualquer parte destes termos, deve sair imediatamente deste Website. Na medida m\u00e1xima permitida por lei, a HEFEI SHUYI DIGITAL POWER CO., LTD (doravante designada por \u201cn\u00f3s\u201d, \u201ca empresa\u201d ou \u201cnosso\u201d) reserva-se o direito de modificar estes Termos de Utiliza\u00e7\u00e3o em qualquer altura sem aviso pr\u00e9vio. O utilizador \u00e9 respons\u00e1vel por rever regularmente estes Termos de Utiliza\u00e7\u00e3o para quaisquer altera\u00e7\u00f5es. A sua utiliza\u00e7\u00e3o continuada do Website ap\u00f3s tais actualiza\u00e7\u00f5es constitui a aceita\u00e7\u00e3o dessas altera\u00e7\u00f5es. Em caso de viola\u00e7\u00e3o dos presentes Termos de Utiliza\u00e7\u00e3o, a nossa empresa reserva-se o direito de recorrer a medidas legais e equitativas.<\/p>\n\n\n\n<h2 class=\"wp-block-heading\">Conte\u00fado do s\u00edtio Web<\/h2>\n\n\n\n<p>O conte\u00fado de&nbsp;<a href=\"https:\/\/soeteck.com\/\">o s\u00edtio Web<\/a>&nbsp;incluem, mas n\u00e3o se limitam a, texto, imagens, dados, opini\u00f5es, sugest\u00f5es, p\u00e1ginas Web e liga\u00e7\u00f5es fornecidas no ou atrav\u00e9s do Website. Este Website e os seus conte\u00fados s\u00e3o disponibilizados apenas para sua conveni\u00eancia. Embora nos esforcemos por fornecer informa\u00e7\u00f5es exactas, n\u00e3o assumimos qualquer responsabilidade ou obriga\u00e7\u00e3o pela exatid\u00e3o ou integridade das informa\u00e7\u00f5es fornecidas. A nossa empresa pode alterar o conte\u00fado dispon\u00edvel neste s\u00edtio Web ou os produtos nele mencionados em qualquer altura sem aviso pr\u00e9vio.<\/p>\n\n\n\n<p>TODAS AS INFORMA\u00c7\u00d5ES NESTE S\u00cdTIO WEB S\u00c3O FORNECIDAS \u201cTAL COMO EST\u00c3O\u201d SEM QUAISQUER GARANTIAS OU REPRESENTA\u00c7\u00d5ES DE QUALQUER TIPO. POR ESTE MEIO, RENUNCIAMOS EXPRESSAMENTE, NA MEDIDA M\u00c1XIMA PERMITIDA POR LEI, A TODAS AS GARANTIAS EXPRESSAS, IMPL\u00cdCITAS, ESTATUT\u00c1RIAS OU OUTRAS, INCLUINDO MAS N\u00c3O SE LIMITANDO A GARANTIAS IMPL\u00cdCITAS DE COMERCIALIZA\u00c7\u00c3O, ADEQUA\u00c7\u00c3O A UM DETERMINADO FIM OU N\u00c3O INFRAC\u00c7\u00c3O.<\/p>\n\n\n\n<h2 class=\"wp-block-heading\">Conte\u00fado do software<\/h2>\n\n\n\n<p>A nossa empresa ou os seus licenciantes det\u00eam todos os direitos, incluindo os direitos de propriedade intelectual, de todo o software deste s\u00edtio Web, incluindo as formas fonte e bin\u00e1ria, c\u00f3digo de amostra, APIs, SDKs, documenta\u00e7\u00e3o associada e outros materiais relacionados (coletivamente designados por \u201cConte\u00fado do software\u201d).<\/p>\n\n\n\n<p>A menos que tenha adquirido a licen\u00e7a relevante atrav\u00e9s de outros acordos com a nossa empresa, nada nestes Termos de Utiliza\u00e7\u00e3o lhe concede quaisquer direitos ou licen\u00e7as sobre o Conte\u00fado do Software, e n\u00e3o o far\u00e1:<\/p>\n\n\n\n<ul class=\"wp-block-list\">\n<li>Fazer engenharia reversa, descompilar, desmontar, modificar, adaptar, implantar ou criar trabalhos derivados do Conte\u00fado do Software;<\/li>\n\n\n\n<li>Investigar a implementa\u00e7\u00e3o interna dos nossos produtos, adquirir o c\u00f3digo fonte do produto ou obter indevidamente direitos de propriedade intelectual de qualquer forma;<\/li>\n\n\n\n<li>Divulgar os resultados de eventuais testes de aferi\u00e7\u00e3o.<\/li>\n<\/ul>\n\n\n\n<h2 class=\"wp-block-heading\">A sua utiliza\u00e7\u00e3o do s\u00edtio Web<\/h2>\n\n\n\n<p>O utilizador n\u00e3o deve utilizar este Web site e\/ou os conte\u00fados nele contidos para quaisquer actividades ilegais ou de uma forma que viole as presentes Condi\u00e7\u00f5es de utiliza\u00e7\u00e3o, nem pode solicitar quaisquer actividades ilegais ou infringir os direitos da nossa empresa ou de terceiros.<\/p>\n\n\n\n<p>O utilizador n\u00e3o deve obter acesso n\u00e3o autorizado a qualquer sec\u00e7\u00e3o deste s\u00edtio Web ou a quaisquer servi\u00e7os prestados neste ou atrav\u00e9s deste s\u00edtio Web, nem a quaisquer outros sistemas ou redes ligados a qualquer servidor da empresa.<\/p>\n\n\n\n<p>O utilizador n\u00e3o tomar\u00e1 medidas que representem uma carga excessiva para este Website, incluindo, mas n\u00e3o se limitando \u00e0 sua infraestrutura, sistemas e redes.<\/p>\n\n\n\n<p>N\u00e3o dever\u00e1 obter, ou tentar obter, qualquer Conte\u00fado do Website atrav\u00e9s de meios n\u00e3o intencionalmente disponibilizados neste Website, nem utilizar qualquer processo manual ou autom\u00e1tico, dispositivo, programa, algoritmo ou m\u00e9todo para aceder, adquirir, copiar ou monitorizar qualquer parte ou conte\u00fado deste Website.<\/p>\n\n\n\n<p>O utilizador n\u00e3o deve testar a vulnerabilidade deste s\u00edtio Web ou de quaisquer redes a ele ligadas, atrav\u00e9s de varrimento ou outros meios, nem violar as medidas de seguran\u00e7a ou autentica\u00e7\u00e3o deste s\u00edtio Web e dos servi\u00e7os que oferece. N\u00e3o deve inverter a pesquisa, localizar ou tentar localizar quaisquer informa\u00e7\u00f5es de outros utilizadores ou visitantes do nosso Website.<\/p>\n\n\n\n<p>O utilizador n\u00e3o deve interferir ou tentar interferir com o funcionamento adequado deste Website ou com a utiliza\u00e7\u00e3o do Website por outros utilizadores, por quaisquer meios, incluindo a utiliza\u00e7\u00e3o de qualquer dispositivo, software ou programa.<\/p>\n\n\n\n<p>Ao utilizar este s\u00edtio Web e o seu conte\u00fado, o utilizador concorda em cumprir a legisla\u00e7\u00e3o aplic\u00e1vel e em defender a \u00e9tica social. O utilizador n\u00e3o deve utilizar este s\u00edtio Web para criar, ler, copiar ou divulgar informa\u00e7\u00f5es ilegais, infringir os direitos de terceiros ou perturbar a ordem social e minar a estabilidade social.<\/p>\n\n\n\n<p>Ao enviar coment\u00e1rios ou feedback no s\u00edtio Web oficial da nossa empresa, recolheremos os seus coment\u00e1rios ou feedback juntamente com o conte\u00fado que fornecer. O conte\u00fado que enviar n\u00e3o deve infringir os direitos de propriedade intelectual ou os interesses leg\u00edtimos de terceiros. Os indiv\u00edduos ou organiza\u00e7\u00f5es que considerem que qualquer conte\u00fado do nosso s\u00edtio Web oficial viola os seus direitos legais podem apresentar-nos uma queixa. Analisaremos as provas fornecidas na queixa e removeremos qualquer conte\u00fado que se confirme estar a infringir.<\/p>\n\n\n\n<h2 class=\"wp-block-heading\">Marcas registadas<\/h2>\n\n\n\n<p>Todas as marcas comerciais e log\u00f3tipos apresentados, mencionados ou de outra forma utilizados neste s\u00edtio Web s\u00e3o propriedade da nossa empresa ou dos seus licenciantes. O utilizador n\u00e3o est\u00e1 autorizado a utilizar nenhuma destas marcas comerciais ou log\u00f3tipos sem o consentimento pr\u00e9vio expl\u00edcito por escrito da nossa empresa ou desses licenciantes.<\/p>\n\n\n\n<h2 class=\"wp-block-heading\">Privacidade<\/h2>\n\n\n\n<p>O&nbsp;<a href=\"https:\/\/soeteck.com\/privacy-policy\/\">Pol\u00edtica de privacidade<\/a>&nbsp;da nossa empresa aplica-se \u00e0 utiliza\u00e7\u00e3o de informa\u00e7\u00f5es pessoais neste s\u00edtio Web ou atrav\u00e9s dele. Ao utilizar este s\u00edtio Web, o utilizador autoriza a utiliza\u00e7\u00e3o das suas informa\u00e7\u00f5es de acordo com a Pol\u00edtica de Privacidade.<\/p>\n\n\n\n<h2 class=\"wp-block-heading\">Contas e perfis de utilizador<\/h2>\n\n\n\n<p>Para aceder a este Web site ou para obter fun\u00e7\u00f5es ou servi\u00e7os espec\u00edficos, poder\u00e1 ser necess\u00e1rio criar uma conta, definir um perfil de utilizador ou transferir o nosso software. Poder\u00e3o aplicar-se termos ou requisitos adicionais para determinadas fun\u00e7\u00f5es ou servi\u00e7os. Em caso de discrep\u00e2ncia entre esses termos adicionais e as presentes Condi\u00e7\u00f5es de Utiliza\u00e7\u00e3o, os termos adicionais prevalecer\u00e3o para essas fun\u00e7\u00f5es ou servi\u00e7os espec\u00edficos.<\/p>\n\n\n\n<p>O utilizador n\u00e3o poder\u00e1 fazer-se passar por outra pessoa ou entidade nem falsificar a sua identidade para aceder a este S\u00edtio Web. Se qualquer parte do Website exigir que o utilizador crie uma conta ou um perfil de utilizador, as informa\u00e7\u00f5es fornecidas devem ser exactas e verdadeiras. O utilizador concorda em manter a seguran\u00e7a e a confidencialidade das informa\u00e7\u00f5es da sua conta e n\u00e3o permitir\u00e1 que outra pessoa aceda \u00e0 sua conta ou perfil utilizando o seu nome de utilizador ou palavra-passe; caso contr\u00e1rio, poder\u00e1 ser responsabilizado por quaisquer perdas incorridas pela nossa empresa ou por quaisquer outros utilizadores ou visitantes do Website.<\/p>\n\n\n\n<p>A nossa empresa reserva-se o direito, a seu exclusivo crit\u00e9rio, de rejeitar ou remover as suas mensagens, restringir, suspender ou terminar o seu acesso ao Website, e pode reter ou eliminar as suas informa\u00e7\u00f5es ou conte\u00fados na medida do permitido pela legisla\u00e7\u00e3o aplic\u00e1vel.<\/p>\n\n\n\n<h2 class=\"wp-block-heading\">Direitos de autor<\/h2>\n\n\n\n<p>Todos os conte\u00fados deste s\u00edtio Web est\u00e3o protegidos por direitos de autor da nossa empresa ou dos licenciantes aplic\u00e1veis, salvo indica\u00e7\u00e3o em contr\u00e1rio. Sem o consentimento pr\u00e9vio por escrito da nossa empresa ou de outras partes relevantes, o utilizador n\u00e3o pode reproduzir, modificar, promover, distribuir, fotocopiar, reproduzir, desmontar, efetuar engenharia inversa, descompilar, ligar ou transmitir com hiperliga\u00e7\u00f5es, carregar para outros servidores num formato de \u201cespelhamento\u201d, armazenar em sistemas de recupera\u00e7\u00e3o de informa\u00e7\u00f5es ou utilizar de outra forma qualquer conte\u00fado do s\u00edtio Web para qualquer fim, por qualquer pessoa e por qualquer meio.<\/p>\n\n\n\n<h2 class=\"wp-block-heading\">Disponibilidade do produto<\/h2>\n\n\n\n<p>A disponibilidade dos produtos e servi\u00e7os descritos neste Website, e as respectivas descri\u00e7\u00f5es, podem variar consoante o pa\u00eds ou a regi\u00e3o e podem incluir produtos ou servi\u00e7os n\u00e3o lan\u00e7ados no seu pa\u00eds ou regi\u00e3o. Consulte o seu representante ou agente de vendas local para obter informa\u00e7\u00f5es espec\u00edficas sobre produtos e\/ou servi\u00e7os.<\/p>\n\n\n\n<h2 class=\"wp-block-heading\">Liga\u00e7\u00f5es a terceiros<\/h2>\n\n\n\n<p>Embora este Web site possa conter liga\u00e7\u00f5es para Web sites de terceiros para sua conveni\u00eancia, a nossa empresa n\u00e3o \u00e9 respons\u00e1vel por qualquer conte\u00fado desses Web sites e rejeita expressamente qualquer responsabilidade relacionada com as suas visitas a esses Web sites. Poder\u00e1 ter de rever e concordar com os termos de utiliza\u00e7\u00e3o aplic\u00e1veis quando utilizar esses Web sites. Al\u00e9m disso, uma liga\u00e7\u00e3o a um s\u00edtio Web de terceiros n\u00e3o implica que a nossa empresa apoie esse s\u00edtio ou os produtos ou servi\u00e7os nele referidos.<\/p>\n\n\n\n<h2 class=\"wp-block-heading\">Limita\u00e7\u00e3o da responsabilidade<\/h2>\n\n\n\n<p>As informa\u00e7\u00f5es apresentadas neste s\u00edtio Web relativamente aos tipos de produtos e servi\u00e7os dispon\u00edveis podem diferir consoante o pa\u00eds, a regi\u00e3o e o ambiente. Por conseguinte, pode haver discrep\u00e2ncias entre as informa\u00e7\u00f5es sobre produtos e servi\u00e7os que v\u00ea neste Website e os produtos reais que compra ou que est\u00e3o dispon\u00edveis para venda no seu mercado.<\/p>\n\n\n\n<p>Nem a nossa empresa nem nenhuma das suas filiais, subsidi\u00e1rias, diretores, agentes, funcion\u00e1rios ou outros representantes ser\u00e3o respons\u00e1veis por quaisquer danos indirectos, especiais, acidentais, consequenciais, punitivos e\/ou exemplares resultantes de ou relacionados com este Website ou com a utiliza\u00e7\u00e3o ou incapacidade de utilizar este Website, mesmo que avisados da possibilidade de tais danos. Salvo acordo em contr\u00e1rio por escrito em qualquer contrato de venda, na medida m\u00e1xima permitida pela lei aplic\u00e1vel, a nossa empresa n\u00e3o ser\u00e1 respons\u00e1vel pelos materiais deste s\u00edtio Web, independentemente da causa da a\u00e7\u00e3o.<\/p>\n\n\n\n<h2 class=\"wp-block-heading\">Lei aplic\u00e1vel e resolu\u00e7\u00e3o de lit\u00edgios<\/h2>\n\n\n\n<p>O utilizador aceita que o seu acesso e todas as actividades relacionadas com este s\u00edtio Web sejam regidos pelas leis da jurisdi\u00e7\u00e3o em que a nossa empresa opera. O utilizador concorda que quaisquer lit\u00edgios decorrentes ou relacionados com as presentes Condi\u00e7\u00f5es de utiliza\u00e7\u00e3o e\/ou o seu acesso e todas as actividades neste ou atrav\u00e9s deste s\u00edtio Web ser\u00e3o resolvidos nos tribunais aplic\u00e1veis.<\/p>\n\n\n\n<h2 class=\"wp-block-heading\">Contactar-nos<\/h2>\n\n\n\n<p>Se tiver alguma d\u00favida ou preocupa\u00e7\u00e3o relativamente aos presentes Termos de Utiliza\u00e7\u00e3o, contacte-nos atrav\u00e9s do nosso&nbsp;<a href=\"https:\/\/soeteck.com\/contact-us\/\">Contactar-nos<\/a>&nbsp;p\u00e1gina.<\/p>","protected":false},"excerpt":{"rendered":"<p>Acceptance of Terms By accessing this Website, you understand and agree to the following terms. Should you disagree with any part of these terms, you must immediately exit this Website. To the fullest extent allowed by law, HEFEI SHUYI DIGITAL POWER CO., LTD (hereinafter referred to as \u201cwe,\u201d \u201cthe company,\u201d or \u201cour\u201d) retains the right [&hellip;]<\/p>\n","protected":false},"author":2,"featured_media":0,"parent":0,"menu_order":0,"comment_status":"closed","ping_status":"closed","template":"","meta":{"_acf_changed":false,"pgc_sgb_lightbox_settings":"","footnotes":""},"class_list":["post-28306","page","type-page","status-publish","hentry"],"acf":[],"_links":{"self":[{"href":"https:\/\/soeteck.com\/pt\/wp-json\/wp\/v2\/pages\/28306","targetHints":{"allow":["GET"]}}],"collection":[{"href":"https:\/\/soeteck.com\/pt\/wp-json\/wp\/v2\/pages"}],"about":[{"href":"https:\/\/soeteck.com\/pt\/wp-json\/wp\/v2\/types\/page"}],"author":[{"embeddable":true,"href":"https:\/\/soeteck.com\/pt\/wp-json\/wp\/v2\/users\/2"}],"replies":[{"embeddable":true,"href":"https:\/\/soeteck.com\/pt\/wp-json\/wp\/v2\/comments?post=28306"}],"version-history":[{"count":1,"href":"https:\/\/soeteck.com\/pt\/wp-json\/wp\/v2\/pages\/28306\/revisions"}],"predecessor-version":[{"id":28307,"href":"https:\/\/soeteck.com\/pt\/wp-json\/wp\/v2\/pages\/28306\/revisions\/28307"}],"wp:attachment":[{"href":"https:\/\/soeteck.com\/pt\/wp-json\/wp\/v2\/media?parent=28306"}],"curies":[{"name":"wp","href":"https:\/\/api.w.org\/{rel}","templated":true}]}}