{"id":32984,"date":"2025-10-16T10:52:35","date_gmt":"2025-10-16T02:52:35","guid":{"rendered":"https:\/\/i6w5ng617y.onrocket.site\/?post_type=product&#038;p=32984"},"modified":"2025-12-05T09:33:49","modified_gmt":"2025-12-05T01:33:49","slug":"soeteck-aicoolit-in-row-cdu-coolant-distribution-unit","status":"publish","type":"product","link":"https:\/\/soeteck.com\/pt\/products\/thermal-management\/liquid-cooling-solutions\/soeteck-aicoolit-in-row-cdu-coolant-distribution-unit\/","title":{"rendered":"Unidade de distribui\u00e7\u00e3o do l\u00edquido de refrigera\u00e7\u00e3o Soeteck AICoolit\u2122 In-Row CDU"},"content":{"rendered":"","protected":false},"excerpt":{"rendered":"","protected":false},"featured_media":32993,"menu_order":0,"template":"","meta":{"_acf_changed":false,"pgc_sgb_lightbox_settings":""},"product_brand":[797],"product_cat":[27,643,17],"product_tag":[849,850,846,809,788,84,862,68,847,790,795,789,72],"class_list":{"0":"post-32984","1":"product","2":"type-product","3":"status-publish","4":"has-post-thumbnail","6":"product_brand-aicoolit-series","7":"product_cat-liquid-cooling-solutions","8":"product_cat-products","9":"product_cat-thermal-management","10":"product_tag-100-500-kw","11":"product_tag-500-1000-kw","12":"product_tag-ai-training-clusters","13":"product_tag-aicoolit-cdu","14":"product_tag-cold-plate-cooling","15":"product_tag-colocation-hosting","16":"product_tag-coolant-distribution-units","17":"product_tag-data-center","18":"product_tag-edge-computing-nodes","19":"product_tag-immersion-cooling","20":"product_tag-in-row-level","21":"product_tag-spray-cooling","22":"product_tag-telecom","23":"pa_cooling_capacity-350kw","24":"pa_cooling_capacity-600kw","25":"pa_rated_power-11-6kw","26":"pa_rated_power-4-8kw","28":"first","29":"instock","30":"shipping-taxable","31":"product-type-variable"},"acf":[],"_links":{"self":[{"href":"https:\/\/soeteck.com\/pt\/wp-json\/wp\/v2\/product\/32984","targetHints":{"allow":["GET"]}}],"collection":[{"href":"https:\/\/soeteck.com\/pt\/wp-json\/wp\/v2\/product"}],"about":[{"href":"https:\/\/soeteck.com\/pt\/wp-json\/wp\/v2\/types\/product"}],"wp:featuredmedia":[{"embeddable":true,"href":"https:\/\/soeteck.com\/pt\/wp-json\/wp\/v2\/media\/32993"}],"wp:attachment":[{"href":"https:\/\/soeteck.com\/pt\/wp-json\/wp\/v2\/media?parent=32984"}],"wp:term":[{"taxonomy":"product_brand","embeddable":true,"href":"https:\/\/soeteck.com\/pt\/wp-json\/wp\/v2\/product_brand?post=32984"},{"taxonomy":"product_cat","embeddable":true,"href":"https:\/\/soeteck.com\/pt\/wp-json\/wp\/v2\/product_cat?post=32984"},{"taxonomy":"product_tag","embeddable":true,"href":"https:\/\/soeteck.com\/pt\/wp-json\/wp\/v2\/product_tag?post=32984"}],"curies":[{"name":"wp","href":"https:\/\/api.w.org\/{rel}","templated":true}]}}