{"id":33018,"date":"2025-10-21T11:32:23","date_gmt":"2025-10-21T03:32:23","guid":{"rendered":"https:\/\/i6w5ng617y.onrocket.site\/?post_type=product&#038;p=33018"},"modified":"2025-12-05T09:35:41","modified_gmt":"2025-12-05T01:35:41","slug":"soeteck-secondary-loop-for-liquid-cooling-solutions","status":"publish","type":"product","link":"https:\/\/soeteck.com\/pt\/products\/thermal-management\/liquid-cooling-solutions\/soeteck-secondary-loop-for-liquid-cooling-solutions\/","title":{"rendered":"Loop secund\u00e1rio Soeteck para solu\u00e7\u00f5es de arrefecimento de l\u00edquidos"},"content":{"rendered":"","protected":false},"excerpt":{"rendered":"","protected":false},"featured_media":33028,"menu_order":0,"template":"","meta":{"_acf_changed":false,"pgc_sgb_lightbox_settings":""},"product_brand":[797],"product_cat":[27,643,17],"product_tag":[128,846,788,84,68,847,790,863,794,789,72],"class_list":{"0":"post-33018","1":"product","2":"type-product","3":"status-publish","4":"has-post-thumbnail","6":"product_brand-aicoolit-series","7":"product_cat-liquid-cooling-solutions","8":"product_cat-products","9":"product_cat-thermal-management","10":"product_tag-accessories","11":"product_tag-ai-training-clusters","12":"product_tag-cold-plate-cooling","13":"product_tag-colocation-hosting","14":"product_tag-data-center","15":"product_tag-edge-computing-nodes","16":"product_tag-immersion-cooling","17":"product_tag-integrated-solutions","18":"product_tag-room-level","19":"product_tag-spray-cooling","20":"product_tag-telecom","22":"first","23":"instock","24":"shipping-taxable","25":"product-type-simple"},"acf":[],"_links":{"self":[{"href":"https:\/\/soeteck.com\/pt\/wp-json\/wp\/v2\/product\/33018","targetHints":{"allow":["GET"]}}],"collection":[{"href":"https:\/\/soeteck.com\/pt\/wp-json\/wp\/v2\/product"}],"about":[{"href":"https:\/\/soeteck.com\/pt\/wp-json\/wp\/v2\/types\/product"}],"wp:featuredmedia":[{"embeddable":true,"href":"https:\/\/soeteck.com\/pt\/wp-json\/wp\/v2\/media\/33028"}],"wp:attachment":[{"href":"https:\/\/soeteck.com\/pt\/wp-json\/wp\/v2\/media?parent=33018"}],"wp:term":[{"taxonomy":"product_brand","embeddable":true,"href":"https:\/\/soeteck.com\/pt\/wp-json\/wp\/v2\/product_brand?post=33018"},{"taxonomy":"product_cat","embeddable":true,"href":"https:\/\/soeteck.com\/pt\/wp-json\/wp\/v2\/product_cat?post=33018"},{"taxonomy":"product_tag","embeddable":true,"href":"https:\/\/soeteck.com\/pt\/wp-json\/wp\/v2\/product_tag?post=33018"}],"curies":[{"name":"wp","href":"https:\/\/api.w.org\/{rel}","templated":true}]}}