{"id":4856,"date":"2024-11-25T21:49:07","date_gmt":"2024-11-25T13:49:07","guid":{"rendered":"https:\/\/i6w5ng617y.onrocket.site\/uncategorized\/soeteck-sts-series-rack-mount-static-transfer-switch-1u-10-16-32a\/"},"modified":"2025-09-22T23:40:25","modified_gmt":"2025-09-22T15:40:25","slug":"soeteck-sts-series-rack-mount-static-transfer-switch-1u-10-16-32a","status":"publish","type":"product","link":"https:\/\/soeteck.com\/pt\/products\/critical-power\/static-transfer-switches\/soeteck-sts-series-rack-mount-static-transfer-switch-1u-10-16-32a\/","title":{"rendered":"Interruptor de transfer\u00eancia est\u00e1tico de montagem em bastidor Soeteck 1U, 10\/16\/32A"},"content":{"rendered":"<p>O <strong>Interruptor de transfer\u00eancia est\u00e1tico de montagem em bastidor da s\u00e9rie STS da SOETECK<\/strong> est\u00e1 dispon\u00edvel em <strong>10A, 16A e 32A<\/strong> modelos, cada um concebido para satisfazer requisitos de pot\u00eancia espec\u00edficos. Todos os modelos incluem um <strong>Tempo de transfer\u00eancia t\u00edpico de 6 ms<\/strong>, garantindo um funcionamento ininterrupto atrav\u00e9s da comuta\u00e7\u00e3o perfeita entre duas fontes de alimenta\u00e7\u00e3o independentes.<\/p>\n<p>O <strong>Modelo 10A<\/strong> \u00e9 ideal para aplica\u00e7\u00f5es de baixa pot\u00eancia, equipado com <strong>2\u00d7entradas IEC C14<\/strong> e <strong>7\u00d7Sa\u00eddas IEC 10A<\/strong>. O <strong>Modelo 16A<\/strong> oferece um maior manuseamento de pot\u00eancia, com <strong>2\u00d7entradas IEC C20<\/strong> e uma combina\u00e7\u00e3o de <strong>8\u00d7Sa\u00eddas IEC C13 e 1\u00d7Sa\u00eddas IEC C19<\/strong>, tornando-o adequado para servidores de gama m\u00e9dia e aplica\u00e7\u00f5es de telecomunica\u00e7\u00f5es. O <strong>Modelo 32A<\/strong>, concebido para instala\u00e7\u00f5es de alta pot\u00eancia, utiliza <strong>bloco de terminais de entrada e sa\u00edda<\/strong> proporcionando uma distribui\u00e7\u00e3o de energia fi\u00e1vel para configura\u00e7\u00f5es de n\u00edvel industrial.<\/p>\n<p>Cada modelo inclui um <strong>Ecr\u00e3 LCD<\/strong> para monitoriza\u00e7\u00e3o em tempo real e um <strong>Interface de comunica\u00e7\u00e3o RS485<\/strong> para gest\u00e3o remota. Totalmente <strong>Conformidade com IEC\/EN e certifica\u00e7\u00e3o CE<\/strong>, o <strong>S\u00e9rie SOETECK STS<\/strong> oferece uma solu\u00e7\u00e3o de comuta\u00e7\u00e3o de energia robusta e escal\u00e1vel para infra-estruturas modernas de miss\u00e3o cr\u00edtica.<\/p>","protected":false},"excerpt":{"rendered":"<p>O <strong>Interruptor de transfer\u00eancia est\u00e1tico SOETECK 1U 10\/16\/32A<\/strong>\u00a0\u00e9 uma solu\u00e7\u00e3o de transfer\u00eancia de energia altamente fi\u00e1vel concebida para <strong>miss\u00e3o cr\u00edtica<\/strong>\u00a0que requerem uma redund\u00e2ncia de energia sem falhas.<\/p>","protected":false},"featured_media":27226,"menu_order":0,"template":"","meta":{"_acf_changed":false,"pgc_sgb_lightbox_settings":""},"product_brand":[694],"product_cat":[23,16,643],"product_tag":[106,109,107,68,70,71,69,72],"class_list":{"0":"post-4856","1":"product","2":"type-product","3":"status-publish","4":"has-post-thumbnail","6":"product_brand-sts-series","7":"product_cat-static-transfer-switches","8":"product_cat-critical-power","9":"product_cat-products","10":"product_tag-10-50-a","11":"product_tag-200-240-v","12":"product_tag-50-100-a","13":"product_tag-data-center","14":"product_tag-industrial","15":"product_tag-medical","16":"product_tag-small-computer-room","17":"product_tag-telecom","18":"pa_communication_interface-rs-485","19":"pa_input_voltage_range-200-240v-configurable","20":"pa_rated_current-10a","21":"pa_rated_current-16a","22":"pa_rated_current-32a","23":"pa_transfer_time-typical-6ms","25":"first","26":"instock","27":"shipping-taxable","28":"product-type-variable"},"acf":[],"_links":{"self":[{"href":"https:\/\/soeteck.com\/pt\/wp-json\/wp\/v2\/product\/4856","targetHints":{"allow":["GET"]}}],"collection":[{"href":"https:\/\/soeteck.com\/pt\/wp-json\/wp\/v2\/product"}],"about":[{"href":"https:\/\/soeteck.com\/pt\/wp-json\/wp\/v2\/types\/product"}],"wp:featuredmedia":[{"embeddable":true,"href":"https:\/\/soeteck.com\/pt\/wp-json\/wp\/v2\/media\/27226"}],"wp:attachment":[{"href":"https:\/\/soeteck.com\/pt\/wp-json\/wp\/v2\/media?parent=4856"}],"wp:term":[{"taxonomy":"product_brand","embeddable":true,"href":"https:\/\/soeteck.com\/pt\/wp-json\/wp\/v2\/product_brand?post=4856"},{"taxonomy":"product_cat","embeddable":true,"href":"https:\/\/soeteck.com\/pt\/wp-json\/wp\/v2\/product_cat?post=4856"},{"taxonomy":"product_tag","embeddable":true,"href":"https:\/\/soeteck.com\/pt\/wp-json\/wp\/v2\/product_tag?post=4856"}],"curies":[{"name":"wp","href":"https:\/\/api.w.org\/{rel}","templated":true}]}}