{"id":8079,"date":"2024-12-11T00:51:16","date_gmt":"2024-12-10T16:51:16","guid":{"rendered":"https:\/\/i6w5ng617y.onrocket.site\/uncategorized\/soeteck-sy-li-series-48v-lithium-iron-phosphate-battery\/"},"modified":"2025-08-18T17:00:50","modified_gmt":"2025-08-18T09:00:50","slug":"soeteck-sy-li-series-48v-lithium-iron-phosphate-battery","status":"publish","type":"product","link":"https:\/\/soeteck.com\/pt\/products\/critical-power\/battery\/soeteck-sy-li-series-48v-lithium-iron-phosphate-battery\/","title":{"rendered":"Bateria de fosfato de ferro e l\u00edtio (LiFePO4) de 48V da s\u00e9rie SY-LI da SOETECK para substitui\u00e7\u00e3o da bateria de chumbo-\u00e1cido"},"content":{"rendered":"","protected":false},"excerpt":{"rendered":"","protected":false},"featured_media":27311,"menu_order":0,"template":"","meta":{"_acf_changed":false,"pgc_sgb_lightbox_settings":""},"product_brand":[],"product_cat":[26,16,643],"product_tag":[117,118,115,73,84,68,70,74,111,56,71,69,72],"class_list":{"0":"post-8079","1":"product","2":"type-product","3":"status-publish","4":"has-post-thumbnail","6":"product_cat-battery","7":"product_cat-critical-power","8":"product_cat-products","9":"product_tag-0-100-ah","10":"product_tag-100-200-ah","11":"product_tag-48v","12":"product_tag-banking-finance","13":"product_tag-colocation-hosting","14":"product_tag-data-center","15":"product_tag-industrial","16":"product_tag-lab-research","17":"product_tag-lifep04","18":"product_tag-lithium-iron-phosphate-battery","19":"product_tag-medical","20":"product_tag-small-computer-room","21":"product_tag-telecom","22":"pa_nominal_voltage-48v","23":"pa_rated_capacity-100ah","25":"first","26":"instock","27":"shipping-taxable","28":"product-type-variable"},"acf":[],"_links":{"self":[{"href":"https:\/\/soeteck.com\/pt\/wp-json\/wp\/v2\/product\/8079","targetHints":{"allow":["GET"]}}],"collection":[{"href":"https:\/\/soeteck.com\/pt\/wp-json\/wp\/v2\/product"}],"about":[{"href":"https:\/\/soeteck.com\/pt\/wp-json\/wp\/v2\/types\/product"}],"wp:featuredmedia":[{"embeddable":true,"href":"https:\/\/soeteck.com\/pt\/wp-json\/wp\/v2\/media\/27311"}],"wp:attachment":[{"href":"https:\/\/soeteck.com\/pt\/wp-json\/wp\/v2\/media?parent=8079"}],"wp:term":[{"taxonomy":"product_brand","embeddable":true,"href":"https:\/\/soeteck.com\/pt\/wp-json\/wp\/v2\/product_brand?post=8079"},{"taxonomy":"product_cat","embeddable":true,"href":"https:\/\/soeteck.com\/pt\/wp-json\/wp\/v2\/product_cat?post=8079"},{"taxonomy":"product_tag","embeddable":true,"href":"https:\/\/soeteck.com\/pt\/wp-json\/wp\/v2\/product_tag?post=8079"}],"curies":[{"name":"wp","href":"https:\/\/api.w.org\/{rel}","templated":true}]}}