{"id":8472,"date":"2025-01-06T18:03:46","date_gmt":"2025-01-06T10:03:46","guid":{"rendered":"https:\/\/i6w5ng617y.onrocket.site\/uncategorized\/soeteck-edgex-series-dc-powered-thermosiphon-unit-for-outdoor-cabinets\/"},"modified":"2025-08-11T16:17:57","modified_gmt":"2025-08-11T08:17:57","slug":"soeteck-edgex-series-dc-powered-thermosiphon-unit-for-outdoor-cabinets","status":"publish","type":"product","link":"https:\/\/soeteck.com\/pt\/products\/thermal-management\/telecom-enclosure-air-conditioner\/soeteck-edgex-series-dc-powered-thermosiphon-unit-for-outdoor-cabinets\/","title":{"rendered":"Unidade de termossif\u00e3o alimentada por CC da s\u00e9rie EdgeX da SOETECK para arm\u00e1rios exteriores"},"content":{"rendered":"","protected":false},"excerpt":{"rendered":"","protected":false},"featured_media":27401,"menu_order":0,"template":"","meta":{"_acf_changed":false,"pgc_sgb_lightbox_settings":""},"product_brand":[701],"product_cat":[36,643,17],"product_tag":[123,68,122,69,72],"class_list":{"0":"post-8472","1":"product","2":"type-product","3":"status-publish","4":"has-post-thumbnail","6":"product_brand-eagex-series","7":"product_cat-telecom-enclosure-air-conditioner","8":"product_cat-products","9":"product_cat-thermal-management","10":"product_tag-0-300-w","11":"product_tag-data-center","12":"product_tag-dc","13":"product_tag-small-computer-room","14":"product_tag-telecom","15":"pa_cooling_capacity-120w","16":"pa_cooling_capacity-80w","17":"pa_ip_rating-ip55","18":"pa_operating_temperature-40c-55c","19":"pa_power_consumption-120w","20":"pa_power_consumption-72-5w","22":"first","23":"instock","24":"shipping-taxable","25":"product-type-variable"},"acf":[],"_links":{"self":[{"href":"https:\/\/soeteck.com\/pt\/wp-json\/wp\/v2\/product\/8472","targetHints":{"allow":["GET"]}}],"collection":[{"href":"https:\/\/soeteck.com\/pt\/wp-json\/wp\/v2\/product"}],"about":[{"href":"https:\/\/soeteck.com\/pt\/wp-json\/wp\/v2\/types\/product"}],"wp:featuredmedia":[{"embeddable":true,"href":"https:\/\/soeteck.com\/pt\/wp-json\/wp\/v2\/media\/27401"}],"wp:attachment":[{"href":"https:\/\/soeteck.com\/pt\/wp-json\/wp\/v2\/media?parent=8472"}],"wp:term":[{"taxonomy":"product_brand","embeddable":true,"href":"https:\/\/soeteck.com\/pt\/wp-json\/wp\/v2\/product_brand?post=8472"},{"taxonomy":"product_cat","embeddable":true,"href":"https:\/\/soeteck.com\/pt\/wp-json\/wp\/v2\/product_cat?post=8472"},{"taxonomy":"product_tag","embeddable":true,"href":"https:\/\/soeteck.com\/pt\/wp-json\/wp\/v2\/product_tag?post=8472"}],"curies":[{"name":"wp","href":"https:\/\/api.w.org\/{rel}","templated":true}]}}